{"id":965,"date":"2023-10-07T13:12:49","date_gmt":"2023-10-07T19:12:49","guid":{"rendered":"https:\/\/integralginehn.com\/?page_id=965"},"modified":"2023-10-07T15:00:54","modified_gmt":"2023-10-07T21:00:54","slug":"endocrinologia","status":"publish","type":"page","link":"https:\/\/integralginehn.com\/index.php\/endocrinologia\/","title":{"rendered":"S\u00edndrome de Ovario Poliqu\u00edstico"},"content":{"rendered":"\n<div class=\"wp-block-stackable-text stk-block-text stk-block stk-88d8958\" data-block-id=\"88d8958\"><style>.stk-88d8958 .stk-block-text__text{font-size:30px !important;font-family:\"Raleway\",Sans-serif !important}@media screen and (max-width:999px){.stk-88d8958 .stk-block-text__text{font-size:30px !important}}<\/style><p class=\"stk-block-text__text has-text-align-center\"><strong><span style=\"color: var(--paletteColor1, #165F8C);\" class=\"stk-highlight\"> Preguntas y respuestas sobre el s\u00edndrome de ovario poliqu\u00edstico <\/span><\/strong><\/p><\/div>\n\n\n\n<div class=\"wp-block-stackable-text stk-block-text stk-block stk-f3305d9\" data-block-id=\"f3305d9\"><style>.stk-f3305d9 .stk-block-text__text{font-size:21px !important;font-family:\"Raleway\",Sans-serif !important}@media screen and (max-width:999px){.stk-f3305d9 .stk-block-text__text{font-size:21px !important}}<\/style><p class=\"stk-block-text__text\"><span style=\"color: var(--paletteColor1, #165F8C);\" class=\"stk-highlight\"><strong>\u00bfQu\u00e9 causa el s\u00edndrome de ovario poliqu\u00edstico? <\/strong><\/span><\/p><\/div>\n\n\n\n<div class=\"wp-block-stackable-text stk-block-text stk-block stk-fd3dac9\" data-block-id=\"fd3dac9\"><style>.stk-fd3dac9 .stk-block-text__text{font-family:\"Raleway\",Sans-serif !important}<\/style><p class=\"stk-block-text__text\"><span style=\"color: var(--paletteColor4, #000000);\" class=\"stk-highlight\">Se desconoce la causa precisa del s\u00edndrome de ovario poliqu\u00edstico, pero existen factores que parecen contribuir a su desarrollo. A menudo existe un v\u00ednculo gen\u00e9tico y una paciente con s\u00edndrome de ovario poliqu\u00edstico puede tener una madre o una hermana con la enfermedad. Las infecciones sist\u00e9micas de bajo grado estimulan la actividad poliqu\u00edstica en los ovarios. Las pacientes con resistencia a la insulina y un exceso de insulina en la sangre tambi\u00e9n pueden tener un mayor riesgo de s\u00edndrome de ovario poliqu\u00edstico. Cuando los ovarios son estimulados de cualquiera de estas formas, aumenta la producci\u00f3n de hormonas masculinas, lo que interfiere con la ovulaci\u00f3n.  <\/span><\/p><\/div>\n\n\n\n<div class=\"wp-block-stackable-text stk-block-text stk-block stk-b55dcb5\" data-block-id=\"b55dcb5\"><style>.stk-b55dcb5 .stk-block-text__text{font-size:21px !important;font-family:\"Raleway\",Sans-serif !important}@media screen and (max-width:999px){.stk-b55dcb5 .stk-block-text__text{font-size:21px !important}}<\/style><p class=\"stk-block-text__text\"><strong><span style=\"color: var(--paletteColor1, #165F8C);\" class=\"stk-highlight\">\u00bfCu\u00e1les son los s\u00edntomas del s\u00edndrome de ovario poliqu\u00edstico? <\/span><\/strong><\/p><\/div>\n\n\n\n<div class=\"wp-block-stackable-text stk-block-text stk-block stk-7385117\" data-block-id=\"7385117\"><style>.stk-7385117 .stk-block-text__text{font-family:\"Raleway\",Sans-serif !important}<\/style><p class=\"stk-block-text__text\"><span style=\"color: var(--paletteColor4, #000000);\" class=\"stk-highlight\">Si una mujer es susceptible al s\u00edndrome de ovario poliqu\u00edstico, los s\u00edntomas suelen comenzar una vez que comienza a tener per\u00edodos menstruales. Ocasionalmente, los s\u00edntomas se desarrollan en a\u00f1os posteriores, como en respuesta a un aumento de peso significativo. Por lo general, dos de los siguientes s\u00edntomas pueden indicar s\u00edndrome de ovario poliqu\u00edstico: <\/span><\/p><\/div>\n\n\n\n<div class=\"wp-block-stackable-text stk-block-text stk-block stk-dc46c79\" data-block-id=\"dc46c79\"><style>.stk-dc46c79 .stk-block-text__text{font-family:\"Raleway\",Sans-serif !important}<\/style><p class=\"stk-block-text__text\">&#8211;<span style=\"color: var(--paletteColor4, #000000);\" class=\"stk-highlight\">Per\u00edodos irregulares: condiciones tales como intervalos menstruales que exceden los 35 d\u00edas, menos de 8 ciclos por a\u00f1o, per\u00edodos prolongados de flujo ligero o abundante, cuatro meses o m\u00e1s sin menstruar. <\/span><\/p><\/div>\n\n\n\n<div class=\"wp-block-stackable-text stk-block-text stk-block stk-ec92054\" data-block-id=\"ec92054\"><style>.stk-ec92054 .stk-block-text__text{font-family:\"Raleway\",Sans-serif !important}<\/style><p class=\"stk-block-text__text\"><span style=\"color: var(--paletteColor4, #000000);\" class=\"stk-highlight\">Niveles altos de andr\u00f3genos: el exceso de hormonas masculinas puede generar exceso de vello facial y corporal, p\u00e9rdida de cabello de patr\u00f3n masculino y acn\u00e9. <\/span><\/p><\/div>\n\n\n\n<div class=\"wp-block-stackable-text stk-block-text stk-block stk-81b327a\" data-block-id=\"81b327a\"><style>.stk-81b327a .stk-block-text__text{font-family:\"Raleway\",Sans-serif !important}<\/style><p class=\"stk-block-text__text\"><span style=\"color: var(--paletteColor4, #000000);\" class=\"stk-highlight\">Ovarios agrandados debido a quistes llenos de l\u00edquido que rodean los \u00f3vulos <\/span><\/p><\/div>\n\n\n\n<div class=\"wp-block-stackable-text stk-block-text stk-block stk-b3490e6\" data-block-id=\"b3490e6\"><style>.stk-b3490e6 .stk-block-text__text{font-family:\"Raleway\",Sans-serif !important}<\/style><p class=\"stk-block-text__text\"><span style=\"color: var(--paletteColor4, #000000);\" class=\"stk-highlight\">El s\u00edndrome de ovario poliqu\u00edstico suele afectar a cada mujer de forma ligeramente diferente y los s\u00edntomas asociados con el s\u00edndrome de ovario poliqu\u00edstico suelen ser m\u00e1s graves con el aumento de peso y la obesidad. <\/span><\/p><\/div>\n\n\n\n<div class=\"wp-block-stackable-text stk-block-text stk-block stk-51166a1\" data-block-id=\"51166a1\"><style>.stk-51166a1 .stk-block-text__text{font-size:21px !important;font-family:\"Raleway\",Sans-serif !important}@media screen and (max-width:999px){.stk-51166a1 .stk-block-text__text{font-size:21px !important}}<\/style><p class=\"stk-block-text__text\"><strong><span style=\"color: var(--paletteColor1, #165F8C);\" class=\"stk-highlight\">\u00bfC\u00f3mo se trata el s\u00edndrome de ovario poliqu\u00edstico? <\/span><\/strong><\/p><\/div>\n\n\n\n<div class=\"wp-block-stackable-text stk-block-text stk-block stk-9b29a9c\" data-block-id=\"9b29a9c\"><style>.stk-9b29a9c .stk-block-text__text{font-family:\"Raleway\",Sans-serif !important}<\/style><p class=\"stk-block-text__text\"><span style=\"color: var(--paletteColor4, #000000);\" class=\"stk-highlight\">El tratamiento suele centrarse en los s\u00edntomas predominantes que experimenta la mujer, ya que estos var\u00edan mucho de un caso a otro. Cuando el peso es un factor, los cambios en el estilo de vida para incluir una mayor actividad f\u00edsica y una reducci\u00f3n de la ingesta de calor\u00edas generalmente alivian los s\u00edntomas. Incluso peque\u00f1os cambios en el peso corporal pueden mejorar la condici\u00f3n del paciente. <\/span><\/p><\/div>\n\n\n\n<div class=\"wp-block-stackable-text stk-block-text stk-block stk-6539033\" data-block-id=\"6539033\"><style>.stk-6539033 .stk-block-text__text{font-family:\"Raleway\",Sans-serif !important}<\/style><p class=\"stk-block-text__text\"><span style=\"color: var(--paletteColor4, #000000);\" class=\"stk-highlight\">Puede ayudar a regular el ciclo menstrual con medicamentos, como p\u00edldoras anticonceptivas que contienen estr\u00f3geno y progestina y ayudan a disminuir la producci\u00f3n de andr\u00f3genos. La terapia con progesterona regula el ciclo menstrual, pero no previene el embarazo ni reduce los niveles de andr\u00f3genos. El crecimiento excesivo de cabello tambi\u00e9n puede tratarse como una afecci\u00f3n separada.<\/span><\/p><\/div>\n\n\n\n<div class=\"wp-block-stackable-text stk-block-text stk-block stk-f733164\" data-block-id=\"f733164\"><p class=\"stk-block-text__text\"><\/p><\/div>\n\n\n\n<div class=\"wp-block-stackable-columns alignfull stk-block-columns stk-block stk-1277b19 stk-block-background stk--has-background-overlay\" data-block-id=\"1277b19\"><style>.stk-1277b19{background-color:#ffffff !important;padding-top:0px !important;padding-right:0px !important;padding-bottom:0px !important;padding-left:0px !important;margin-bottom:0px !important}.stk-1277b19:before{background-image:linear-gradient(180deg,#ffffff 55%,var(--paletteColor4,#102136) 55%) !important}<\/style><div class=\"stk-row stk-inner-blocks stk-block-content stk-content-align stk-1277b19-column\">\n<div class=\"wp-block-stackable-column stk-block-column stk-column stk-block stk-421c103 stk-block-background stk--has-background-overlay\" data-v=\"4\" data-block-id=\"421c103\"><style>.stk-421c103-container{margin-top:0px !important;margin-right:0px !important;margin-bottom:0px !important;margin-left:0px !important}.stk-421c103{background-color:var(--paletteColor1,#165F8C) !important;background-image:url(http:\/\/integralginehn.com\/wp-content\/uploads\/2023\/09\/telechargement.webp) !important;border-radius:10px !important;overflow:hidden !important;padding-top:100px !important;padding-right:300px !important;padding-bottom:100px !important;padding-left:300px !important}.stk-421c103:before{background-color:var(--paletteColor1,#165F8C) !important;opacity:0.5 !important}@media screen and (max-width:999px){.stk-421c103{padding-top:80px !important;padding-right:150px !important;padding-bottom:80px !important;padding-left:150px !important}}@media screen and (max-width:689px){.stk-421c103{padding-top:60px !important;padding-right:50px !important;padding-bottom:60px !important;padding-left:50px !important}}<\/style><div class=\"stk-column-wrapper stk-block-column__content stk-container stk-421c103-container stk--no-background stk--no-padding\"><div class=\"has-text-align-center stk-block-content stk-inner-blocks stk-421c103-inner-blocks\">\n<div class=\"wp-block-stackable-heading stk-block-heading stk-block-heading--v2 stk-block stk-01439a9\" id=\"es-hora-de-revisarte\" data-block-id=\"01439a9\"><style>.stk-01439a9{margin-bottom:10px !important}.stk-01439a9 .stk-block-heading__text{color:var(--paletteColor8,#ffffff) !important;font-weight:800 !important}@media screen and (max-width:689px){.stk-01439a9 .stk-block-heading__text{font-size:25px !important}}<\/style><h2 class=\"stk-block-heading__text has-text-color stk-block-heading--use-theme-margins\">Es Hora de Revisarte!<\/h2><\/div>\n\n\n\n<p><strong>\u00abTe invitamos a descubrir Integral GINE, donde tu salud es nuestra prioridad. \u00a1Esperamos verte pronto para cuidar de ti!\u00bb<\/strong><\/p>\n\n\n\n<div class=\"wp-block-stackable-button-group stk-block-button-group stk-block stk-29bed1e\" data-block-id=\"29bed1e\"><div class=\"stk-row stk-inner-blocks stk-block-content stk-button-group\">\n<div class=\"wp-block-stackable-button stk-block-button stk-block stk-d2d4ac2\" data-block-id=\"d2d4ac2\"><style>.stk-d2d4ac2 .stk-button{padding-top:12px !important;padding-right:30px !important;padding-bottom:12px !important;padding-left:30px !important;background:var(--paletteColor1,#165F8C) !important}.stk-d2d4ac2 .stk-button__inner-text{font-family:\"Raleway\",Sans-serif !important}<\/style><a class=\"stk-link stk-button stk--hover-effect-darken\" href=\"https:\/\/integralginehn.com\/index.php\/contacto\/\"><span class=\"stk-button__inner-text\"><strong>Agenda una Cita<\/strong><\/span><\/a><\/div>\n<\/div><\/div>\n<\/div><\/div><\/div>\n<\/div><\/div>\n","protected":false},"excerpt":{"rendered":"<p>Preguntas y respuestas sobre el s\u00edndrome de ovario poliqu\u00edstico \u00bfQu\u00e9 causa el s\u00edndrome de ovario poliqu\u00edstico? Se desconoce la causa precisa del s\u00edndrome de ovario poliqu\u00edstico, pero existen factores que parecen contribuir a su desarrollo. A menudo existe un v\u00ednculo gen\u00e9tico y una paciente con s\u00edndrome de ovario poliqu\u00edstico puede tener una madre o una [&hellip;]<\/p>\n","protected":false},"author":1,"featured_media":0,"parent":0,"menu_order":0,"comment_status":"closed","ping_status":"closed","template":"","meta":{"footnotes":""},"blocksy_meta":"","_links":{"self":[{"href":"https:\/\/integralginehn.com\/index.php\/wp-json\/wp\/v2\/pages\/965"}],"collection":[{"href":"https:\/\/integralginehn.com\/index.php\/wp-json\/wp\/v2\/pages"}],"about":[{"href":"https:\/\/integralginehn.com\/index.php\/wp-json\/wp\/v2\/types\/page"}],"author":[{"embeddable":true,"href":"https:\/\/integralginehn.com\/index.php\/wp-json\/wp\/v2\/users\/1"}],"replies":[{"embeddable":true,"href":"https:\/\/integralginehn.com\/index.php\/wp-json\/wp\/v2\/comments?post=965"}],"version-history":[{"count":3,"href":"https:\/\/integralginehn.com\/index.php\/wp-json\/wp\/v2\/pages\/965\/revisions"}],"predecessor-version":[{"id":1013,"href":"https:\/\/integralginehn.com\/index.php\/wp-json\/wp\/v2\/pages\/965\/revisions\/1013"}],"wp:attachment":[{"href":"https:\/\/integralginehn.com\/index.php\/wp-json\/wp\/v2\/media?parent=965"}],"curies":[{"name":"wp","href":"https:\/\/api.w.org\/{rel}","templated":true}]}}