{"id":963,"date":"2023-10-07T13:12:26","date_gmt":"2023-10-07T19:12:26","guid":{"rendered":"https:\/\/integralginehn.com\/?page_id=963"},"modified":"2023-10-07T17:11:55","modified_gmt":"2023-10-07T23:11:55","slug":"cirugias","status":"publish","type":"page","link":"https:\/\/integralginehn.com\/index.php\/cirugias\/","title":{"rendered":"Cirug\u00edas en el Consultorio"},"content":{"rendered":"\n<div class=\"wp-block-stackable-columns stk-block-columns stk-block stk-96cf5f2\" data-block-id=\"96cf5f2\"><div class=\"stk-row stk-inner-blocks stk-block-content stk-content-align stk-96cf5f2-column\">\n<div class=\"wp-block-stackable-column stk-block-column stk-column stk-block stk-d33495a\" data-v=\"4\" data-block-id=\"d33495a\"><div class=\"stk-column-wrapper stk-block-column__content stk-container stk-d33495a-container stk--no-background stk--no-padding\"><div class=\"stk-block-content stk-inner-blocks stk-d33495a-inner-blocks\">\n<div class=\"wp-block-stackable-text stk-block-text stk-block stk-1a9c882\" data-block-id=\"1a9c882\"><style>.stk-1a9c882 .stk-block-text__text{font-size:30px !important;font-family:\"Raleway\",Sans-serif !important}@media screen and (max-width:999px){.stk-1a9c882 .stk-block-text__text{font-size:30px !important}}<\/style><p class=\"stk-block-text__text has-text-align-center\"><span style=\"color: var(--paletteColor1, #165F8C);\" class=\"stk-highlight\"><strong>Preguntas y respuestas sobre cirug\u00eda en el consultorio <\/strong><\/span><\/p><\/div>\n\n\n\n<div class=\"wp-block-stackable-text stk-block-text stk-block stk-7c12071\" data-block-id=\"7c12071\"><style>.stk-7c12071 .stk-block-text__text{font-size:21px !important;font-family:\"Raleway\",Sans-serif !important}@media screen and (max-width:999px){.stk-7c12071 .stk-block-text__text{font-size:21px !important}}<\/style><p class=\"stk-block-text__text\"><strong><span style=\"color: var(--paletteColor1, #165F8C);\" class=\"stk-highlight\">\u00bfEs segura la cirug\u00eda en el consultorio? <\/span><\/strong><\/p><\/div>\n\n\n\n<div class=\"wp-block-stackable-text stk-block-text stk-block stk-860cc85\" data-block-id=\"860cc85\"><style>.stk-860cc85 .stk-block-text__text{font-family:\"Raleway\",Sans-serif !important}<\/style><p class=\"stk-block-text__text\"><span style=\"color: var(--paletteColor4, #000000);\" class=\"stk-highlight\">La cirug\u00eda en el consultorio representa un cambio en el lugar de servicio para el tratamiento, lo que proporciona ahorros para el sistema de atenci\u00f3n m\u00e9dica, mayor comodidad para el paciente y una mejor gesti\u00f3n del tiempo y conveniencia para los m\u00e9dicos. Muchos procedimientos ginecol\u00f3gicos suelen ser seguros, ya que, para empezar, muchos son m\u00ednimamente invasivos y tienen una larga historia de pr\u00e1ctica, lo que proporciona una amplia base de experiencia pr\u00e1ctica. Estos se adaptan naturalmente al entorno del consultorio quir\u00fargico. <\/span><\/p><\/div>\n\n\n\n<div class=\"wp-block-stackable-text stk-block-text stk-block stk-43e6402\" data-block-id=\"43e6402\"><style>.stk-43e6402 .stk-block-text__text{font-size:21px !important;font-family:\"Raleway\",Sans-serif !important}@media screen and (max-width:999px){.stk-43e6402 .stk-block-text__text{font-size:21px !important}}<\/style><p class=\"stk-block-text__text\"><strong><span style=\"color: var(--paletteColor1, #165F8C);\" class=\"stk-highlight\">\u00bfQu\u00e9 procedimientos realiza <\/span><\/strong><span style=\"color: var(--paletteColor1, #165F8C);\" class=\"stk-highlight\"><strong>Integral GINE<\/strong><\/span><strong><span style=\"color: var(--paletteColor1, #165F8C);\" class=\"stk-highlight\"> en el consultorio? <\/span><\/strong><\/p><\/div>\n\n\n\n<div class=\"wp-block-stackable-text stk-block-text stk-block stk-2cfcd0c\" data-block-id=\"2cfcd0c\"><style>.stk-2cfcd0c .stk-block-text__text{font-family:\"Raleway\",Sans-serif !important}<\/style><p class=\"stk-block-text__text\"><span style=\"color: var(--paletteColor4, #000000);\" class=\"stk-highlight\">Aspiraci\u00f3n Manual Endo-Uterina (AMEU): este procedimiento extrae tejido del interior del \u00fatero. Ocasionalmente, se usa para tratar el sangrado menstrual abundante, as\u00ed como para limpiar el revestimiento del \u00fatero despu\u00e9s de un aborto o un aborto espont\u00e1neo. El cuello uterino se ensancha con medicamentos o instrumentos peque\u00f1os, y un instrumento llamado canula extrae tejido uterino. <\/span><\/p><\/div>\n\n\n\n<div class=\"wp-block-stackable-text stk-block-text stk-block stk-afab051\" data-block-id=\"afab051\"><style>.stk-afab051 .stk-block-text__text{font-size:21px !important;font-family:\"Raleway\",Sans-serif !important}@media screen and (max-width:999px){.stk-afab051 .stk-block-text__text{font-size:21px !important}}<\/style><p class=\"stk-block-text__text\"><strong><span style=\"color: var(--paletteColor1, #165F8C);\" class=\"stk-highlight\">\u00bfSe realizan otros procedimientos no quir\u00fargicos en el consultorio? <\/span><\/strong><\/p><\/div>\n\n\n\n<div class=\"wp-block-stackable-text stk-block-text stk-block stk-abe084b\" data-block-id=\"abe084b\"><style>.stk-abe084b .stk-block-text__text{font-family:\"Raleway\",Sans-serif !important}<\/style><p class=\"stk-block-text__text\"><span style=\"color: var(--paletteColor4, #000000);\" class=\"stk-highlight\">S\u00ed. <span style=\"color: var(--paletteColor1, #165F8C);\" class=\"stk-highlight\"><strong>Integral GINE<\/strong><\/span><\/span> <span style=\"color: var(--paletteColor4, #000000);\" class=\"stk-highlight\">realiza procedimientos ginecol\u00f3gicos m\u00e1s t\u00edpicos, como: colposcopia, Biopsia del endometrio, Inserci\u00f3n y extracci\u00f3n del DIU, Inserci\u00f3n y extracci\u00f3n de Implante subd\u00e9rmico, Biopsias de mama as\u00ed como procedimientos est\u00e9ticos, como la labioplastia<\/span><\/p><\/div>\n<\/div><\/div><\/div>\n<\/div><\/div>\n\n\n\n<div class=\"wp-block-stackable-columns alignfull stk-block-columns stk-block stk-1277b19 stk-block-background stk--has-background-overlay\" data-block-id=\"1277b19\"><style>.stk-1277b19{background-color:#ffffff !important;padding-top:0px !important;padding-right:0px !important;padding-bottom:0px !important;padding-left:0px !important;margin-bottom:0px !important}.stk-1277b19:before{background-image:linear-gradient(180deg,#ffffff 55%,var(--paletteColor4,#102136) 55%) !important}<\/style><div class=\"stk-row stk-inner-blocks stk-block-content stk-content-align stk-1277b19-column\">\n<div class=\"wp-block-stackable-column stk-block-column stk-column stk-block stk-421c103 stk-block-background stk--has-background-overlay\" data-v=\"4\" data-block-id=\"421c103\"><style>.stk-421c103-container{margin-top:0px !important;margin-right:0px !important;margin-bottom:0px !important;margin-left:0px !important}.stk-421c103{background-color:var(--paletteColor1,#165F8C) !important;background-image:url(http:\/\/integralginehn.com\/wp-content\/uploads\/2023\/09\/telechargement.webp) !important;border-radius:10px !important;overflow:hidden !important;padding-top:100px !important;padding-right:300px !important;padding-bottom:100px !important;padding-left:300px !important}.stk-421c103:before{background-color:var(--paletteColor1,#165F8C) !important;opacity:0.5 !important}@media screen and (max-width:999px){.stk-421c103{padding-top:80px !important;padding-right:150px !important;padding-bottom:80px !important;padding-left:150px !important}}@media screen and (max-width:689px){.stk-421c103{padding-top:60px !important;padding-right:50px !important;padding-bottom:60px !important;padding-left:50px !important}}<\/style><div class=\"stk-column-wrapper stk-block-column__content stk-container stk-421c103-container stk--no-background stk--no-padding\"><div class=\"has-text-align-center stk-block-content stk-inner-blocks stk-421c103-inner-blocks\">\n<div class=\"wp-block-stackable-heading stk-block-heading stk-block-heading--v2 stk-block stk-01439a9\" id=\"es-hora-de-revisarte\" data-block-id=\"01439a9\"><style>.stk-01439a9{margin-bottom:10px !important}.stk-01439a9 .stk-block-heading__text{color:var(--paletteColor8,#ffffff) !important;font-weight:800 !important}@media screen and (max-width:689px){.stk-01439a9 .stk-block-heading__text{font-size:25px !important}}<\/style><h2 class=\"stk-block-heading__text has-text-color stk-block-heading--use-theme-margins\">Es Hora de Revisarte!<\/h2><\/div>\n\n\n\n<p><strong>\u00abTe invitamos a descubrir Integral GINE, donde tu salud es nuestra prioridad. \u00a1Esperamos verte pronto para cuidar de ti!\u00bb<\/strong><\/p>\n\n\n\n<div class=\"wp-block-stackable-button-group stk-block-button-group stk-block stk-29bed1e\" data-block-id=\"29bed1e\"><div class=\"stk-row stk-inner-blocks stk-block-content stk-button-group\">\n<div class=\"wp-block-stackable-button stk-block-button stk-block stk-d2d4ac2\" data-block-id=\"d2d4ac2\"><style>.stk-d2d4ac2 .stk-button{padding-top:12px !important;padding-right:30px !important;padding-bottom:12px !important;padding-left:30px !important;background:var(--paletteColor1,#165F8C) !important}.stk-d2d4ac2 .stk-button__inner-text{font-family:\"Raleway\",Sans-serif !important}<\/style><a class=\"stk-link stk-button stk--hover-effect-darken\" href=\"https:\/\/integralginehn.com\/index.php\/contacto\/\"><span class=\"stk-button__inner-text\"><strong>Agenda una Cita<\/strong><\/span><\/a><\/div>\n<\/div><\/div>\n<\/div><\/div><\/div>\n<\/div><\/div>\n","protected":false},"excerpt":{"rendered":"<p>Preguntas y respuestas sobre cirug\u00eda en el consultorio \u00bfEs segura la cirug\u00eda en el consultorio? La cirug\u00eda en el consultorio representa un cambio en el lugar de servicio para el tratamiento, lo que proporciona ahorros para el sistema de atenci\u00f3n m\u00e9dica, mayor comodidad para el paciente y una mejor gesti\u00f3n del tiempo y conveniencia para [&hellip;]<\/p>\n","protected":false},"author":1,"featured_media":0,"parent":0,"menu_order":0,"comment_status":"closed","ping_status":"closed","template":"","meta":{"footnotes":""},"blocksy_meta":"","_links":{"self":[{"href":"https:\/\/integralginehn.com\/index.php\/wp-json\/wp\/v2\/pages\/963"}],"collection":[{"href":"https:\/\/integralginehn.com\/index.php\/wp-json\/wp\/v2\/pages"}],"about":[{"href":"https:\/\/integralginehn.com\/index.php\/wp-json\/wp\/v2\/types\/page"}],"author":[{"embeddable":true,"href":"https:\/\/integralginehn.com\/index.php\/wp-json\/wp\/v2\/users\/1"}],"replies":[{"embeddable":true,"href":"https:\/\/integralginehn.com\/index.php\/wp-json\/wp\/v2\/comments?post=963"}],"version-history":[{"count":4,"href":"https:\/\/integralginehn.com\/index.php\/wp-json\/wp\/v2\/pages\/963\/revisions"}],"predecessor-version":[{"id":1044,"href":"https:\/\/integralginehn.com\/index.php\/wp-json\/wp\/v2\/pages\/963\/revisions\/1044"}],"wp:attachment":[{"href":"https:\/\/integralginehn.com\/index.php\/wp-json\/wp\/v2\/media?parent=963"}],"curies":[{"name":"wp","href":"https:\/\/api.w.org\/{rel}","templated":true}]}}