{"id":961,"date":"2023-10-07T13:11:39","date_gmt":"2023-10-07T19:11:39","guid":{"rendered":"https:\/\/integralginehn.com\/?page_id=961"},"modified":"2023-10-07T15:37:50","modified_gmt":"2023-10-07T21:37:50","slug":"ultrasonidos","status":"publish","type":"page","link":"https:\/\/integralginehn.com\/index.php\/ultrasonidos\/","title":{"rendered":"Ultrasonidos"},"content":{"rendered":"\n<div class=\"wp-block-stackable-text stk-block-text stk-block stk-8d17bd6\" data-block-id=\"8d17bd6\"><style>.stk-8d17bd6 .stk-block-text__text{font-size:30px !important;font-family:\"Raleway\",Sans-serif !important}@media screen and (max-width:999px){.stk-8d17bd6 .stk-block-text__text{font-size:30px !important}}<\/style><p class=\"stk-block-text__text has-text-align-center\"><strong><span style=\"color: var(--paletteColor1, #165F8C);\" class=\"stk-highlight\">Preguntas y respuestas sobre ultrasonidos <\/span><\/strong><\/p><\/div>\n\n\n\n<div class=\"wp-block-stackable-text stk-block-text stk-block stk-526c484\" data-block-id=\"526c484\"><style>.stk-526c484 .stk-block-text__text{font-size:21px !important;font-family:\"Raleway\",Sans-serif !important}@media screen and (max-width:999px){.stk-526c484 .stk-block-text__text{font-size:21px !important}}<\/style><p class=\"stk-block-text__text\"><strong><span style=\"color: var(--paletteColor1, #165F8C);\" class=\"stk-highlight\">\u00bfC\u00f3mo funcionan las ecograf\u00edas? <\/span><\/strong><\/p><\/div>\n\n\n\n<div class=\"wp-block-stackable-text stk-block-text stk-block stk-ef0cd52\" data-block-id=\"ef0cd52\"><style>.stk-ef0cd52 .stk-block-text__text{font-family:\"Raleway\",Sans-serif !important}<\/style><p class=\"stk-block-text__text\"><span style=\"color: #000000;\" class=\"stk-highlight\">El ultrasonido utiliza ecos de ondas sonoras de alta frecuencia para crear im\u00e1genes de las condiciones internas del cuerpo. El transductor de ultrasonido env\u00eda y recibe ondas sonoras, que luego se convierten en una imagen, bas\u00e1ndose en las m\u00ednimas diferencias de tiempo en las ondas reflejadas. Las ondas no son invasivas y no presentan ning\u00fan tipo de radiaci\u00f3n, como lo hacen los rayos X. Por lo general, no hay preparaci\u00f3n para una prueba de ultrasonido, aunque es posible que le pidan que venga a la prueba con la vejiga llena para algunas ecograf\u00edas o que evite alimentos y bebidas para otras. No hay dolor ni molestias durante una prueba de ultrasonido aparte de la presi\u00f3n del transductor, que suele ser m\u00ednima, aunque escanear un \u00e1rea particularmente sensible puede causar molestias. <\/span><\/p><\/div>\n\n\n\n<div class=\"wp-block-stackable-text stk-block-text stk-block stk-87e9dcd\" data-block-id=\"87e9dcd\"><style>.stk-87e9dcd .stk-block-text__text{font-family:\"Raleway\",Sans-serif !important}<\/style><p class=\"stk-block-text__text\"><strong><span style=\"color: var(--paletteColor1, #165F8C);\" class=\"stk-highlight\">\u00bfPor qu\u00e9 se hacen las ecograf\u00edas fetales? <\/span><\/strong><\/p><\/div>\n\n\n\n<div class=\"wp-block-stackable-text stk-block-text stk-block stk-24e43c3\" data-block-id=\"24e43c3\"><style>.stk-24e43c3 .stk-block-text__text{font-family:\"Raleway\",Sans-serif !important}<\/style><p class=\"stk-block-text__text\"><span style=\"color: #000000;\" class=\"stk-highlight\">Durante el primer trimestre, la ecograf\u00eda eval\u00faa el estado inicial del embarazo, confirmando la presencia, tama\u00f1o y n\u00famero de fetos. Es posible realizar un examen gen\u00e9tico ecogr\u00e1fico y se examinan el \u00fatero y el cuello uterino de la madre para detectar anomal\u00edas. Se comprueba la anatom\u00eda fetal a las 18-20 semanas, se comprueba la anatom\u00eda fetal y la progresi\u00f3n del embarazo. Se pueden realizar ecograf\u00edas adicionales m\u00e1s adelante si hay condiciones que deben controlarse, como el crecimiento fetal y el volumen de l\u00edquido amni\u00f3tico. <\/span><\/p><\/div>\n\n\n\n<div class=\"wp-block-stackable-text stk-block-text stk-block stk-7440005\" data-block-id=\"7440005\"><style>.stk-7440005 .stk-block-text__text{font-family:\"Raleway\",Sans-serif !important}<\/style><p class=\"stk-block-text__text\"><strong><span style=\"color: var(--paletteColor1, #165F8C);\" class=\"stk-highlight\">\u00bfDe qu\u00e9 otra manera se utilizan las ecograf\u00edas? <\/span><\/strong><\/p><\/div>\n\n\n\n<div class=\"wp-block-stackable-text stk-block-text stk-block stk-6e0f5d0\" data-block-id=\"6e0f5d0\"><style>.stk-6e0f5d0 .stk-block-text__text{font-family:\"Raleway\",Sans-serif !important}<\/style><p class=\"stk-block-text__text\"><span style=\"color: #000000;\" class=\"stk-highlight\">Los ultrasonidos permiten ver los \u00f3rganos reproductivos en la pelvis de una mujer. Los ovarios, el cuello uterino, el \u00fatero y las trompas de Falopio se pueden observar mediante im\u00e1genes de ultrasonido. Los \u00f3rganos s\u00f3lidos, como los ovarios y el \u00fatero, as\u00ed como los \u00f3rganos llenos de l\u00edquido, como la vejiga, se muestran claramente en las ecograf\u00edas p\u00e9lvicas. <\/span><\/p><\/div>\n\n\n\n<div class=\"wp-block-stackable-text stk-block-text stk-block stk-b723f38\" data-block-id=\"b723f38\"><style>.stk-b723f38 .stk-block-text__text{font-family:\"Raleway\",Sans-serif !important}<\/style><p class=\"stk-block-text__text\"><span style=\"color: #000000;\" class=\"stk-highlight\">Las ecograf\u00edas transabdominales y transvaginales se utilizan para obtener im\u00e1genes de un embarazo o de los \u00f3rganos reproductivos. Los transductores transabdominales leen a trav\u00e9s del abdomen, la t\u00edpica ecograf\u00eda del embarazo. Se insertan transductores transvaginales en la vagina para crear im\u00e1genes. Este tipo de ecograf\u00eda se puede utilizar para comprobar problemas espec\u00edficos durante el embarazo o para ayudar a diagnosticar diversos problemas ginecol\u00f3gicos.<\/span><\/p><\/div>\n\n\n\n<div class=\"wp-block-stackable-columns alignfull stk-block-columns stk-block stk-1277b19 stk-block-background stk--has-background-overlay\" data-block-id=\"1277b19\"><style>.stk-1277b19{background-color:#ffffff !important;padding-top:0px !important;padding-right:0px !important;padding-bottom:0px !important;padding-left:0px !important;margin-bottom:0px !important}.stk-1277b19:before{background-image:linear-gradient(180deg,#ffffff 55%,var(--paletteColor4,#102136) 55%) !important}<\/style><div class=\"stk-row stk-inner-blocks stk-block-content stk-content-align stk-1277b19-column\">\n<div class=\"wp-block-stackable-column stk-block-column stk-column stk-block stk-421c103 stk-block-background stk--has-background-overlay\" data-v=\"4\" data-block-id=\"421c103\"><style>.stk-421c103-container{margin-top:0px !important;margin-right:0px !important;margin-bottom:0px !important;margin-left:0px !important}.stk-421c103{background-color:var(--paletteColor1,#165F8C) !important;background-image:url(http:\/\/integralginehn.com\/wp-content\/uploads\/2023\/09\/telechargement.webp) !important;border-radius:10px !important;overflow:hidden !important;padding-top:100px !important;padding-right:300px !important;padding-bottom:100px !important;padding-left:300px !important}.stk-421c103:before{background-color:var(--paletteColor1,#165F8C) !important;opacity:0.5 !important}@media screen and (max-width:999px){.stk-421c103{padding-top:80px !important;padding-right:150px !important;padding-bottom:80px !important;padding-left:150px !important}}@media screen and (max-width:689px){.stk-421c103{padding-top:60px !important;padding-right:50px !important;padding-bottom:60px !important;padding-left:50px !important}}<\/style><div class=\"stk-column-wrapper stk-block-column__content stk-container stk-421c103-container stk--no-background stk--no-padding\"><div class=\"has-text-align-center stk-block-content stk-inner-blocks stk-421c103-inner-blocks\">\n<div class=\"wp-block-stackable-heading stk-block-heading stk-block-heading--v2 stk-block stk-01439a9\" id=\"es-hora-de-revisarte\" data-block-id=\"01439a9\"><style>.stk-01439a9{margin-bottom:10px !important}.stk-01439a9 .stk-block-heading__text{color:var(--paletteColor8,#ffffff) !important;font-weight:800 !important}@media screen and (max-width:689px){.stk-01439a9 .stk-block-heading__text{font-size:25px !important}}<\/style><h2 class=\"stk-block-heading__text has-text-color stk-block-heading--use-theme-margins\">Es Hora de Revisarte!<\/h2><\/div>\n\n\n\n<p><strong>\u00abTe invitamos a descubrir Integral GINE, donde tu salud es nuestra prioridad. \u00a1Esperamos verte pronto para cuidar de ti!\u00bb<\/strong><\/p>\n\n\n\n<div class=\"wp-block-stackable-button-group stk-block-button-group stk-block stk-29bed1e\" data-block-id=\"29bed1e\"><div class=\"stk-row stk-inner-blocks stk-block-content stk-button-group\">\n<div class=\"wp-block-stackable-button stk-block-button stk-block stk-d2d4ac2\" data-block-id=\"d2d4ac2\"><style>.stk-d2d4ac2 .stk-button{padding-top:12px !important;padding-right:30px !important;padding-bottom:12px !important;padding-left:30px !important;background:var(--paletteColor1,#165F8C) !important}.stk-d2d4ac2 .stk-button__inner-text{font-family:\"Raleway\",Sans-serif !important}<\/style><a class=\"stk-link stk-button stk--hover-effect-darken\" href=\"https:\/\/integralginehn.com\/index.php\/contacto\/\"><span class=\"stk-button__inner-text\"><strong>Agenda una Cita<\/strong><\/span><\/a><\/div>\n<\/div><\/div>\n<\/div><\/div><\/div>\n<\/div><\/div>\n","protected":false},"excerpt":{"rendered":"<p>Preguntas y respuestas sobre ultrasonidos \u00bfC\u00f3mo funcionan las ecograf\u00edas? El ultrasonido utiliza ecos de ondas sonoras de alta frecuencia para crear im\u00e1genes de las condiciones internas del cuerpo. El transductor de ultrasonido env\u00eda y recibe ondas sonoras, que luego se convierten en una imagen, bas\u00e1ndose en las m\u00ednimas diferencias de tiempo en las ondas reflejadas. [&hellip;]<\/p>\n","protected":false},"author":1,"featured_media":0,"parent":0,"menu_order":0,"comment_status":"closed","ping_status":"closed","template":"","meta":{"footnotes":""},"blocksy_meta":"","_links":{"self":[{"href":"https:\/\/integralginehn.com\/index.php\/wp-json\/wp\/v2\/pages\/961"}],"collection":[{"href":"https:\/\/integralginehn.com\/index.php\/wp-json\/wp\/v2\/pages"}],"about":[{"href":"https:\/\/integralginehn.com\/index.php\/wp-json\/wp\/v2\/types\/page"}],"author":[{"embeddable":true,"href":"https:\/\/integralginehn.com\/index.php\/wp-json\/wp\/v2\/users\/1"}],"replies":[{"embeddable":true,"href":"https:\/\/integralginehn.com\/index.php\/wp-json\/wp\/v2\/comments?post=961"}],"version-history":[{"count":3,"href":"https:\/\/integralginehn.com\/index.php\/wp-json\/wp\/v2\/pages\/961\/revisions"}],"predecessor-version":[{"id":1028,"href":"https:\/\/integralginehn.com\/index.php\/wp-json\/wp\/v2\/pages\/961\/revisions\/1028"}],"wp:attachment":[{"href":"https:\/\/integralginehn.com\/index.php\/wp-json\/wp\/v2\/media?parent=961"}],"curies":[{"name":"wp","href":"https:\/\/api.w.org\/{rel}","templated":true}]}}