{"id":959,"date":"2023-10-07T13:11:04","date_gmt":"2023-10-07T19:11:04","guid":{"rendered":"https:\/\/integralginehn.com\/?page_id=959"},"modified":"2023-10-07T14:42:15","modified_gmt":"2023-10-07T20:42:15","slug":"colposcopia","status":"publish","type":"page","link":"https:\/\/integralginehn.com\/index.php\/colposcopia\/","title":{"rendered":"Citolog\u00eda Anormal"},"content":{"rendered":"\n<div class=\"wp-block-stackable-text stk-block-text stk-block stk-642cf75\" data-block-id=\"642cf75\"><style>.stk-642cf75 .stk-block-text__text{font-size:30px !important;font-family:\"Raleway\",Sans-serif !important}@media screen and (max-width:999px){.stk-642cf75 .stk-block-text__text{font-size:30px !important}}<\/style><p class=\"stk-block-text__text has-text-align-center\"><span style=\"color: var(--paletteColor1, #165F8C);\" class=\"stk-highlight\"><strong>Preguntas y respuestas sobre Citolog\u00eda Anormal<\/strong><\/span><\/p><\/div>\n\n\n\n<div class=\"wp-block-stackable-text stk-block-text stk-block stk-fb972e2\" data-block-id=\"fb972e2\"><style>.stk-fb972e2 .stk-block-text__text{font-size:21px !important;font-family:\"Raleway\",Sans-serif !important}@media screen and (max-width:999px){.stk-fb972e2 .stk-block-text__text{font-size:21px !important}}<\/style><p class=\"stk-block-text__text\"><strong><span style=\"color: var(--paletteColor1, #165F8C);\" class=\"stk-highlight\">\u00bfQu\u00e9 significan \u201cresultados anormales\u201d cuando se trata de una prueba de Citolog\u00eda?<\/span><\/strong><\/p><\/div>\n\n\n\n<div class=\"wp-block-stackable-text stk-block-text stk-block stk-576a3dc\" data-block-id=\"576a3dc\"><style>.stk-576a3dc .stk-block-text__text{font-family:\"Raleway\",Sans-serif !important}<\/style><p class=\"stk-block-text__text\"><span style=\"color: var(--paletteColor4, #000000);\" class=\"stk-highlight\">Los resultados anormales en una prueba de Citolog\u00eda significan que los resultados fueron positivos. Si recibes un resultado negativo, todo es normal y no necesitas hacer nada. Sin embargo, un resultado positivo no significa que tengas c\u00e1ncer de cuello uterino. El resultado depende de cu\u00e1l sea la anomal\u00eda. <\/span><\/p><\/div>\n\n\n\n<div class=\"wp-block-stackable-text stk-block-text stk-block stk-2c4868b\" data-block-id=\"2c4868b\"><style>.stk-2c4868b .stk-block-text__text{font-size:21px !important;font-family:\"Raleway\",Sans-serif !important}@media screen and (max-width:999px){.stk-2c4868b .stk-block-text__text{font-size:21px !important}}<\/style><p class=\"stk-block-text__text\"><span style=\"color: var(--paletteColor1, #165F8C);\" class=\"stk-highlight\"><strong>\u00bfQu\u00e9 sucede si recibo una prueba falso negativo? <\/strong><\/span><\/p><\/div>\n\n\n\n<div class=\"wp-block-stackable-text stk-block-text stk-block stk-89ab404\" data-block-id=\"89ab404\"><style>.stk-89ab404 .stk-block-text__text{font-family:\"Raleway\",Sans-serif !important}<\/style><p class=\"stk-block-text__text\"><span style=\"color: var(--paletteColor4, #000000);\" class=\"stk-highlight\">Realmente no hay forma de saber si se ha producido un resultado falso negativo sin volver a realizar la prueba. Un resultado falso negativo no se produce debido a un error en la prueba. Puede ser el resultado de una recolecci\u00f3n inadecuada de c\u00e9lulas durante la prueba de Citolog\u00eda, una cantidad muy peque\u00f1a de c\u00e9lulas anormales u otras c\u00e9lulas que bloquean la aparici\u00f3n de c\u00e9lulas anormales. Sin embargo, dada la lentitud con la que se desarrolla el c\u00e1ncer de cuello uterino, incluso si obtiene un resultado falso negativo, es probable que su pr\u00f3xima prueba de Citologia detecte las anomal\u00edas. <\/span><\/p><\/div>\n\n\n\n<div class=\"wp-block-stackable-text stk-block-text stk-block stk-fecdaf7\" data-block-id=\"fecdaf7\"><style>.stk-fecdaf7 .stk-block-text__text{font-size:21px !important;font-family:\"Raleway\",Sans-serif !important}@media screen and (max-width:999px){.stk-fecdaf7 .stk-block-text__text{font-size:21px !important}}<\/style><p class=\"stk-block-text__text\"><strong><span style=\"color: var(--paletteColor1, #165F8C);\" class=\"stk-highlight\">\u00bfCu\u00e1les son los resultados anormales comunes? <\/span><\/strong><\/p><\/div>\n\n\n\n<div class=\"wp-block-stackable-text stk-block-text stk-block stk-a935340\" data-block-id=\"a935340\"><style>.stk-a935340 .stk-block-text__text{font-family:\"Raleway\",Sans-serif !important}<\/style><p class=\"stk-block-text__text\"><span style=\"color: var(--paletteColor4, #000000);\" class=\"stk-highlight\">C\u00e9lulas escamosas at\u00edpicas de significado indeterminado \u2013 o ASCUS. Esto significa que hay algunas c\u00e9lulas escamosas anormales, pero eso, por s\u00ed solo, no es necesariamente un problema. Otras pruebas buscar\u00e1n otros virus con alto riesgo de c\u00e1ncer. Si no hay virus de alto riesgo presentes, entonces las c\u00e9lulas anormales no son un problema. <\/span><\/p><\/div>\n\n\n\n<div class=\"wp-block-stackable-text stk-block-text stk-block stk-db1b55e\" data-block-id=\"db1b55e\"><style>.stk-db1b55e .stk-block-text__text{font-family:\"Raleway\",Sans-serif !important}<\/style><p class=\"stk-block-text__text\"><span style=\"color: var(--paletteColor4, #000000);\" class=\"stk-highlight\">Las lesiones intraepiteliales escamosas crear\u00e1n resultados anormales. Los cambios de bajo grado significan que si hay una lesi\u00f3n presente, faltan a\u00f1os para que se convierta en c\u00e1ncer. Es posible que se sugieran pruebas de Citolog\u00eda m\u00e1s frecuentes, pero usted no corre ning\u00fan peligro inmediato. Los cambios de alto grado significan que una lesi\u00f3n puede volverse cancerosa antes y se requieren m\u00e1s pruebas. <\/span><\/p><\/div>\n\n\n\n<div class=\"wp-block-stackable-text stk-block-text stk-block stk-9621a98\" data-block-id=\"9621a98\"><style>.stk-9621a98 .stk-block-text__text{font-family:\"Raleway\",Sans-serif !important}<\/style><p class=\"stk-block-text__text\"><span style=\"color: var(--paletteColor4, #000000);\" class=\"stk-highlight\">Las c\u00e9lulas glandulares at\u00edpicas desencadenar\u00e1n una prueba de Citolog\u00eda anormal, pero s\u00f3lo pruebas adicionales pueden determinar si la afecci\u00f3n es cancerosa. Esa prueba determina el origen y la importancia de las c\u00e9lulas at\u00edpicas. El c\u00e1ncer de c\u00e9lulas escamosas o las c\u00e9lulas de adenocarcinoma indican que es probable que haya c\u00e1ncer y es probable que se realicen pruebas adicionales de inmediato. En este caso, normalmente se realizan biopsias y colposcopias.<\/span><\/p><\/div>\n\n\n\n<div class=\"wp-block-stackable-columns alignfull stk-block-columns stk-block stk-1277b19 stk-block-background stk--has-background-overlay\" data-block-id=\"1277b19\"><style>.stk-1277b19{background-color:#ffffff !important;padding-top:0px !important;padding-right:0px !important;padding-bottom:0px !important;padding-left:0px !important;margin-bottom:0px !important}.stk-1277b19:before{background-image:linear-gradient(180deg,#ffffff 55%,var(--paletteColor4,#102136) 55%) !important}<\/style><div class=\"stk-row stk-inner-blocks stk-block-content stk-content-align stk-1277b19-column\">\n<div class=\"wp-block-stackable-column stk-block-column stk-column stk-block stk-421c103 stk-block-background stk--has-background-overlay\" data-v=\"4\" data-block-id=\"421c103\"><style>.stk-421c103-container{margin-top:0px !important;margin-right:0px !important;margin-bottom:0px !important;margin-left:0px !important}.stk-421c103{background-color:var(--paletteColor1,#165F8C) !important;background-image:url(http:\/\/integralginehn.com\/wp-content\/uploads\/2023\/09\/telechargement.webp) !important;border-radius:10px !important;overflow:hidden !important;padding-top:100px !important;padding-right:300px !important;padding-bottom:100px !important;padding-left:300px !important}.stk-421c103:before{background-color:var(--paletteColor1,#165F8C) !important;opacity:0.5 !important}@media screen and (max-width:999px){.stk-421c103{padding-top:80px !important;padding-right:150px !important;padding-bottom:80px !important;padding-left:150px !important}}@media screen and (max-width:689px){.stk-421c103{padding-top:60px !important;padding-right:50px !important;padding-bottom:60px !important;padding-left:50px !important}}<\/style><div class=\"stk-column-wrapper stk-block-column__content stk-container stk-421c103-container stk--no-background stk--no-padding\"><div class=\"has-text-align-center stk-block-content stk-inner-blocks stk-421c103-inner-blocks\">\n<div class=\"wp-block-stackable-heading stk-block-heading stk-block-heading--v2 stk-block stk-01439a9\" id=\"es-hora-de-revisarte\" data-block-id=\"01439a9\"><style>.stk-01439a9{margin-bottom:10px !important}.stk-01439a9 .stk-block-heading__text{color:var(--paletteColor8,#ffffff) !important;font-weight:800 !important}@media screen and (max-width:689px){.stk-01439a9 .stk-block-heading__text{font-size:25px !important}}<\/style><h2 class=\"stk-block-heading__text has-text-color stk-block-heading--use-theme-margins\">Es Hora de Revisarte!<\/h2><\/div>\n\n\n\n<p><strong>\u00abTe invitamos a descubrir Integral GINE, donde tu salud es nuestra prioridad. \u00a1Esperamos verte pronto para cuidar de ti!\u00bb<\/strong><\/p>\n\n\n\n<div class=\"wp-block-stackable-button-group stk-block-button-group stk-block stk-29bed1e\" data-block-id=\"29bed1e\"><div class=\"stk-row stk-inner-blocks stk-block-content stk-button-group\">\n<div class=\"wp-block-stackable-button stk-block-button stk-block stk-d2d4ac2\" data-block-id=\"d2d4ac2\"><style>.stk-d2d4ac2 .stk-button{padding-top:12px !important;padding-right:30px !important;padding-bottom:12px !important;padding-left:30px !important;background:var(--paletteColor1,#165F8C) !important}.stk-d2d4ac2 .stk-button__inner-text{font-family:\"Raleway\",Sans-serif !important}<\/style><a class=\"stk-link stk-button stk--hover-effect-darken\" href=\"https:\/\/integralginehn.com\/index.php\/contacto\/\"><span class=\"stk-button__inner-text\"><strong>Agenda una Cita<\/strong><\/span><\/a><\/div>\n<\/div><\/div>\n<\/div><\/div><\/div>\n<\/div><\/div>\n","protected":false},"excerpt":{"rendered":"<p>Preguntas y respuestas sobre Citolog\u00eda Anormal \u00bfQu\u00e9 significan \u201cresultados anormales\u201d cuando se trata de una prueba de Citolog\u00eda? Los resultados anormales en una prueba de Citolog\u00eda significan que los resultados fueron positivos. Si recibes un resultado negativo, todo es normal y no necesitas hacer nada. Sin embargo, un resultado positivo no significa que tengas c\u00e1ncer [&hellip;]<\/p>\n","protected":false},"author":1,"featured_media":0,"parent":0,"menu_order":0,"comment_status":"closed","ping_status":"closed","template":"","meta":{"footnotes":""},"blocksy_meta":"","_links":{"self":[{"href":"https:\/\/integralginehn.com\/index.php\/wp-json\/wp\/v2\/pages\/959"}],"collection":[{"href":"https:\/\/integralginehn.com\/index.php\/wp-json\/wp\/v2\/pages"}],"about":[{"href":"https:\/\/integralginehn.com\/index.php\/wp-json\/wp\/v2\/types\/page"}],"author":[{"embeddable":true,"href":"https:\/\/integralginehn.com\/index.php\/wp-json\/wp\/v2\/users\/1"}],"replies":[{"embeddable":true,"href":"https:\/\/integralginehn.com\/index.php\/wp-json\/wp\/v2\/comments?post=959"}],"version-history":[{"count":5,"href":"https:\/\/integralginehn.com\/index.php\/wp-json\/wp\/v2\/pages\/959\/revisions"}],"predecessor-version":[{"id":1009,"href":"https:\/\/integralginehn.com\/index.php\/wp-json\/wp\/v2\/pages\/959\/revisions\/1009"}],"wp:attachment":[{"href":"https:\/\/integralginehn.com\/index.php\/wp-json\/wp\/v2\/media?parent=959"}],"curies":[{"name":"wp","href":"https:\/\/api.w.org\/{rel}","templated":true}]}}