{"id":845,"date":"2023-09-29T15:35:59","date_gmt":"2023-09-29T21:35:59","guid":{"rendered":"https:\/\/integralginehn.com\/?page_id=845"},"modified":"2023-10-01T20:15:42","modified_gmt":"2023-10-02T02:15:42","slug":"conocenos-2","status":"publish","type":"page","link":"https:\/\/integralginehn.com\/index.php\/conocenos-2\/","title":{"rendered":"Con\u00f3cenos"},"content":{"rendered":"\n<div class=\"wp-block-stackable-columns stk-block-columns stk-block stk-eae239f\" data-block-id=\"eae239f\"><div class=\"stk-row stk-inner-blocks stk-block-content stk-content-align stk-eae239f-column\">\n<div class=\"wp-block-stackable-column stk-block-column stk-column stk-block stk-53721d4 stk-block-background stk--has-background-overlay\" data-v=\"4\" data-block-id=\"53721d4\"><style>.stk-53721d4{background-color:var(--paletteColor1,#165F8C) !important}.stk-53721d4:before{background-image:linear-gradient(180deg,var(--paletteColor1,#165F8C) 50%,var(--paletteColor7,#FBFBFC) 50%) !important}<\/style><div class=\"stk-column-wrapper stk-block-column__content stk-container stk-53721d4-container stk--no-background stk--no-padding\"><div class=\"stk-block-content stk-inner-blocks stk-53721d4-inner-blocks\">\n<div class=\"wp-block-stackable-spacer stk-block-spacer stk--no-padding stk-block stk-1f5e333\" data-block-id=\"1f5e333\"><\/div>\n\n\n\n<div class=\"wp-block-stackable-heading stk-block-heading stk-block-heading--v2 stk-block stk-f42ed9a\" id=\"span-style-color-var-palette-color-3-ffffff-class-stk-highlight-conocenos-span\" data-block-id=\"f42ed9a\"><style>.stk-f42ed9a .stk-block-heading__text{font-size:54px !important}@media screen and (max-width:999px){.stk-f42ed9a .stk-block-heading__text{font-size:50px !important}}<\/style><h1 class=\"stk-block-heading__text has-text-align-center\"><span style=\"color: var(--paletteColor3, #ffffff);\" class=\"stk-highlight\">Con\u00f3cenos<\/span><\/h1><\/div>\n\n\n\n<div class=\"wp-block-stackable-spacer stk-block-spacer stk--no-padding stk-block stk-19bb1f1\" data-block-id=\"19bb1f1\"><\/div>\n\n\n\n<div class=\"wp-block-stackable-image stk-block-image stk-block stk-36f4474\" data-block-id=\"36f4474\"><style>.stk-36f4474 .stk-img-wrapper{width:66% !important}.stk-36f4474 .stk-img-wrapper img{border-radius:5px !important}<\/style><figure class=\"stk-img-wrapper stk-image--shape-stretch\"><img loading=\"lazy\" decoding=\"async\" class=\"stk-img wp-image-849\" src=\"http:\/\/integralginehn.com\/wp-content\/uploads\/2023\/09\/trabajo-en-equipo-medico.jpg\" width=\"1024\" height=\"683\" srcset=\"https:\/\/integralginehn.com\/wp-content\/uploads\/2023\/09\/trabajo-en-equipo-medico.jpg 1024w, https:\/\/integralginehn.com\/wp-content\/uploads\/2023\/09\/trabajo-en-equipo-medico-300x200.jpg 300w, https:\/\/integralginehn.com\/wp-content\/uploads\/2023\/09\/trabajo-en-equipo-medico-768x512.jpg 768w\" sizes=\"(max-width: 1024px) 100vw, 1024px\" \/><\/figure><\/div>\n<\/div><\/div><\/div>\n<\/div><\/div>\n\n\n\n<div class=\"wp-block-stackable-text stk-block-text stk-block stk-a6e7d6f\" data-block-id=\"a6e7d6f\"><style>.stk-a6e7d6f .stk-block-text__text{font-size:37px !important;font-family:\"RALKEWAY\",Sans-serif !important}@media screen and (max-width:999px){.stk-a6e7d6f .stk-block-text__text{font-size:37px !important}}<\/style><p class=\"stk-block-text__text has-text-align-center\"><strong><span style=\"color: var(--paletteColor1, #165F8C);\" class=\"stk-highlight\">Valores de la Cl\u00ednica<\/span><\/strong><\/p><\/div>\n\n\n\n<p class=\"has-palette-color-4-color has-text-color\"><\/p>\n\n\n\n<div class=\"wp-block-stackable-text stk-block-text stk-block stk-80c449c\" data-block-id=\"80c449c\"><style>.stk-80c449c .stk-block-text__text{color:#000000 !important;font-family:\"Raleway\",Sans-serif !important}<\/style><p class=\"stk-block-text__text has-text-color\"><strong>Compromiso: <\/strong>Priorizamos la salud y el bienestar de nuestros pacientes en todo momento, escuchando sus necesidades y brindando atenci\u00f3n personalizada. <\/p><\/div>\n\n\n\n<div class=\"wp-block-stackable-text stk-block-text stk-block stk-2f9d14e\" data-block-id=\"2f9d14e\"><style>.stk-2f9d14e .stk-block-text__text{color:#000000 !important;font-family:\"Raleway\",Sans-serif !important}<\/style><p class=\"stk-block-text__text has-text-color\"><strong>Empat\u00eda y Respeto: <\/strong>Fomentamos un ambiente de respeto, empat\u00eda y comprensi\u00f3n hacia nuestros pacientes, reconociendo la diversidad y la singularidad de cada individuo. <\/p><\/div>\n\n\n\n<div class=\"wp-block-stackable-text stk-block-text stk-block stk-73185b9\" data-block-id=\"73185b9\"><style>.stk-73185b9 .stk-block-text__text{color:#000000 !important;font-family:\"Raleway\",Sans-serif !important}<\/style><p class=\"stk-block-text__text has-text-color\"><strong>Innovaci\u00f3n:<\/strong> Abrazamos la innovaci\u00f3n y la investigaci\u00f3n m\u00e9dica para ofrecer tratamientos y servicios de vanguardia que mejoren la vida de nuestros pacientes. <\/p><\/div>\n\n\n\n<div class=\"wp-block-stackable-text stk-block-text stk-block stk-7ac2df3\" data-block-id=\"7ac2df3\"><style>.stk-7ac2df3 .stk-block-text__text{color:#000000 !important;font-family:\"Raleway\",Sans-serif !important}<\/style><p class=\"stk-block-text__text has-text-color\"><strong>Integridad: <\/strong>Actuamos con honestidad y \u00e9tica en todas nuestras interacciones, manteniendo la confianza de nuestros pacientes. <\/p><\/div>\n\n\n\n<p><\/p>\n\n\n\n<div class=\"wp-block-stackable-columns alignfull stk-block-columns stk-block stk-1277b19 stk-block-background stk--has-background-overlay\" data-block-id=\"1277b19\"><style>.stk-1277b19{background-color:#ffffff !important;padding-top:0px !important;padding-right:0px !important;padding-bottom:0px !important;padding-left:0px !important;margin-bottom:0px !important}.stk-1277b19:before{background-image:linear-gradient(180deg,#ffffff 55%,var(--paletteColor4,#102136) 55%) !important}<\/style><div class=\"stk-row stk-inner-blocks stk-block-content stk-content-align stk-1277b19-column\">\n<div class=\"wp-block-stackable-column stk-block-column stk-column stk-block stk-421c103 stk-block-background stk--has-background-overlay\" data-v=\"4\" data-block-id=\"421c103\"><style>.stk-421c103-container{margin-top:0px !important;margin-right:0px !important;margin-bottom:0px !important;margin-left:0px !important}.stk-421c103{background-color:var(--paletteColor1,#165F8C) !important;background-image:url(http:\/\/integralginehn.com\/wp-content\/uploads\/2023\/09\/telechargement.webp) !important;border-radius:10px !important;overflow:hidden !important;padding-top:100px !important;padding-right:300px !important;padding-bottom:100px !important;padding-left:300px !important}.stk-421c103:before{background-color:var(--paletteColor1,#165F8C) !important;opacity:0.5 !important}@media screen and (max-width:999px){.stk-421c103{padding-top:80px !important;padding-right:150px !important;padding-bottom:80px !important;padding-left:150px !important}}@media screen and (max-width:689px){.stk-421c103{padding-top:60px !important;padding-right:50px !important;padding-bottom:60px !important;padding-left:50px !important}}<\/style><div class=\"stk-column-wrapper stk-block-column__content stk-container stk-421c103-container stk--no-background stk--no-padding\"><div class=\"has-text-align-center stk-block-content stk-inner-blocks stk-421c103-inner-blocks\">\n<div class=\"wp-block-stackable-heading stk-block-heading stk-block-heading--v2 stk-block stk-01439a9\" id=\"es-hora-de-revisarte\" data-block-id=\"01439a9\"><style>.stk-01439a9{margin-bottom:10px !important}.stk-01439a9 .stk-block-heading__text{color:var(--paletteColor8,#ffffff) !important;font-weight:800 !important}@media screen and (max-width:689px){.stk-01439a9 .stk-block-heading__text{font-size:25px !important}}<\/style><h2 class=\"stk-block-heading__text has-text-color stk-block-heading--use-theme-margins\">Es Hora de Revisarte!<\/h2><\/div>\n\n\n\n<p><strong>\u00abTe invitamos a descubrir Integral GINE, donde tu salud es nuestra prioridad. \u00a1Esperamos verte pronto para cuidar de ti!\u00bb<\/strong><\/p>\n\n\n\n<div class=\"wp-block-stackable-button-group stk-block-button-group stk-block stk-29bed1e\" data-block-id=\"29bed1e\"><div class=\"stk-row stk-inner-blocks stk-block-content stk-button-group\">\n<div class=\"wp-block-stackable-button stk-block-button stk-block stk-d2d4ac2\" data-block-id=\"d2d4ac2\"><style>.stk-d2d4ac2 .stk-button{padding-top:12px !important;padding-right:30px !important;padding-bottom:12px !important;padding-left:30px !important;background:var(--paletteColor1,#165F8C) !important}.stk-d2d4ac2 .stk-button__inner-text{font-family:\"Raleway\",Sans-serif !important}<\/style><a class=\"stk-link stk-button stk--hover-effect-darken\" href=\"#\"><span class=\"stk-button__inner-text\"><strong>Agenda una Cita<\/strong><\/span><\/a><\/div>\n<\/div><\/div>\n<\/div><\/div><\/div>\n<\/div><\/div>\n\n\n\n<p><\/p>\n","protected":false},"excerpt":{"rendered":"<p>Con\u00f3cenos Valores de la Cl\u00ednica Compromiso: Priorizamos la salud y el bienestar de nuestros pacientes en todo momento, escuchando sus necesidades y brindando atenci\u00f3n personalizada. Empat\u00eda y Respeto: Fomentamos un ambiente de respeto, empat\u00eda y comprensi\u00f3n hacia nuestros pacientes, reconociendo la diversidad y la singularidad de cada individuo. Innovaci\u00f3n: Abrazamos la innovaci\u00f3n y la investigaci\u00f3n [&hellip;]<\/p>\n","protected":false},"author":1,"featured_media":0,"parent":0,"menu_order":0,"comment_status":"closed","ping_status":"closed","template":"","meta":{"footnotes":""},"blocksy_meta":"","_links":{"self":[{"href":"https:\/\/integralginehn.com\/index.php\/wp-json\/wp\/v2\/pages\/845"}],"collection":[{"href":"https:\/\/integralginehn.com\/index.php\/wp-json\/wp\/v2\/pages"}],"about":[{"href":"https:\/\/integralginehn.com\/index.php\/wp-json\/wp\/v2\/types\/page"}],"author":[{"embeddable":true,"href":"https:\/\/integralginehn.com\/index.php\/wp-json\/wp\/v2\/users\/1"}],"replies":[{"embeddable":true,"href":"https:\/\/integralginehn.com\/index.php\/wp-json\/wp\/v2\/comments?post=845"}],"version-history":[{"count":16,"href":"https:\/\/integralginehn.com\/index.php\/wp-json\/wp\/v2\/pages\/845\/revisions"}],"predecessor-version":[{"id":929,"href":"https:\/\/integralginehn.com\/index.php\/wp-json\/wp\/v2\/pages\/845\/revisions\/929"}],"wp:attachment":[{"href":"https:\/\/integralginehn.com\/index.php\/wp-json\/wp\/v2\/media?parent=845"}],"curies":[{"name":"wp","href":"https:\/\/api.w.org\/{rel}","templated":true}]}}