{"id":1066,"date":"2023-10-07T17:36:30","date_gmt":"2023-10-07T23:36:30","guid":{"rendered":"https:\/\/integralginehn.com\/?page_id=1066"},"modified":"2023-10-07T18:30:21","modified_gmt":"2023-10-08T00:30:21","slug":"histerectomia","status":"publish","type":"page","link":"https:\/\/integralginehn.com\/index.php\/histerectomia\/","title":{"rendered":"Histerectom\u00eda"},"content":{"rendered":"\n<div class=\"wp-block-stackable-text stk-block-text stk-block stk-efc6440\" data-block-id=\"efc6440\"><style>.stk-efc6440 .stk-block-text__text{font-size:30px !important;font-family:\"Raleway\",Sans-serif !important}@media screen and (max-width:999px){.stk-efc6440 .stk-block-text__text{font-size:30px !important}}<\/style><p class=\"stk-block-text__text has-text-align-center\"><strong><span style=\"color: var(--paletteColor1, #165F8C);\" class=\"stk-highlight\">Preguntas y respuestas sobre histerectom\u00eda <\/span><\/strong><\/p><\/div>\n\n\n\n<div class=\"wp-block-stackable-text stk-block-text stk-block stk-5793324\" data-block-id=\"5793324\"><style>.stk-5793324 .stk-block-text__text{font-size:21px !important;font-family:\"Raleway\",Sans-serif !important}@media screen and (max-width:999px){.stk-5793324 .stk-block-text__text{font-size:21px !important}}<\/style><p class=\"stk-block-text__text\"><strong><span style=\"color: var(--paletteColor1, #165F8C);\" class=\"stk-highlight\">\u00bfPor qu\u00e9 son necesarias las histerectom\u00edas? <\/span><\/strong><\/p><\/div>\n\n\n\n<div class=\"wp-block-stackable-text stk-block-text stk-block stk-5caf650\" data-block-id=\"5caf650\"><style>.stk-5caf650 .stk-block-text__text{font-family:\"Raleway\",Sans-serif !important}<\/style><p class=\"stk-block-text__text\"><span style=\"color: var(--paletteColor4, #000000);\" class=\"stk-highlight\">Hay varias condiciones y situaciones en las que el \u00fatero se convierte en un riesgo para la salud de la mujer. Algunas de estas condiciones incluyen:<\/span><\/p><\/div>\n\n\n\n<div class=\"wp-block-stackable-text stk-block-text stk-block stk-fa11faa\" data-block-id=\"fa11faa\"><style>.stk-fa11faa .stk-block-text__text{font-family:\"Raleway\",Sans-serif !important}<\/style><p class=\"stk-block-text__text\"><span style=\"color: var(--paletteColor4, #000000);\" class=\"stk-highlight\">C\u00e1ncer de \u00fatero o cuello uterino.         <\/span><\/p><\/div>\n\n\n\n<div class=\"wp-block-stackable-text stk-block-text stk-block stk-dc2019a\" data-block-id=\"dc2019a\"><style>.stk-dc2019a .stk-block-text__text{font-family:\"Raleway\",Sans-serif !important}<\/style><p class=\"stk-block-text__text\"><span style=\"color: var(--paletteColor4, #000000);\" class=\"stk-highlight\">Miomas: tumores uterinos benignos que pueden causar sangrado, presi\u00f3n en la vejiga y anemia.         <\/span><\/p><\/div>\n\n\n\n<div class=\"wp-block-stackable-text stk-block-text stk-block stk-7970a8b\" data-block-id=\"7970a8b\"><style>.stk-7970a8b .stk-block-text__text{font-family:\"Raleway\",Sans-serif !important}<\/style><p class=\"stk-block-text__text\"><span style=\"color: var(--paletteColor4, #000000);\" class=\"stk-highlight\">Endometriosis: cuando el tejido uterino interno crece fuera del \u00fatero.         <\/span><\/p><\/div>\n\n\n\n<div class=\"wp-block-stackable-text stk-block-text stk-block stk-e91fdc5\" data-block-id=\"e91fdc5\"><style>.stk-e91fdc5 .stk-block-text__text{font-family:\"Raleway\",Sans-serif !important}<\/style><p class=\"stk-block-text__text\"><span style=\"color: var(--paletteColor4, #000000);\" class=\"stk-highlight\">Prolapso: cuando el \u00fatero comienza a descender hacia la vagina debido a la falla del tejido conectivo.         <\/span><\/p><\/div>\n\n\n\n<div class=\"wp-block-stackable-text stk-block-text stk-block stk-7240f5e\" data-block-id=\"7240f5e\"><style>.stk-7240f5e .stk-block-text__text{font-family:\"Raleway\",Sans-serif !important}<\/style><p class=\"stk-block-text__text\"><span style=\"color: var(--paletteColor4, #000000);\" class=\"stk-highlight\">Sangrado Uterino Anormal: cuando el flujo menstrual se vuelve anormal y prolongado         <\/span><\/p><\/div>\n\n\n\n<div class=\"wp-block-stackable-text stk-block-text stk-block stk-9b53e46\" data-block-id=\"9b53e46\"><style>.stk-9b53e46 .stk-block-text__text{font-family:\"Raleway\",Sans-serif !important}<\/style><p class=\"stk-block-text__text\"><span style=\"color: var(--paletteColor4, #000000);\" class=\"stk-highlight\">Dolor p\u00e9lvico cr\u00f3nico: la histerectom\u00eda es ocasionalmente un tratamiento de \u00faltimo recurso para esta afecci\u00f3n. <\/span><\/p><\/div>\n\n\n\n<div class=\"wp-block-stackable-text stk-block-text stk-block stk-66b4e2d\" data-block-id=\"66b4e2d\"><style>.stk-66b4e2d .stk-block-text__text{font-family:\"Raleway\",Sans-serif !important}<\/style><p class=\"stk-block-text__text\"><span style=\"color: var(--paletteColor4, #000000);\" class=\"stk-highlight\">Dado que las histerectom\u00edas ponen fin a la capacidad de la mujer para tener hijos, el procedimiento generalmente se evita si la paciente tiene alternativas. <\/span><\/p><\/div>\n\n\n\n<div class=\"wp-block-stackable-text stk-block-text stk-block stk-839e098\" data-block-id=\"839e098\"><style>.stk-839e098 .stk-block-text__text{font-size:21px !important;font-family:\"Raleway\",Sans-serif !important}@media screen and (max-width:999px){.stk-839e098 .stk-block-text__text{font-size:21px !important}}<\/style><p class=\"stk-block-text__text\"><strong><span style=\"color: var(--paletteColor1, #165F8C);\" class=\"stk-highlight\">\u00bfQu\u00e9 tipos de histerectom\u00edas existen? <\/span><\/strong><\/p><\/div>\n\n\n\n<div class=\"wp-block-stackable-text stk-block-text stk-block stk-1308f5f\" data-block-id=\"1308f5f\"><style>.stk-1308f5f .stk-block-text__text{font-family:\"Raleway\",Sans-serif !important}<\/style><p class=\"stk-block-text__text\"><span style=\"color: var(--paletteColor4, #000000);\" class=\"stk-highlight\">Una histerectom\u00eda se dirige a algunos o todos los \u00f3rganos reproductivos de una mujer. En una histerectom\u00eda total se extirpa el \u00fatero y el cuello uterino, pero se dejan intactas las trompas de Falopio y los ovarios, por lo que gran parte de la producci\u00f3n hormonal natural del cuerpo contin\u00faa. Una histerectom\u00eda parcial deja el cuello uterino intacto, si no hay motivo para extirparlo. <\/span><\/p><\/div>\n\n\n\n<div class=\"wp-block-stackable-text stk-block-text stk-block stk-c2ed5c5\" data-block-id=\"c2ed5c5\"><style>.stk-c2ed5c5 .stk-block-text__text{font-family:\"Raleway\",Sans-serif !important}<\/style><p class=\"stk-block-text__text\"><span style=\"color: var(--paletteColor4, #000000);\" class=\"stk-highlight\">Hay situaciones en las que los ovarios y las trompas de Falopio se extirpan junto con el \u00fatero. Las histerectom\u00edas se pueden realizar por v\u00eda abdominal o vaginal. <\/span><\/p><\/div>\n\n\n\n<div class=\"wp-block-stackable-text stk-block-text stk-block stk-d3239d5\" data-block-id=\"d3239d5\"><style>.stk-d3239d5 .stk-block-text__text{font-size:21px !important;font-family:\"Raleway\",Sans-serif !important}@media screen and (max-width:999px){.stk-d3239d5 .stk-block-text__text{font-size:21px !important}}<\/style><p class=\"stk-block-text__text\"><strong><span style=\"color: var(--paletteColor1, #165F8C);\" class=\"stk-highlight\">\u00bfC\u00f3mo se realizan las histerectom\u00edas? <\/span><\/strong><\/p><\/div>\n\n\n\n<div class=\"wp-block-stackable-text stk-block-text stk-block stk-7344a7d\" data-block-id=\"7344a7d\"><style>.stk-7344a7d .stk-block-text__text{font-family:\"Raleway\",Sans-serif !important}<\/style><p class=\"stk-block-text__text\"><span style=\"color: var(--paletteColor4, #000000);\" class=\"stk-highlight\">Las histerectom\u00edas abdominales se pueden realizar de manera convencional a trav\u00e9s de incisiones abdominales regulares o mediante t\u00e9cnicas laparosc\u00f3picas, que utilizan incisiones mucho m\u00e1s peque\u00f1as. Las histerectom\u00edas laparosc\u00f3picas, al ser menos invasivas, suelen presentar tiempos de recuperaci\u00f3n m\u00e1s cortos. <\/span><\/p><\/div>\n\n\n\n<div class=\"wp-block-stackable-text stk-block-text stk-block stk-43f25d7\" data-block-id=\"43f25d7\"><style>.stk-43f25d7 .stk-block-text__text{font-family:\"Raleway\",Sans-serif !important}<\/style><p class=\"stk-block-text__text\"><span style=\"color: var(--paletteColor4, #000000);\" class=\"stk-highlight\">Las histerectom\u00edas vaginales suelen presentar costos m\u00e1s bajos, estad\u00edas hospitalarias m\u00e1s cortas y un tiempo de recuperaci\u00f3n m\u00e1s r\u00e1pido. Es posible que la histerectom\u00eda vaginal no sea una opci\u00f3n para una paciente que muestra un \u00fatero agrandado. <\/span><\/p><\/div>\n\n\n\n<div class=\"wp-block-stackable-text stk-block-text stk-block stk-3dfeca8\" data-block-id=\"3dfeca8\"><style>.stk-3dfeca8 .stk-block-text__text{font-family:\"Raleway\",Sans-serif !important}<\/style><p class=\"stk-block-text__text\"><span style=\"color: var(--paletteColor4, #000000);\" class=\"stk-highlight\">Dependiendo de la afecci\u00f3n que se est\u00e9 tratando, es posible que se extirpe todo o solo una parte del \u00fatero. A veces, el cuello uterino queda intacto. Siempre que sea posible, dejar los ovarios y las trompas de Falopio minimiza el impacto hormonal de la histerectom\u00eda, pero en ciertos casos, estos tambi\u00e9n deben extirparse junto con el \u00fatero.<\/span><\/p><\/div>\n\n\n\n<div class=\"wp-block-stackable-columns alignfull stk-block-columns stk-block stk-1277b19 stk-block-background stk--has-background-overlay\" data-block-id=\"1277b19\"><style>.stk-1277b19{background-color:#ffffff !important;padding-top:0px !important;padding-right:0px !important;padding-bottom:0px !important;padding-left:0px !important;margin-bottom:0px !important}.stk-1277b19:before{background-image:linear-gradient(180deg,#ffffff 55%,var(--paletteColor4,#102136) 55%) !important}<\/style><div class=\"stk-row stk-inner-blocks stk-block-content stk-content-align stk-1277b19-column\">\n<div class=\"wp-block-stackable-column stk-block-column stk-column stk-block stk-421c103 stk-block-background stk--has-background-overlay\" data-v=\"4\" data-block-id=\"421c103\"><style>.stk-421c103-container{margin-top:0px !important;margin-right:0px !important;margin-bottom:0px !important;margin-left:0px !important}.stk-421c103{background-color:var(--paletteColor1,#165F8C) !important;background-image:url(http:\/\/integralginehn.com\/wp-content\/uploads\/2023\/09\/telechargement.webp) !important;border-radius:10px !important;overflow:hidden !important;padding-top:100px !important;padding-right:300px !important;padding-bottom:100px !important;padding-left:300px !important}.stk-421c103:before{background-color:var(--paletteColor1,#165F8C) !important;opacity:0.5 !important}@media screen and (max-width:999px){.stk-421c103{padding-top:80px !important;padding-right:150px !important;padding-bottom:80px !important;padding-left:150px !important}}@media screen and (max-width:689px){.stk-421c103{padding-top:60px !important;padding-right:50px !important;padding-bottom:60px !important;padding-left:50px !important}}<\/style><div class=\"stk-column-wrapper stk-block-column__content stk-container stk-421c103-container stk--no-background stk--no-padding\"><div class=\"has-text-align-center stk-block-content stk-inner-blocks stk-421c103-inner-blocks\">\n<div class=\"wp-block-stackable-heading stk-block-heading stk-block-heading--v2 stk-block stk-01439a9\" id=\"es-hora-de-revisarte\" data-block-id=\"01439a9\"><style>.stk-01439a9{margin-bottom:10px !important}.stk-01439a9 .stk-block-heading__text{color:var(--paletteColor8,#ffffff) !important;font-weight:800 !important}@media screen and (max-width:689px){.stk-01439a9 .stk-block-heading__text{font-size:25px !important}}<\/style><h2 class=\"stk-block-heading__text has-text-color stk-block-heading--use-theme-margins\">Es Hora de Revisarte!<\/h2><\/div>\n\n\n\n<p><strong>\u00abTe invitamos a descubrir Integral GINE, donde tu salud es nuestra prioridad. \u00a1Esperamos verte pronto para cuidar de ti!\u00bb<\/strong><\/p>\n\n\n\n<div class=\"wp-block-stackable-button-group stk-block-button-group stk-block stk-29bed1e\" data-block-id=\"29bed1e\"><div class=\"stk-row stk-inner-blocks stk-block-content stk-button-group\">\n<div class=\"wp-block-stackable-button stk-block-button stk-block stk-d2d4ac2\" data-block-id=\"d2d4ac2\"><style>.stk-d2d4ac2 .stk-button{padding-top:12px !important;padding-right:30px !important;padding-bottom:12px !important;padding-left:30px !important;background:var(--paletteColor1,#165F8C) !important}.stk-d2d4ac2 .stk-button__inner-text{font-family:\"Raleway\",Sans-serif !important}<\/style><a class=\"stk-link stk-button stk--hover-effect-darken\" href=\"https:\/\/integralginehn.com\/index.php\/contacto\/\"><span class=\"stk-button__inner-text\"><strong>Agenda una Cita<\/strong><\/span><\/a><\/div>\n<\/div><\/div>\n<\/div><\/div><\/div>\n<\/div><\/div>\n","protected":false},"excerpt":{"rendered":"<p>Preguntas y respuestas sobre histerectom\u00eda \u00bfPor qu\u00e9 son necesarias las histerectom\u00edas? Hay varias condiciones y situaciones en las que el \u00fatero se convierte en un riesgo para la salud de la mujer. Algunas de estas condiciones incluyen: C\u00e1ncer de \u00fatero o cuello uterino. Miomas: tumores uterinos benignos que pueden causar sangrado, presi\u00f3n en la vejiga [&hellip;]<\/p>\n","protected":false},"author":1,"featured_media":0,"parent":0,"menu_order":0,"comment_status":"closed","ping_status":"closed","template":"","meta":{"footnotes":""},"blocksy_meta":"","_links":{"self":[{"href":"https:\/\/integralginehn.com\/index.php\/wp-json\/wp\/v2\/pages\/1066"}],"collection":[{"href":"https:\/\/integralginehn.com\/index.php\/wp-json\/wp\/v2\/pages"}],"about":[{"href":"https:\/\/integralginehn.com\/index.php\/wp-json\/wp\/v2\/types\/page"}],"author":[{"embeddable":true,"href":"https:\/\/integralginehn.com\/index.php\/wp-json\/wp\/v2\/users\/1"}],"replies":[{"embeddable":true,"href":"https:\/\/integralginehn.com\/index.php\/wp-json\/wp\/v2\/comments?post=1066"}],"version-history":[{"count":2,"href":"https:\/\/integralginehn.com\/index.php\/wp-json\/wp\/v2\/pages\/1066\/revisions"}],"predecessor-version":[{"id":1089,"href":"https:\/\/integralginehn.com\/index.php\/wp-json\/wp\/v2\/pages\/1066\/revisions\/1089"}],"wp:attachment":[{"href":"https:\/\/integralginehn.com\/index.php\/wp-json\/wp\/v2\/media?parent=1066"}],"curies":[{"name":"wp","href":"https:\/\/api.w.org\/{rel}","templated":true}]}}