{"id":1064,"date":"2023-10-07T17:35:40","date_gmt":"2023-10-07T23:35:40","guid":{"rendered":"https:\/\/integralginehn.com\/?page_id=1064"},"modified":"2023-10-07T18:24:05","modified_gmt":"2023-10-08T00:24:05","slug":"6-2","status":"publish","type":"page","link":"https:\/\/integralginehn.com\/index.php\/6-2\/","title":{"rendered":"Sangrado Uterino Anormal"},"content":{"rendered":"\n<div class=\"wp-block-stackable-text stk-block-text stk-block stk-3deef4b\" data-block-id=\"3deef4b\"><style>.stk-3deef4b .stk-block-text__text{font-size:30px !important;font-family:\"Raleway\",Sans-serif !important}@media screen and (max-width:999px){.stk-3deef4b .stk-block-text__text{font-size:30px !important}}<\/style><p class=\"stk-block-text__text has-text-align-center\"><strong><span style=\"color: var(--paletteColor1, #165F8C);\" class=\"stk-highlight\">Preguntas y respuestas sobre Sangrado Uterino Anormal<\/span><\/strong><\/p><\/div>\n\n\n\n<div class=\"wp-block-stackable-text stk-block-text stk-block stk-d7ce909\" data-block-id=\"d7ce909\"><style>.stk-d7ce909 .stk-block-text__text{font-size:21px !important;font-family:\"Raleway\",Sans-serif !important}@media screen and (max-width:999px){.stk-d7ce909 .stk-block-text__text{font-size:21px !important}}<\/style><p class=\"stk-block-text__text\"><strong><span style=\"color: var(--paletteColor1, #165F8C);\" class=\"stk-highlight\">\u00bfQu\u00e9 condiciones definen el Sangrado Uterino Anormal? <\/span><\/strong><\/p><\/div>\n\n\n\n<div class=\"wp-block-stackable-text stk-block-text stk-block stk-b3f6693\" data-block-id=\"b3f6693\"><style>.stk-b3f6693 .stk-block-text__text{font-family:\"Raleway\",Sans-serif !important}<\/style><p class=\"stk-block-text__text\"><span style=\"color: #000000;\" class=\"stk-highlight\">El sangrado menstrual se considera m\u00e1s abundante de lo normal cuando se presentan una o m\u00e1s de las siguientes condiciones:         <\/span><\/p><\/div>\n\n\n\n<div class=\"wp-block-stackable-text stk-block-text stk-block stk-50204c1\" data-block-id=\"50204c1\"><style>.stk-50204c1 .stk-block-text__text{font-family:\"Raleway\",Sans-serif !important}<\/style><p class=\"stk-block-text__text\"><span style=\"color: #000000;\" class=\"stk-highlight\">Usar uno o m\u00e1s tampones o toallas sanitarias cada hora durante varias horas         <\/span><\/p><\/div>\n\n\n\n<div class=\"wp-block-stackable-text stk-block-text stk-block stk-2d3227d\" data-block-id=\"2d3227d\"><style>.stk-2d3227d .stk-block-text__text{font-family:\"Raleway\",Sans-serif !important}<\/style><p class=\"stk-block-text__text\"><span style=\"color: #000000;\" class=\"stk-highlight\">La necesidad de redoblar la protecci\u00f3n sanitaria para controlar el sangrado menstrual         <\/span><\/p><\/div>\n\n\n\n<div class=\"wp-block-stackable-text stk-block-text stk-block stk-681eb71\" data-block-id=\"681eb71\"><style>.stk-681eb71 .stk-block-text__text{font-family:\"Raleway\",Sans-serif !important}<\/style><p class=\"stk-block-text__text\"><span style=\"color: #000000;\" class=\"stk-highlight\">Despertarse por la noche para cambiar toallas sanitarias o tampones         <\/span><\/p><\/div>\n\n\n\n<div class=\"wp-block-stackable-text stk-block-text stk-block stk-447d2c0\" data-block-id=\"447d2c0\"><style>.stk-447d2c0 .stk-block-text__text{font-family:\"Raleway\",Sans-serif !important}<\/style><p class=\"stk-block-text__text\"><span style=\"color: #000000;\" class=\"stk-highlight\">Per\u00edodos de sangrado que duran m\u00e1s de una semana.         <\/span><\/p><\/div>\n\n\n\n<div class=\"wp-block-stackable-text stk-block-text stk-block stk-ca02b77\" data-block-id=\"ca02b77\"><style>.stk-ca02b77 .stk-block-text__text{font-family:\"Raleway\",Sans-serif !important}<\/style><p class=\"stk-block-text__text\"><span style=\"color: #000000;\" class=\"stk-highlight\">Expulsar co\u00e1gulos de sangre m\u00e1s de un d\u00eda del per\u00edodo.         <\/span><\/p><\/div>\n\n\n\n<div class=\"wp-block-stackable-text stk-block-text stk-block stk-90a0f8c\" data-block-id=\"90a0f8c\"><style>.stk-90a0f8c .stk-block-text__text{font-family:\"Raleway\",Sans-serif !important}<\/style><p class=\"stk-block-text__text\"><span style=\"color: #000000;\" class=\"stk-highlight\">Anemia, t\u00edpicamente indicada por cansancio, fatiga y dificultad para respirar. <\/span><\/p><\/div>\n\n\n\n<div class=\"wp-block-stackable-text stk-block-text stk-block stk-f66cb83\" data-block-id=\"f66cb83\"><style>.stk-f66cb83 .stk-block-text__text{font-family:\"Raleway\",Sans-serif !important}<\/style><p class=\"stk-block-text__text\"><span style=\"color: #000000;\" class=\"stk-highlight\">\u00bfQu\u00e9 causa el Sangrado Uterino Anormal? <\/span><\/p><\/div>\n\n\n\n<div class=\"wp-block-stackable-text stk-block-text stk-block stk-b9d64f3\" data-block-id=\"b9d64f3\"><style>.stk-b9d64f3 .stk-block-text__text{font-family:\"Raleway\",Sans-serif !important}<\/style><p class=\"stk-block-text__text\"><span style=\"color: #000000;\" class=\"stk-highlight\">Las condiciones comunes que dan lugar al Sangrado Uterino Anormal<\/span> <span style=\"color: #000000;\" class=\"stk-highlight\">incluyen: <\/span><\/p><\/div>\n\n\n\n<div class=\"wp-block-stackable-text stk-block-text stk-block stk-253603c\" data-block-id=\"253603c\"><style>.stk-253603c .stk-block-text__text{font-family:\"Raleway\",Sans-serif !important}<\/style><p class=\"stk-block-text__text\"><span style=\"color: #000000;\" class=\"stk-highlight\">Trastornos de la coagulaci\u00f3n sangu\u00ednea.<\/span><\/p><\/div>\n\n\n\n<div class=\"wp-block-stackable-text stk-block-text stk-block stk-227b0f5\" data-block-id=\"227b0f5\"><style>.stk-227b0f5 .stk-block-text__text{font-family:\"Raleway\",Sans-serif !important}<\/style><p class=\"stk-block-text__text\"><span style=\"color: #000000;\" class=\"stk-highlight\"> Complicaciones con el embarazo <\/span><\/p><\/div>\n\n\n\n<div class=\"wp-block-stackable-text stk-block-text stk-block stk-2ec9546\" data-block-id=\"2ec9546\"><style>.stk-2ec9546 .stk-block-text__text{font-family:\"Raleway\",Sans-serif !important}<\/style><p class=\"stk-block-text__text\"><span style=\"color: #000000;\" class=\"stk-highlight\">Desequilibrios hormonales entre estr\u00f3geno y progesterona.<\/span><\/p><\/div>\n\n\n\n<div class=\"wp-block-stackable-text stk-block-text stk-block stk-6c869fa\" data-block-id=\"6c869fa\"><style>.stk-6c869fa .stk-block-text__text{font-family:\"Raleway\",Sans-serif !important}<\/style><p class=\"stk-block-text__text\"><span style=\"color: #000000;\" class=\"stk-highlight\"> Condiciones m\u00e9dicas como enfermedad inflamatoria p\u00e9lvica, endometriosis y problemas de tiroides. <\/span><\/p><\/div>\n\n\n\n<div class=\"wp-block-stackable-text stk-block-text stk-block stk-5e3c494\" data-block-id=\"5e3c494\"><style>.stk-5e3c494 .stk-block-text__text{font-family:\"Raleway\",Sans-serif !important}<\/style><p class=\"stk-block-text__text\"><span style=\"color: #000000;\" class=\"stk-highlight\">DIU no hormonales <\/span><\/p><\/div>\n\n\n\n<div class=\"wp-block-stackable-text stk-block-text stk-block stk-82d3bcd\" data-block-id=\"82d3bcd\"><style>.stk-82d3bcd .stk-block-text__text{font-family:\"Raleway\",Sans-serif !important}<\/style><p class=\"stk-block-text__text\"><span style=\"color: #000000;\" class=\"stk-highlight\">Disfunci\u00f3n ov\u00e1rica: si no se produce la ovulaci\u00f3n, no se produce progesterona y se produce un desequilibrio <\/span><\/p><\/div>\n\n\n\n<div class=\"wp-block-stackable-text stk-block-text stk-block stk-233790a\" data-block-id=\"233790a\"><style>.stk-233790a .stk-block-text__text{font-family:\"Raleway\",Sans-serif !important}<\/style><p class=\"stk-block-text__text\"><span style=\"color: #000000;\" class=\"stk-highlight\">Algunos medicamentos, incluidos antiinflamatorios y anticoagulantes. <\/span><\/p><\/div>\n\n\n\n<div class=\"wp-block-stackable-text stk-block-text stk-block stk-cac1a93\" data-block-id=\"cac1a93\"><style>.stk-cac1a93 .stk-block-text__text{font-family:\"Raleway\",Sans-serif !important}<\/style><p class=\"stk-block-text__text\"><span style=\"color: #000000;\" class=\"stk-highlight\">Miomas o p\u00f3lipos uterinos <\/span><\/p><\/div>\n\n\n\n<div class=\"wp-block-stackable-text stk-block-text stk-block stk-8361a7b\" data-block-id=\"8361a7b\"><style>.stk-8361a7b .stk-block-text__text{font-family:\"Raleway\",Sans-serif !important}<\/style><p class=\"stk-block-text__text\"><span style=\"color: #000000;\" class=\"stk-highlight\">\u00bfC\u00f3mo se trata el Sangrado Uterino Anormal? <\/span><\/p><\/div>\n\n\n\n<div class=\"wp-block-stackable-text stk-block-text stk-block stk-34dce58\" data-block-id=\"34dce58\"><style>.stk-34dce58 .stk-block-text__text{font-family:\"Raleway\",Sans-serif !important}<\/style><p class=\"stk-block-text__text\"><span style=\"color: #000000;\" class=\"stk-highlight\">El tratamiento se basa en la causa del problema y en una evaluaci\u00f3n de la salud del paciente. Las soluciones de terapia con medicamentos incluyen:<\/span><\/p><\/div>\n\n\n\n<div class=\"wp-block-stackable-text stk-block-text stk-block stk-cdf20f3\" data-block-id=\"cdf20f3\"><style>.stk-cdf20f3 .stk-block-text__text{font-family:\"Raleway\",Sans-serif !important}<\/style><p class=\"stk-block-text__text\"><span style=\"color: #000000;\" class=\"stk-highlight\">Los medicamentos antiinflamatorios no esteroides, o AINE, ayudan a reducir el flujo sangu\u00edneo menstrual con el beneficio adicional de aliviar el dolor. <\/span><\/p><\/div>\n\n\n\n<div class=\"wp-block-stackable-text stk-block-text stk-block stk-c1dd605\" data-block-id=\"c1dd605\"><style>.stk-c1dd605 .stk-block-text__text{font-family:\"Raleway\",Sans-serif !important}<\/style><p class=\"stk-block-text__text\"><span style=\"color: #000000;\" class=\"stk-highlight\">Los anticonceptivos orales regulan el ciclo menstrual y pueden reducir el sangrado prolongado o excesivo.         <\/span><\/p><\/div>\n\n\n\n<div class=\"wp-block-stackable-text stk-block-text stk-block stk-7ae5205\" data-block-id=\"7ae5205\"><style>.stk-7ae5205 .stk-block-text__text{font-family:\"Raleway\",Sans-serif !important}<\/style><p class=\"stk-block-text__text\"><span style=\"color: #000000;\" class=\"stk-highlight\">La progesterona oral puede ser \u00fatil para restablecer el equilibrio hormonal, lo que puede detener la menorragia         <\/span><\/p><\/div>\n\n\n\n<div class=\"wp-block-stackable-text stk-block-text stk-block stk-f52bf9a\" data-block-id=\"f52bf9a\"><style>.stk-f52bf9a .stk-block-text__text{font-family:\"Raleway\",Sans-serif !important}<\/style><p class=\"stk-block-text__text\"><span style=\"color: #000000;\" class=\"stk-highlight\">Un dispositivo intrauterino que libera progestina.         <\/span><\/p><\/div>\n\n\n\n<div class=\"wp-block-stackable-text stk-block-text stk-block stk-9d2099f\" data-block-id=\"9d2099f\"><style>.stk-9d2099f .stk-block-text__text{font-family:\"Raleway\",Sans-serif !important}<\/style><p class=\"stk-block-text__text\"><span style=\"color: #000000;\" class=\"stk-highlight\">\u00c1cido tranex\u00e1mico, un medicamento que ayuda a disminuir la p\u00e9rdida de sangre.         <\/span><\/p><\/div>\n\n\n\n<div class=\"wp-block-stackable-text stk-block-text stk-block stk-269bf22\" data-block-id=\"269bf22\"><style>.stk-269bf22 .stk-block-text__text{font-family:\"Raleway\",Sans-serif !important}<\/style><p class=\"stk-block-text__text\"><span style=\"color: #000000;\" class=\"stk-highlight\">Los suplementos de hierro pueden compensar los s\u00edntomas o la aparici\u00f3n de la anemia. <\/span><\/p><\/div>\n\n\n\n<div class=\"wp-block-stackable-text stk-block-text stk-block stk-3b08933\" data-block-id=\"3b08933\"><style>.stk-3b08933 .stk-block-text__text{font-family:\"Raleway\",Sans-serif !important}<\/style><p class=\"stk-block-text__text\"><span style=\"color: #000000;\" class=\"stk-highlight\">Los tratamientos quir\u00fargicos de la menorragia incluyen:         <\/span><\/p><\/div>\n\n\n\n<div class=\"wp-block-stackable-text stk-block-text stk-block stk-e5f2892\" data-block-id=\"e5f2892\"><style>.stk-e5f2892 .stk-block-text__text{font-family:\"Raleway\",Sans-serif !important}<\/style><p class=\"stk-block-text__text\"><span style=\"color: #000000;\" class=\"stk-highlight\">Dilataci\u00f3n y curetaje         <\/span><\/p><\/div>\n\n\n\n<div class=\"wp-block-stackable-text stk-block-text stk-block stk-7b16814\" data-block-id=\"7b16814\"><style>.stk-7b16814 .stk-block-text__text{font-family:\"Raleway\",Sans-serif !important}<\/style><p class=\"stk-block-text__text\"><span style=\"color: #000000;\" class=\"stk-highlight\">Ablaci\u00f3n endometrial         <\/span><\/p><\/div>\n\n\n\n<div class=\"wp-block-stackable-text stk-block-text stk-block stk-6859882\" data-block-id=\"6859882\"><style>.stk-6859882 .stk-block-text__text{font-family:\"Raleway\",Sans-serif !important}<\/style><p class=\"stk-block-text__text\"><span style=\"color: #000000;\" class=\"stk-highlight\">Embolizaci\u00f3n de la arteria uterina        <\/span><\/p><\/div>\n\n\n\n<div class=\"wp-block-stackable-text stk-block-text stk-block stk-e136b68\" data-block-id=\"e136b68\"><style>.stk-e136b68 .stk-block-text__text{font-family:\"Raleway\",Sans-serif !important}<\/style><p class=\"stk-block-text__text\"><span style=\"color: #000000;\" class=\"stk-highlight\"> Histerectom\u00eda <\/span><\/p><\/div>\n\n\n\n<div class=\"wp-block-stackable-text stk-block-text stk-block stk-78aab5d\" data-block-id=\"78aab5d\"><style>.stk-78aab5d .stk-block-text__text{font-family:\"Raleway\",Sans-serif !important}<\/style><p class=\"stk-block-text__text\"><span style=\"color: #000000;\" class=\"stk-highlight\">Cuando el Sangrado Uterino Anormal<\/span> <span style=\"color: #000000;\" class=\"stk-highlight\">es el resultado de otra afecci\u00f3n, como una enfermedad de la tiroides, el tratamiento de la afecci\u00f3n desencadenante generalmente reduce el flujo sangu\u00edneo menstrual. Llame o programe una cita en l\u00ednea con Integral GINE.<\/span><\/p><\/div>\n\n\n\n<div class=\"wp-block-stackable-columns alignfull stk-block-columns stk-block stk-1277b19 stk-block-background stk--has-background-overlay\" data-block-id=\"1277b19\"><style>.stk-1277b19{background-color:#ffffff !important;padding-top:0px !important;padding-right:0px !important;padding-bottom:0px !important;padding-left:0px !important;margin-bottom:0px !important}.stk-1277b19:before{background-image:linear-gradient(180deg,#ffffff 55%,var(--paletteColor4,#102136) 55%) !important}<\/style><div class=\"stk-row stk-inner-blocks stk-block-content stk-content-align stk-1277b19-column\">\n<div class=\"wp-block-stackable-column stk-block-column stk-column stk-block stk-421c103 stk-block-background stk--has-background-overlay\" data-v=\"4\" data-block-id=\"421c103\"><style>.stk-421c103-container{margin-top:0px !important;margin-right:0px !important;margin-bottom:0px !important;margin-left:0px !important}.stk-421c103{background-color:var(--paletteColor1,#165F8C) !important;background-image:url(http:\/\/integralginehn.com\/wp-content\/uploads\/2023\/09\/telechargement.webp) !important;border-radius:10px !important;overflow:hidden !important;padding-top:100px !important;padding-right:300px !important;padding-bottom:100px !important;padding-left:300px !important}.stk-421c103:before{background-color:var(--paletteColor1,#165F8C) !important;opacity:0.5 !important}@media screen and (max-width:999px){.stk-421c103{padding-top:80px !important;padding-right:150px !important;padding-bottom:80px !important;padding-left:150px !important}}@media screen and (max-width:689px){.stk-421c103{padding-top:60px !important;padding-right:50px !important;padding-bottom:60px !important;padding-left:50px !important}}<\/style><div class=\"stk-column-wrapper stk-block-column__content stk-container stk-421c103-container stk--no-background stk--no-padding\"><div class=\"has-text-align-center stk-block-content stk-inner-blocks stk-421c103-inner-blocks\">\n<div class=\"wp-block-stackable-heading stk-block-heading stk-block-heading--v2 stk-block stk-01439a9\" id=\"es-hora-de-revisarte\" data-block-id=\"01439a9\"><style>.stk-01439a9{margin-bottom:10px !important}.stk-01439a9 .stk-block-heading__text{color:var(--paletteColor8,#ffffff) !important;font-weight:800 !important}@media screen and (max-width:689px){.stk-01439a9 .stk-block-heading__text{font-size:25px !important}}<\/style><h2 class=\"stk-block-heading__text has-text-color stk-block-heading--use-theme-margins\">Es Hora de Revisarte!<\/h2><\/div>\n\n\n\n<p><strong>\u00abTe invitamos a descubrir Integral GINE, donde tu salud es nuestra prioridad. \u00a1Esperamos verte pronto para cuidar de ti!\u00bb<\/strong><\/p>\n\n\n\n<div class=\"wp-block-stackable-button-group stk-block-button-group stk-block stk-29bed1e\" data-block-id=\"29bed1e\"><div class=\"stk-row stk-inner-blocks stk-block-content stk-button-group\">\n<div class=\"wp-block-stackable-button stk-block-button stk-block stk-d2d4ac2\" data-block-id=\"d2d4ac2\"><style>.stk-d2d4ac2 .stk-button{padding-top:12px !important;padding-right:30px !important;padding-bottom:12px !important;padding-left:30px !important;background:var(--paletteColor1,#165F8C) !important}.stk-d2d4ac2 .stk-button__inner-text{font-family:\"Raleway\",Sans-serif !important}<\/style><a class=\"stk-link stk-button stk--hover-effect-darken\" href=\"https:\/\/integralginehn.com\/index.php\/contacto\/\"><span class=\"stk-button__inner-text\"><strong>Agenda una Cita<\/strong><\/span><\/a><\/div>\n<\/div><\/div>\n<\/div><\/div><\/div>\n<\/div><\/div>\n","protected":false},"excerpt":{"rendered":"<p>Preguntas y respuestas sobre Sangrado Uterino Anormal \u00bfQu\u00e9 condiciones definen el Sangrado Uterino Anormal? El sangrado menstrual se considera m\u00e1s abundante de lo normal cuando se presentan una o m\u00e1s de las siguientes condiciones: Usar uno o m\u00e1s tampones o toallas sanitarias cada hora durante varias horas La necesidad de redoblar la protecci\u00f3n sanitaria para [&hellip;]<\/p>\n","protected":false},"author":1,"featured_media":0,"parent":0,"menu_order":0,"comment_status":"closed","ping_status":"closed","template":"","meta":{"footnotes":""},"blocksy_meta":"","_links":{"self":[{"href":"https:\/\/integralginehn.com\/index.php\/wp-json\/wp\/v2\/pages\/1064"}],"collection":[{"href":"https:\/\/integralginehn.com\/index.php\/wp-json\/wp\/v2\/pages"}],"about":[{"href":"https:\/\/integralginehn.com\/index.php\/wp-json\/wp\/v2\/types\/page"}],"author":[{"embeddable":true,"href":"https:\/\/integralginehn.com\/index.php\/wp-json\/wp\/v2\/users\/1"}],"replies":[{"embeddable":true,"href":"https:\/\/integralginehn.com\/index.php\/wp-json\/wp\/v2\/comments?post=1064"}],"version-history":[{"count":3,"href":"https:\/\/integralginehn.com\/index.php\/wp-json\/wp\/v2\/pages\/1064\/revisions"}],"predecessor-version":[{"id":1087,"href":"https:\/\/integralginehn.com\/index.php\/wp-json\/wp\/v2\/pages\/1064\/revisions\/1087"}],"wp:attachment":[{"href":"https:\/\/integralginehn.com\/index.php\/wp-json\/wp\/v2\/media?parent=1064"}],"curies":[{"name":"wp","href":"https:\/\/api.w.org\/{rel}","templated":true}]}}