{"id":1062,"date":"2023-10-07T17:35:22","date_gmt":"2023-10-07T23:35:22","guid":{"rendered":"https:\/\/integralginehn.com\/?page_id=1062"},"modified":"2023-10-07T18:13:45","modified_gmt":"2023-10-08T00:13:45","slug":"5-2","status":"publish","type":"page","link":"https:\/\/integralginehn.com\/index.php\/5-2\/","title":{"rendered":"Vaginitis"},"content":{"rendered":"\n<div class=\"wp-block-stackable-text stk-block-text stk-block stk-d7d0af5\" data-block-id=\"d7d0af5\"><style>.stk-d7d0af5 .stk-block-text__text{font-size:30px !important;font-family:\"Raleway\",Sans-serif !important}@media screen and (max-width:999px){.stk-d7d0af5 .stk-block-text__text{font-size:30px !important}}<\/style><p class=\"stk-block-text__text has-text-align-center\"><strong><span style=\"color: var(--paletteColor1, #165F8C);\" class=\"stk-highlight\">Preguntas y respuestas sobre infecciones por hongos <\/span><\/strong><\/p><\/div>\n\n\n\n<div class=\"wp-block-stackable-text stk-block-text stk-block stk-c28dcaa\" data-block-id=\"c28dcaa\"><style>.stk-c28dcaa .stk-block-text__text{font-size:21px !important;font-family:\"Raleway\",Sans-serif !important}@media screen and (max-width:999px){.stk-c28dcaa .stk-block-text__text{font-size:21px !important}}<\/style><p class=\"stk-block-text__text\"><strong><span style=\"color: var(--paletteColor1, #165F8C);\" class=\"stk-highlight\">\u00bfC\u00f3mo s\u00e9 si tengo una candidiasis? <\/span><\/strong><\/p><\/div>\n\n\n\n<div class=\"wp-block-stackable-text stk-block-text stk-block stk-2bbfe4e\" data-block-id=\"2bbfe4e\"><style>.stk-2bbfe4e .stk-block-text__text{font-family:\"Raleway\",Sans-serif !important}<\/style><p class=\"stk-block-text__text\"><span style=\"color: #000000;\" class=\"stk-highlight\">Las infecciones por hongos var\u00edan de leves a moderadas y sus s\u00edntomas incluyen:         <\/span><\/p><\/div>\n\n\n\n<div class=\"wp-block-stackable-text stk-block-text stk-block stk-c4661c7\" data-block-id=\"c4661c7\"><style>.stk-c4661c7 .stk-block-text__text{font-family:\"Raleway\",Sans-serif !important}<\/style><p class=\"stk-block-text__text\"><span style=\"color: #000000;\" class=\"stk-highlight\">Irritaci\u00f3n y picaz\u00f3n de la vagina y la vulva.         <\/span><\/p><\/div>\n\n\n\n<div class=\"wp-block-stackable-text stk-block-text stk-block stk-e0b5136\" data-block-id=\"e0b5136\"><style>.stk-e0b5136 .stk-block-text__text{font-family:\"Raleway\",Sans-serif !important}<\/style><p class=\"stk-block-text__text\"><span style=\"color: #000000;\" class=\"stk-highlight\">Sensaci\u00f3n de ardor al orinar o tener relaciones sexuales.         <\/span><\/p><\/div>\n\n\n\n<div class=\"wp-block-stackable-text stk-block-text stk-block stk-809fa0b\" data-block-id=\"809fa0b\"><style>.stk-809fa0b .stk-block-text__text{font-family:\"Raleway\",Sans-serif !important}<\/style><p class=\"stk-block-text__text\"><span style=\"color: #000000;\" class=\"stk-highlight\">Dolor o molestias en la vagina.         <\/span><\/p><\/div>\n\n\n\n<div class=\"wp-block-stackable-text stk-block-text stk-block stk-d4ebf2a\" data-block-id=\"d4ebf2a\"><style>.stk-d4ebf2a .stk-block-text__text{font-family:\"Raleway\",Sans-serif !important}<\/style><p class=\"stk-block-text__text\"><span style=\"color: #000000;\" class=\"stk-highlight\">Una erupci\u00f3n vaginal         <\/span><\/p><\/div>\n\n\n\n<div class=\"wp-block-stackable-text stk-block-text stk-block stk-59a5a53\" data-block-id=\"59a5a53\"><style>.stk-59a5a53 .stk-block-text__text{font-family:\"Raleway\",Sans-serif !important}<\/style><p class=\"stk-block-text__text\"><span style=\"color: #000000;\" class=\"stk-highlight\">Enrojecimiento e hinchaz\u00f3n de la vulva.         <\/span><\/p><\/div>\n\n\n\n<div class=\"wp-block-stackable-text stk-block-text stk-block stk-bbe3203\" data-block-id=\"bbe3203\"><style>.stk-bbe3203 .stk-block-text__text{font-family:\"Raleway\",Sans-serif !important}<\/style><p class=\"stk-block-text__text\"><span style=\"color: #000000;\" class=\"stk-highlight\">Secreci\u00f3n vaginal inodora, acuosa o espesa y blanca como el reques\u00f3n. <\/span><\/p><\/div>\n\n\n\n<div class=\"wp-block-stackable-text stk-block-text stk-block stk-e85ae16\" data-block-id=\"e85ae16\"><style>.stk-e85ae16 .stk-block-text__text{font-family:\"Raleway\",Sans-serif !important}<\/style><p class=\"stk-block-text__text\"><span style=\"color: #000000;\" class=\"stk-highlight\">Las infecciones por hongos complicadas a menudo presentan m\u00faltiples s\u00edntomas o estas condiciones:         <\/span><\/p><\/div>\n\n\n\n<div class=\"wp-block-stackable-text stk-block-text stk-block stk-810130c\" data-block-id=\"810130c\"><style>.stk-810130c .stk-block-text__text{font-family:\"Raleway\",Sans-serif !important}<\/style><p class=\"stk-block-text__text\"><span style=\"color: #000000;\" class=\"stk-highlight\">Enrojecimiento intenso, hinchaz\u00f3n o picaz\u00f3n que provoca llagas, desgarros o fisuras.         <\/span><\/p><\/div>\n\n\n\n<div class=\"wp-block-stackable-text stk-block-text stk-block stk-f4f21c0\" data-block-id=\"f4f21c0\"><style>.stk-f4f21c0 .stk-block-text__text{font-family:\"Raleway\",Sans-serif !important}<\/style><p class=\"stk-block-text__text\"><span style=\"color: #000000;\" class=\"stk-highlight\">4 o m\u00e1s infecciones al a\u00f1o         <\/span><\/p><\/div>\n\n\n\n<div class=\"wp-block-stackable-text stk-block-text stk-block stk-a7ecfb8\" data-block-id=\"a7ecfb8\"><style>.stk-a7ecfb8 .stk-block-text__text{font-family:\"Raleway\",Sans-serif !important}<\/style><p class=\"stk-block-text__text\"><span style=\"color: #000000;\" class=\"stk-highlight\">La paciente est\u00e1 embarazada, tiene diabetes o un trastorno del sistema inmunol\u00f3gico. <\/span><\/p><\/div>\n\n\n\n<div class=\"wp-block-stackable-text stk-block-text stk-block stk-744fe22\" data-block-id=\"744fe22\"><style>.stk-744fe22 .stk-block-text__text{font-size:21px !important;font-family:\"Raleway\",Sans-serif !important}@media screen and (max-width:999px){.stk-744fe22 .stk-block-text__text{font-size:21px !important}}<\/style><p class=\"stk-block-text__text\"><strong><span style=\"color: var(--paletteColor1, #165F8C);\" class=\"stk-highlight\">\u00bfQu\u00e9 causa las infecciones por hongos? <\/span><\/strong><\/p><\/div>\n\n\n\n<div class=\"wp-block-stackable-text stk-block-text stk-block stk-bb1f976\" data-block-id=\"bb1f976\"><style>.stk-bb1f976 .stk-block-text__text{font-family:\"Raleway\",Sans-serif !important}<\/style><p class=\"stk-block-text__text\"><span style=\"color: #000000;\" class=\"stk-highlight\">Las infecciones por hongos comienzan con un crecimiento excesivo de un hongo llamado c\u00e1ndida, que generalmente existe en equilibrio con otras levaduras y bacterias en la vagina. Normalmente, las bacterias lactobacillus produce suficiente \u00e1cido para mantener a la c\u00e1ndida bajo control, pero cuando no lo hace, la c\u00e1ndida crece demasiado y se produce una candidiasis. Algunas causas del crecimiento excesivo de levadura son:         <\/span><\/p><\/div>\n\n\n\n<div class=\"wp-block-stackable-text stk-block-text stk-block stk-0fd9934\" data-block-id=\"0fd9934\"><style>.stk-0fd9934 .stk-block-text__text{font-family:\"Raleway\",Sans-serif !important}<\/style><p class=\"stk-block-text__text\"><span style=\"color: #000000;\" class=\"stk-highlight\">El embarazo         <\/span><\/p><\/div>\n\n\n\n<div class=\"wp-block-stackable-text stk-block-text stk-block stk-4812ed8\" data-block-id=\"4812ed8\"><style>.stk-4812ed8 .stk-block-text__text{font-family:\"Raleway\",Sans-serif !important}<\/style><p class=\"stk-block-text__text\"><span style=\"color: #000000;\" class=\"stk-highlight\">Uso de antibi\u00f3ticos, que cambia el equilibrio \u00e1cido en la vagina.         <\/span><\/p><\/div>\n\n\n\n<div class=\"wp-block-stackable-text stk-block-text stk-block stk-cf3f292\" data-block-id=\"cf3f292\"><style>.stk-cf3f292 .stk-block-text__text{font-family:\"Raleway\",Sans-serif !important}<\/style><p class=\"stk-block-text__text\"><span style=\"color: #000000;\" class=\"stk-highlight\">Diabetes, especialmente cuando no est\u00e1 controlada         <\/span><\/p><\/div>\n\n\n\n<div class=\"wp-block-stackable-text stk-block-text stk-block stk-2780577\" data-block-id=\"2780577\"><style>.stk-2780577 .stk-block-text__text{font-family:\"Raleway\",Sans-serif !important}<\/style><p class=\"stk-block-text__text\"><span style=\"color: #000000;\" class=\"stk-highlight\">Terapia con estr\u00f3genos o anticonceptivos orales.         <\/span><\/p><\/div>\n\n\n\n<div class=\"wp-block-stackable-text stk-block-text stk-block stk-e4548f3\" data-block-id=\"e4548f3\"><style>.stk-e4548f3 .stk-block-text__text{font-family:\"Raleway\",Sans-serif !important}<\/style><p class=\"stk-block-text__text\"><span style=\"color: #000000;\" class=\"stk-highlight\">Problemas del sistema inmunol\u00f3gico <\/span><\/p><\/div>\n\n\n\n<div class=\"wp-block-stackable-text stk-block-text stk-block stk-ada895f\" data-block-id=\"ada895f\"><style>.stk-ada895f .stk-block-text__text{font-size:21px !important;font-family:\"Raleway\",Sans-serif !important}@media screen and (max-width:999px){.stk-ada895f .stk-block-text__text{font-size:21px !important}}<\/style><p class=\"stk-block-text__text\"><strong><span style=\"color: var(--paletteColor1, #165F8C);\" class=\"stk-highlight\">\u00bfC\u00f3mo se tratan las infecciones por hongos? <\/span><\/strong><\/p><\/div>\n\n\n\n<div class=\"wp-block-stackable-text stk-block-text stk-block stk-293dc61\" data-block-id=\"293dc61\"><style>.stk-293dc61 .stk-block-text__text{font-family:\"Raleway\",Sans-serif !important}<\/style><p class=\"stk-block-text__text\"><span style=\"color: #000000;\" class=\"stk-highlight\">El tratamiento var\u00eda para casos de candidiasis simples y complicados. Los medicamentos antimic\u00f3ticos recetados y de venta libre se pueden administrar durante 1, 3 o 7 d\u00edas, seg\u00fan el producto, y pueden ser suficientes para tratar las infecciones por hongos no complicadas. Estos medicamentos pueden estar disponibles en forma de tabletas, ung\u00fcentos, cremas o supositorios. Algunos productos pueden causar una ligera quemaz\u00f3n o irritaci\u00f3n al aplicarlos y, dado que los supositorios y las cremas tienen una base de aceite, las usuarios de condones y diafragmas a base de l\u00e1tex deben usar m\u00e9todos anticonceptivos alternativos durante el tratamiento de la candidiasis. <\/span><\/p><\/div>\n\n\n\n<div class=\"wp-block-stackable-text stk-block-text stk-block stk-cae22bf\" data-block-id=\"cae22bf\"><style>.stk-cae22bf .stk-block-text__text{font-family:\"Raleway\",Sans-serif !important}<\/style><p class=\"stk-block-text__text\"><span style=\"color: #000000;\" class=\"stk-highlight\">Las infecciones por hongos complicadas requieren tratamientos m\u00e1s prolongados, generalmente de 7 a 14 d\u00edas. El fluconazol, eficaz como dosis oral \u00fanica para infecciones simples, puede ampliarse a 2 o 3 dosis para problemas complicados, pero no es adecuado para su uso durante el embarazo. Un plan de mantenimiento de la candidiasis es posible para casos extremos.<\/span><\/p><\/div>\n\n\n\n<div class=\"wp-block-stackable-columns alignfull stk-block-columns stk-block stk-1277b19 stk-block-background stk--has-background-overlay\" data-block-id=\"1277b19\"><style>.stk-1277b19{background-color:#ffffff !important;padding-top:0px !important;padding-right:0px !important;padding-bottom:0px !important;padding-left:0px !important;margin-bottom:0px !important}.stk-1277b19:before{background-image:linear-gradient(180deg,#ffffff 55%,var(--paletteColor4,#102136) 55%) !important}<\/style><div class=\"stk-row stk-inner-blocks stk-block-content stk-content-align stk-1277b19-column\">\n<div class=\"wp-block-stackable-column stk-block-column stk-column stk-block stk-421c103 stk-block-background stk--has-background-overlay\" data-v=\"4\" data-block-id=\"421c103\"><style>.stk-421c103-container{margin-top:0px !important;margin-right:0px !important;margin-bottom:0px !important;margin-left:0px !important}.stk-421c103{background-color:var(--paletteColor1,#165F8C) !important;background-image:url(http:\/\/integralginehn.com\/wp-content\/uploads\/2023\/09\/telechargement.webp) !important;border-radius:10px !important;overflow:hidden !important;padding-top:100px !important;padding-right:300px !important;padding-bottom:100px !important;padding-left:300px !important}.stk-421c103:before{background-color:var(--paletteColor1,#165F8C) !important;opacity:0.5 !important}@media screen and (max-width:999px){.stk-421c103{padding-top:80px !important;padding-right:150px !important;padding-bottom:80px !important;padding-left:150px !important}}@media screen and (max-width:689px){.stk-421c103{padding-top:60px !important;padding-right:50px !important;padding-bottom:60px !important;padding-left:50px !important}}<\/style><div class=\"stk-column-wrapper stk-block-column__content stk-container stk-421c103-container stk--no-background stk--no-padding\"><div class=\"has-text-align-center stk-block-content stk-inner-blocks stk-421c103-inner-blocks\">\n<div class=\"wp-block-stackable-heading stk-block-heading stk-block-heading--v2 stk-block stk-01439a9\" id=\"es-hora-de-revisarte\" data-block-id=\"01439a9\"><style>.stk-01439a9{margin-bottom:10px !important}.stk-01439a9 .stk-block-heading__text{color:var(--paletteColor8,#ffffff) !important;font-weight:800 !important}@media screen and (max-width:689px){.stk-01439a9 .stk-block-heading__text{font-size:25px !important}}<\/style><h2 class=\"stk-block-heading__text has-text-color stk-block-heading--use-theme-margins\">Es Hora de Revisarte!<\/h2><\/div>\n\n\n\n<p><strong>\u00abTe invitamos a descubrir Integral GINE, donde tu salud es nuestra prioridad. \u00a1Esperamos verte pronto para cuidar de ti!\u00bb<\/strong><\/p>\n\n\n\n<div class=\"wp-block-stackable-button-group stk-block-button-group stk-block stk-29bed1e\" data-block-id=\"29bed1e\"><div class=\"stk-row stk-inner-blocks stk-block-content stk-button-group\">\n<div class=\"wp-block-stackable-button stk-block-button stk-block stk-d2d4ac2\" data-block-id=\"d2d4ac2\"><style>.stk-d2d4ac2 .stk-button{padding-top:12px !important;padding-right:30px !important;padding-bottom:12px !important;padding-left:30px !important;background:var(--paletteColor1,#165F8C) !important}.stk-d2d4ac2 .stk-button__inner-text{font-family:\"Raleway\",Sans-serif !important}<\/style><a class=\"stk-link stk-button stk--hover-effect-darken\" href=\"https:\/\/integralginehn.com\/index.php\/contacto\/\"><span class=\"stk-button__inner-text\"><strong>Agenda una Cita<\/strong><\/span><\/a><\/div>\n<\/div><\/div>\n<\/div><\/div><\/div>\n<\/div><\/div>\n","protected":false},"excerpt":{"rendered":"<p>Preguntas y respuestas sobre infecciones por hongos \u00bfC\u00f3mo s\u00e9 si tengo una candidiasis? Las infecciones por hongos var\u00edan de leves a moderadas y sus s\u00edntomas incluyen: Irritaci\u00f3n y picaz\u00f3n de la vagina y la vulva. Sensaci\u00f3n de ardor al orinar o tener relaciones sexuales. Dolor o molestias en la vagina. Una erupci\u00f3n vaginal Enrojecimiento e [&hellip;]<\/p>\n","protected":false},"author":1,"featured_media":0,"parent":0,"menu_order":0,"comment_status":"closed","ping_status":"closed","template":"","meta":{"footnotes":""},"blocksy_meta":"","_links":{"self":[{"href":"https:\/\/integralginehn.com\/index.php\/wp-json\/wp\/v2\/pages\/1062"}],"collection":[{"href":"https:\/\/integralginehn.com\/index.php\/wp-json\/wp\/v2\/pages"}],"about":[{"href":"https:\/\/integralginehn.com\/index.php\/wp-json\/wp\/v2\/types\/page"}],"author":[{"embeddable":true,"href":"https:\/\/integralginehn.com\/index.php\/wp-json\/wp\/v2\/users\/1"}],"replies":[{"embeddable":true,"href":"https:\/\/integralginehn.com\/index.php\/wp-json\/wp\/v2\/comments?post=1062"}],"version-history":[{"count":3,"href":"https:\/\/integralginehn.com\/index.php\/wp-json\/wp\/v2\/pages\/1062\/revisions"}],"predecessor-version":[{"id":1085,"href":"https:\/\/integralginehn.com\/index.php\/wp-json\/wp\/v2\/pages\/1062\/revisions\/1085"}],"wp:attachment":[{"href":"https:\/\/integralginehn.com\/index.php\/wp-json\/wp\/v2\/media?parent=1062"}],"curies":[{"name":"wp","href":"https:\/\/api.w.org\/{rel}","templated":true}]}}