{"id":1060,"date":"2023-10-07T17:35:02","date_gmt":"2023-10-07T23:35:02","guid":{"rendered":"https:\/\/integralginehn.com\/?page_id=1060"},"modified":"2023-10-07T18:07:12","modified_gmt":"2023-10-08T00:07:12","slug":"4-2","status":"publish","type":"page","link":"https:\/\/integralginehn.com\/index.php\/4-2\/","title":{"rendered":"Vaginosis Bacteriana"},"content":{"rendered":"\n<div class=\"wp-block-stackable-text stk-block-text stk-block stk-7a14186\" data-block-id=\"7a14186\"><style>.stk-7a14186 .stk-block-text__text{font-size:30px !important;font-family:\"Raleway\",Sans-serif !important}@media screen and (max-width:999px){.stk-7a14186 .stk-block-text__text{font-size:30px !important}}<\/style><p class=\"stk-block-text__text has-text-align-center\"><strong><span style=\"color: var(--paletteColor1, #165F8C);\" class=\"stk-highlight\">Preguntas y respuestas de Vaginosis Bacteriana<\/span><\/strong><\/p><\/div>\n\n\n\n<div class=\"wp-block-stackable-text stk-block-text stk-block stk-80e4382\" data-block-id=\"80e4382\"><style>.stk-80e4382 .stk-block-text__text{font-size:21px !important;font-family:\"Raleway\",Sans-serif !important}@media screen and (max-width:999px){.stk-80e4382 .stk-block-text__text{font-size:21px !important}}<\/style><p class=\"stk-block-text__text\"><strong><span style=\"color: var(--paletteColor1, #165F8C);\" class=\"stk-highlight\">\u00bfQu\u00e9 causa la Vaginosis Bacteriana? <\/span><\/strong><\/p><\/div>\n\n\n\n<div class=\"wp-block-stackable-text stk-block-text stk-block stk-42582bf\" data-block-id=\"42582bf\"><style>.stk-42582bf .stk-block-text__text{font-family:\"Raleway\",Sans-serif !important}<\/style><p class=\"stk-block-text__text\"><span style=\"color: var(--paletteColor4, #000000);\" class=\"stk-highlight\">Hay bacterias \u201cbuenas\u201d y \u201cmalas\u201d que existen en la vagina en cualquier momento. Las bacterias buenas llamadas lactobacilos mantienen en equilibrio a las anaerobias, las bacterias malas. Cuando se pierde este equilibrio y dominan los anaerobios, se desarrolla la vaginosis bacteriana. <\/span><\/p><\/div>\n\n\n\n<div class=\"wp-block-stackable-text stk-block-text stk-block stk-c4cbfdf\" data-block-id=\"c4cbfdf\"><style>.stk-c4cbfdf .stk-block-text__text{font-family:\"Raleway\",Sans-serif !important}<\/style><p class=\"stk-block-text__text\"><span style=\"color: var(--paletteColor4, #000000);\" class=\"stk-highlight\">Aunque no se comprende completamente por qu\u00e9, la <span style=\"color: var(--paletteColor4, #000000);\" class=\"stk-highlight\">Vaginosis Bacteriana<\/span> suele ocurrir cuando una mujer tiene una nueva pareja sexual. Las parejas m\u00faltiples y del mismo sexo tambi\u00e9n parecen conllevar un mayor riesgo de <span style=\"color: var(--paletteColor4, #000000);\" class=\"stk-highlight\">Vaginosis Bacteriana<\/span>. Las duchas vaginales tambi\u00e9n pueden precipitar una alteraci\u00f3n del equilibrio bacteriano, y este riesgo aumenta en las mujeres que se duchan con m\u00e1s frecuencia. La vagina tiene su propio sistema de limpieza, por lo que no es necesario realizar demasiadas duchas vaginales. Algunas mujeres naturalmente carecen de suficientes lactobacilos y son m\u00e1s propensas a la <span style=\"color: var(--paletteColor4, #000000);\" class=\"stk-highlight\">Vaginosis Bacteriana<\/span>. <\/span><\/p><\/div>\n\n\n\n<div class=\"wp-block-stackable-text stk-block-text stk-block stk-68aef01\" data-block-id=\"68aef01\"><style>.stk-68aef01 .stk-block-text__text{font-size:21px !important;font-family:\"Raleway\",Sans-serif !important}@media screen and (max-width:999px){.stk-68aef01 .stk-block-text__text{font-size:21px !important}}<\/style><p class=\"stk-block-text__text\"><strong><span style=\"color: var(--paletteColor1, #165F8C);\" class=\"stk-highlight\">\u00bfQu\u00e9 s\u00edntomas crea la <\/span>Vaginosis Bacteriana<span style=\"color: var(--paletteColor1, #165F8C);\" class=\"stk-highlight\">? <\/span><\/strong><\/p><\/div>\n\n\n\n<div class=\"wp-block-stackable-text stk-block-text stk-block stk-d70ef43\" data-block-id=\"d70ef43\"><style>.stk-d70ef43 .stk-block-text__text{font-family:\"Raleway\",Sans-serif !important}<\/style><p class=\"stk-block-text__text\"><span style=\"color: var(--paletteColor4, #000000);\" class=\"stk-highlight\">Algunas mujeres muestran pocos o ning\u00fan s\u00edntoma de <span style=\"color: var(--paletteColor4, #000000);\" class=\"stk-highlight\">Vaginosis Bacteriana<\/span>. En otros, puede ser dif\u00edcil pasarlo por alto. Los s\u00edntomas comunes incluyen:<\/span><\/p><\/div>\n\n\n\n<div class=\"wp-block-stackable-text stk-block-text stk-block stk-71747a6\" data-block-id=\"71747a6\"><style>.stk-71747a6 .stk-block-text__text{font-family:\"Raleway\",Sans-serif !important}<\/style><p class=\"stk-block-text__text\"><span style=\"color: var(--paletteColor4, #000000);\" class=\"stk-highlight\">Secreci\u00f3n vaginal que suele ser fina y de color gris, blanco o verde.         <\/span><\/p><\/div>\n\n\n\n<div class=\"wp-block-stackable-text stk-block-text stk-block stk-e780a34\" data-block-id=\"e780a34\"><style>.stk-e780a34 .stk-block-text__text{font-family:\"Raleway\",Sans-serif !important}<\/style><p class=\"stk-block-text__text\"><span style=\"color: var(--paletteColor4, #000000);\" class=\"stk-highlight\">Un olor fuerte generalmente descrito como parecido al del pescado.         <\/span><\/p><\/div>\n\n\n\n<div class=\"wp-block-stackable-text stk-block-text stk-block stk-c3f399f\" data-block-id=\"c3f399f\"><style>.stk-c3f399f .stk-block-text__text{font-family:\"Raleway\",Sans-serif !important}<\/style><p class=\"stk-block-text__text\"><span style=\"color: var(--paletteColor4, #000000);\" class=\"stk-highlight\">Sensaciones de picaz\u00f3n en la vagina.         <\/span><\/p><\/div>\n\n\n\n<div class=\"wp-block-stackable-text stk-block-text stk-block stk-edb067b\" data-block-id=\"edb067b\"><style>.stk-edb067b .stk-block-text__text{font-family:\"Raleway\",Sans-serif !important}<\/style><p class=\"stk-block-text__text\"><span style=\"color: var(--paletteColor4, #000000);\" class=\"stk-highlight\">Sensaciones de ardor al orinar. <\/span><\/p><\/div>\n\n\n\n<div class=\"wp-block-stackable-text stk-block-text stk-block stk-8585b3a\" data-block-id=\"8585b3a\"><style>.stk-8585b3a .stk-block-text__text{font-family:\"Raleway\",Sans-serif !important}<\/style><p class=\"stk-block-text__text\"><span style=\"color: var(--paletteColor4, #000000);\" class=\"stk-highlight\">Es hora de comunicarse con <strong>Integral GINE<\/strong> acerca de sus s\u00edntomas si:         <\/span><\/p><\/div>\n\n\n\n<div class=\"wp-block-stackable-text stk-block-text stk-block stk-b22ca0f\" data-block-id=\"b22ca0f\"><style>.stk-b22ca0f .stk-block-text__text{font-family:\"Raleway\",Sans-serif !important}<\/style><p class=\"stk-block-text__text\"><span style=\"color: var(--paletteColor4, #000000);\" class=\"stk-highlight\">Tienes un nuevo flujo vaginal acompa\u00f1ado de fiebre o olor fuerte.         <\/span><\/p><\/div>\n\n\n\n<div class=\"wp-block-stackable-text stk-block-text stk-block stk-57b7aaa\" data-block-id=\"57b7aaa\"><style>.stk-57b7aaa .stk-block-text__text{font-family:\"Raleway\",Sans-serif !important}<\/style><p class=\"stk-block-text__text\"><span style=\"color: var(--paletteColor4, #000000);\" class=\"stk-highlight\">Has tenido infecciones vaginales anteriormente, pero el flujo es diferente.         <\/span><\/p><\/div>\n\n\n\n<div class=\"wp-block-stackable-text stk-block-text stk-block stk-8478019\" data-block-id=\"8478019\"><style>.stk-8478019 .stk-block-text__text{font-family:\"Raleway\",Sans-serif !important}<\/style><p class=\"stk-block-text__text\"><span style=\"color: var(--paletteColor4, #000000);\" class=\"stk-highlight\">Tiene una nueva pareja o varias parejas, ya que la <span style=\"color: var(--paletteColor4, #000000);\" class=\"stk-highlight\">Vaginosis Bacteriana<\/span> puede parecerse a los s\u00edntomas de las infecciones de transmisi\u00f3n sexual.         <\/span><\/p><\/div>\n\n\n\n<div class=\"wp-block-stackable-text stk-block-text stk-block stk-816ea81\" data-block-id=\"816ea81\"><style>.stk-816ea81 .stk-block-text__text{font-family:\"Raleway\",Sans-serif !important}<\/style><p class=\"stk-block-text__text\"><span style=\"color: var(--paletteColor4, #000000);\" class=\"stk-highlight\">Los tratamientos para la candidiasis de venta libre no funcionan <\/span><\/p><\/div>\n\n\n\n<div class=\"wp-block-stackable-text stk-block-text stk-block stk-4cab7b5\" data-block-id=\"4cab7b5\"><style>.stk-4cab7b5 .stk-block-text__text{font-size:21px !important;font-family:\"Raleway\",Sans-serif !important}@media screen and (max-width:999px){.stk-4cab7b5 .stk-block-text__text{font-size:21px !important}}<\/style><p class=\"stk-block-text__text\"><strong><span style=\"color: var(--paletteColor1, #165F8C);\" class=\"stk-highlight\">\u00bfC\u00f3mo se trata la Vaginosis Bacteriana? <\/span><\/strong><\/p><\/div>\n\n\n\n<div class=\"wp-block-stackable-text stk-block-text stk-block stk-92004a6\" data-block-id=\"92004a6\"><style>.stk-92004a6 .stk-block-text__text{font-family:\"Raleway\",Sans-serif !important}<\/style><p class=\"stk-block-text__text\"><span style=\"color: var(--paletteColor4, #000000);\" class=\"stk-highlight\">Por lo general, se usan tres medicamentos para curar la <span style=\"color: var(--paletteColor4, #000000);\" class=\"stk-highlight\">Vaginosis Bacteriana<\/span>. El metronidazol viene en forma de p\u00edldora o gel que se administra por v\u00eda vaginal. La crema de clindamicina tambi\u00e9n se usa en la vagina. Tenga en cuenta que puede debilitar los condones de l\u00e1tex durante y poco despu\u00e9s del per\u00edodo de tratamiento. El tinidazol es un medicamento oral que funciona de manera muy similar al metronidazol. Ambos medicamentos orales pueden causar malestar estomacal y n\u00e1useas, y los pacientes deben evitar el alcohol mientras toman todos estos medicamentos. <\/span><\/p><\/div>\n\n\n\n<div class=\"wp-block-stackable-text stk-block-text stk-block stk-5d169be\" data-block-id=\"5d169be\"><style>.stk-5d169be .stk-block-text__text{font-family:\"Raleway\",Sans-serif !important}<\/style><p class=\"stk-block-text__text\"><span style=\"color: var(--paletteColor4, #000000);\" class=\"stk-highlight\">Completar el tratamiento completo prescrito es clave para prevenir la recurrencia, incluso si los s\u00edntomas desaparecen antes de que finalice el per\u00edodo de tratamiento. Es com\u00fan que la <span style=\"color: var(--paletteColor4, #000000);\" class=\"stk-highlight\">Vaginosis Bacteriana<\/span> reaparezca, a pesar de un tratamiento eficaz. Puede haber alg\u00fan beneficio al comer alimentos con lactobacilos, como los yogures probi\u00f3ticos, pero las investigaciones a\u00fan no son concluyentes.<\/span><\/p><\/div>\n\n\n\n<div class=\"wp-block-stackable-columns alignfull stk-block-columns stk-block stk-1277b19 stk-block-background stk--has-background-overlay\" data-block-id=\"1277b19\"><style>.stk-1277b19{background-color:#ffffff !important;padding-top:0px !important;padding-right:0px !important;padding-bottom:0px !important;padding-left:0px !important;margin-bottom:0px !important}.stk-1277b19:before{background-image:linear-gradient(180deg,#ffffff 55%,var(--paletteColor4,#102136) 55%) !important}<\/style><div class=\"stk-row stk-inner-blocks stk-block-content stk-content-align stk-1277b19-column\">\n<div class=\"wp-block-stackable-column stk-block-column stk-column stk-block stk-421c103 stk-block-background stk--has-background-overlay\" data-v=\"4\" data-block-id=\"421c103\"><style>.stk-421c103-container{margin-top:0px !important;margin-right:0px !important;margin-bottom:0px !important;margin-left:0px !important}.stk-421c103{background-color:var(--paletteColor1,#165F8C) !important;background-image:url(http:\/\/integralginehn.com\/wp-content\/uploads\/2023\/09\/telechargement.webp) !important;border-radius:10px !important;overflow:hidden !important;padding-top:100px !important;padding-right:300px !important;padding-bottom:100px !important;padding-left:300px !important}.stk-421c103:before{background-color:var(--paletteColor1,#165F8C) !important;opacity:0.5 !important}@media screen and (max-width:999px){.stk-421c103{padding-top:80px !important;padding-right:150px !important;padding-bottom:80px !important;padding-left:150px !important}}@media screen and (max-width:689px){.stk-421c103{padding-top:60px !important;padding-right:50px !important;padding-bottom:60px !important;padding-left:50px !important}}<\/style><div class=\"stk-column-wrapper stk-block-column__content stk-container stk-421c103-container stk--no-background stk--no-padding\"><div class=\"has-text-align-center stk-block-content stk-inner-blocks stk-421c103-inner-blocks\">\n<div class=\"wp-block-stackable-heading stk-block-heading stk-block-heading--v2 stk-block stk-01439a9\" id=\"es-hora-de-revisarte\" data-block-id=\"01439a9\"><style>.stk-01439a9{margin-bottom:10px !important}.stk-01439a9 .stk-block-heading__text{color:var(--paletteColor8,#ffffff) !important;font-weight:800 !important}@media screen and (max-width:689px){.stk-01439a9 .stk-block-heading__text{font-size:25px !important}}<\/style><h2 class=\"stk-block-heading__text has-text-color stk-block-heading--use-theme-margins\">Es Hora de Revisarte!<\/h2><\/div>\n\n\n\n<p><strong>\u00abTe invitamos a descubrir Integral GINE, donde tu salud es nuestra prioridad. \u00a1Esperamos verte pronto para cuidar de ti!\u00bb<\/strong><\/p>\n\n\n\n<div class=\"wp-block-stackable-button-group stk-block-button-group stk-block stk-29bed1e\" data-block-id=\"29bed1e\"><div class=\"stk-row stk-inner-blocks stk-block-content stk-button-group\">\n<div class=\"wp-block-stackable-button stk-block-button stk-block stk-d2d4ac2\" data-block-id=\"d2d4ac2\"><style>.stk-d2d4ac2 .stk-button{padding-top:12px !important;padding-right:30px !important;padding-bottom:12px !important;padding-left:30px !important;background:var(--paletteColor1,#165F8C) !important}.stk-d2d4ac2 .stk-button__inner-text{font-family:\"Raleway\",Sans-serif !important}<\/style><a class=\"stk-link stk-button stk--hover-effect-darken\" href=\"https:\/\/integralginehn.com\/index.php\/contacto\/\"><span class=\"stk-button__inner-text\"><strong>Agenda una Cita<\/strong><\/span><\/a><\/div>\n<\/div><\/div>\n<\/div><\/div><\/div>\n<\/div><\/div>\n","protected":false},"excerpt":{"rendered":"<p>Preguntas y respuestas de Vaginosis Bacteriana \u00bfQu\u00e9 causa la Vaginosis Bacteriana? Hay bacterias \u201cbuenas\u201d y \u201cmalas\u201d que existen en la vagina en cualquier momento. Las bacterias buenas llamadas lactobacilos mantienen en equilibrio a las anaerobias, las bacterias malas. Cuando se pierde este equilibrio y dominan los anaerobios, se desarrolla la vaginosis bacteriana. Aunque no se [&hellip;]<\/p>\n","protected":false},"author":1,"featured_media":0,"parent":0,"menu_order":0,"comment_status":"closed","ping_status":"closed","template":"","meta":{"footnotes":""},"blocksy_meta":"","_links":{"self":[{"href":"https:\/\/integralginehn.com\/index.php\/wp-json\/wp\/v2\/pages\/1060"}],"collection":[{"href":"https:\/\/integralginehn.com\/index.php\/wp-json\/wp\/v2\/pages"}],"about":[{"href":"https:\/\/integralginehn.com\/index.php\/wp-json\/wp\/v2\/types\/page"}],"author":[{"embeddable":true,"href":"https:\/\/integralginehn.com\/index.php\/wp-json\/wp\/v2\/users\/1"}],"replies":[{"embeddable":true,"href":"https:\/\/integralginehn.com\/index.php\/wp-json\/wp\/v2\/comments?post=1060"}],"version-history":[{"count":3,"href":"https:\/\/integralginehn.com\/index.php\/wp-json\/wp\/v2\/pages\/1060\/revisions"}],"predecessor-version":[{"id":1083,"href":"https:\/\/integralginehn.com\/index.php\/wp-json\/wp\/v2\/pages\/1060\/revisions\/1083"}],"wp:attachment":[{"href":"https:\/\/integralginehn.com\/index.php\/wp-json\/wp\/v2\/media?parent=1060"}],"curies":[{"name":"wp","href":"https:\/\/api.w.org\/{rel}","templated":true}]}}