{"id":1056,"date":"2023-10-07T17:34:37","date_gmt":"2023-10-07T23:34:37","guid":{"rendered":"https:\/\/integralginehn.com\/?page_id=1056"},"modified":"2023-10-07T17:51:27","modified_gmt":"2023-10-07T23:51:27","slug":"2-2","status":"publish","type":"page","link":"https:\/\/integralginehn.com\/index.php\/2-2\/","title":{"rendered":"ITS"},"content":{"rendered":"\n<div class=\"wp-block-stackable-text stk-block-text stk-block stk-56dc951\" data-block-id=\"56dc951\"><style>.stk-56dc951 .stk-block-text__text{font-size:30px !important;font-family:\"Raleway\",Sans-serif !important}@media screen and (max-width:999px){.stk-56dc951 .stk-block-text__text{font-size:30px !important}}<\/style><p class=\"stk-block-text__text has-text-align-center\"><font color=\"rgba(0, 0, 0, 0)\"><span style=\"color: var(--paletteColor1, #165F8C);\" class=\"stk-highlight\"><b>Preguntas y respuestas sobre pruebas de Infecciones de <\/b><\/span><\/font><strong><span style=\"color: var(--paletteColor1, #165F8C);\" class=\"stk-highlight\">Transmisi\u00f3n Sexual <\/span><\/strong><\/p><\/div>\n\n\n\n<div class=\"wp-block-stackable-text stk-block-text stk-block stk-2da00ec\" data-block-id=\"2da00ec\"><style>.stk-2da00ec .stk-block-text__text{font-size:21px !important;font-family:\"Raleway\",Sans-serif !important}@media screen and (max-width:999px){.stk-2da00ec .stk-block-text__text{font-size:21px !important}}<\/style><p class=\"stk-block-text__text\"><strong><span style=\"color: var(--paletteColor1, #165F8C);\" class=\"stk-highlight\">\u00bfSe realizan pruebas de detecci\u00f3n de ITS durante ex\u00e1menes de rutina, como pruebas de Citolog\u00eda y an\u00e1lisis de sangre? <\/span><\/strong><\/p><\/div>\n\n\n\n<div class=\"wp-block-stackable-text stk-block-text stk-block stk-2513c70\" data-block-id=\"2513c70\"><style>.stk-2513c70 .stk-block-text__text{font-family:\"Raleway\",Sans-serif !important}<\/style><p class=\"stk-block-text__text\"><span style=\"color: var(--paletteColor4, #000000);\" class=\"stk-highlight\">A menos que haya s\u00edntomas activos que puedan deberse a una ITS, probablemente no le realicen ning\u00fan examen de detecci\u00f3n. Si cree que necesita estas pruebas, solic\u00edtelas a su m\u00e9dico de <strong>Integral GINE<\/strong>. El tipo de examen que necesita depende de factores como la edad, el comportamiento sexual y otros factores. El riesgo de sufrir varios tipos de ITS cambia seg\u00fan la demograf\u00eda y los estilos de vida. <\/span><\/p><\/div>\n\n\n\n<div class=\"wp-block-stackable-text stk-block-text stk-block stk-9f2c67e\" data-block-id=\"9f2c67e\"><style>.stk-9f2c67e .stk-block-text__text{font-family:\"Raleway\",Sans-serif !important}<\/style><p class=\"stk-block-text__text\"><span style=\"color: var(--paletteColor4, #000000);\" class=\"stk-highlight\">\u00bfPara qu\u00e9 ITS deber\u00eda hacerme la prueba? <\/span><\/p><\/div>\n\n\n\n<div class=\"wp-block-stackable-text stk-block-text stk-block stk-59280c9\" data-block-id=\"59280c9\"><style>.stk-59280c9 .stk-block-text__text{font-family:\"Raleway\",Sans-serif !important}<\/style><p class=\"stk-block-text__text\"><span style=\"color: var(--paletteColor4, #000000);\" class=\"stk-highlight\">Las pruebas de clamidia y gonorrea deben realizarse anualmente si es una mujer sexualmente activa menor de 25 a\u00f1os. Si tiene m\u00e1s de 25 a\u00f1os, estas pruebas solo son necesarias si participas en actividades de riesgo elevado, como con un nuevo pareja o con m\u00faltiples parejas. Si su pareja es un hombre que ha tenido experiencias con personas del mismo sexo, tambi\u00e9n se recomiendan estas pruebas. <\/span><\/p><\/div>\n\n\n\n<div class=\"wp-block-stackable-text stk-block-text stk-block stk-4523791\" data-block-id=\"4523791\"><style>.stk-4523791 .stk-block-text__text{font-family:\"Raleway\",Sans-serif !important}<\/style><p class=\"stk-block-text__text\"><span style=\"color: var(--paletteColor4, #000000);\" class=\"stk-highlight\">El Centro para el Control y la Prevenci\u00f3n de Enfermedades recomienda que se realicen pruebas al menos una vez a todas las personas entre 15 y 65 a\u00f1os. Los grupos de alto riesgo deben hacerse pruebas anualmente mientras participan activamente en actividades de alto riesgo. <\/span><\/p><\/div>\n\n\n\n<div class=\"wp-block-stackable-text stk-block-text stk-block stk-ac277e6\" data-block-id=\"ac277e6\"><style>.stk-ac277e6 .stk-block-text__text{font-family:\"Raleway\",Sans-serif !important}<\/style><p class=\"stk-block-text__text\"><span style=\"color: var(--paletteColor4, #000000);\" class=\"stk-highlight\">La prueba de detecci\u00f3n de hepatitis autoriza a los pacientes a vacunarse contra la hepatitis A y B. Las personas nacidas entre 1945 y 1965 deben hacerse la prueba de hepatitis C, ya que es alta en ese grupo y rara vez muestra s\u00edntomas hasta las \u00faltimas etapas. El VIH y la hepatitis se diagnostican mediante una muestra de sangre. <\/span><\/p><\/div>\n\n\n\n<div class=\"wp-block-stackable-text stk-block-text stk-block stk-41ec8f0\" data-block-id=\"41ec8f0\"><style>.stk-41ec8f0 .stk-block-text__text{font-family:\"Raleway\",Sans-serif !important}<\/style><p class=\"stk-block-text__text\"><span style=\"color: var(--paletteColor4, #000000);\" class=\"stk-highlight\">Se recomienda la prueba de detecci\u00f3n de s\u00edfilis cuando la prueba de otras ITS da positivo, tiene m\u00faltiples parejas, usa drogas intravenosas o est\u00e1s embarazada o planeas estarlo. La s\u00edfilis se puede diagnosticar mediante un an\u00e1lisis de sangre o una muestra de llagas genitales, si \u00e9stas est\u00e1n presentes. <\/span><\/p><\/div>\n\n\n\n<div class=\"wp-block-stackable-text stk-block-text stk-block stk-8d05fda\" data-block-id=\"8d05fda\"><style>.stk-8d05fda .stk-block-text__text{font-size:21px !important;font-family:\"Raleway\",Sans-serif !important}@media screen and (max-width:999px){.stk-8d05fda .stk-block-text__text{font-size:21px !important}}<\/style><p class=\"stk-block-text__text\"><strong><span style=\"color: var(--paletteColor1, #165F8C);\" class=\"stk-highlight\">\u00bfC\u00f3mo se detecta el herpes? <\/span><\/strong><\/p><\/div>\n\n\n\n<div class=\"wp-block-stackable-text stk-block-text stk-block stk-6620b56\" data-block-id=\"6620b56\"><style>.stk-6620b56 .stk-block-text__text{font-family:\"Raleway\",Sans-serif !important}<\/style><p class=\"stk-block-text__text\"><span style=\"color: var(--paletteColor4, #000000);\" class=\"stk-highlight\">No existe una prueba de detecci\u00f3n confiable para el herpes, que es una infecci\u00f3n viral que puede transmitirse incluso si una persona no muestra s\u00edntomas. Analizar muestras de tejido o cultivar ampollas o \u00falceras puede diagnosticar la infecci\u00f3n, pero aun as\u00ed, un resultado negativo no descarta el herpes. Los an\u00e1lisis de sangre pueden detectar la afecci\u00f3n, pero no siempre son confiables, ya que es posible obtener resultados tanto falsos positivos como falsos negativos.<\/span><\/p><\/div>\n\n\n\n<div class=\"wp-block-stackable-columns alignfull stk-block-columns stk-block stk-1277b19 stk-block-background stk--has-background-overlay\" data-block-id=\"1277b19\"><style>.stk-1277b19{background-color:#ffffff !important;padding-top:0px !important;padding-right:0px !important;padding-bottom:0px !important;padding-left:0px !important;margin-bottom:0px !important}.stk-1277b19:before{background-image:linear-gradient(180deg,#ffffff 55%,var(--paletteColor4,#102136) 55%) !important}<\/style><div class=\"stk-row stk-inner-blocks stk-block-content stk-content-align stk-1277b19-column\">\n<div class=\"wp-block-stackable-column stk-block-column stk-column stk-block stk-421c103 stk-block-background stk--has-background-overlay\" data-v=\"4\" data-block-id=\"421c103\"><style>.stk-421c103-container{margin-top:0px !important;margin-right:0px !important;margin-bottom:0px !important;margin-left:0px !important}.stk-421c103{background-color:var(--paletteColor1,#165F8C) !important;background-image:url(http:\/\/integralginehn.com\/wp-content\/uploads\/2023\/09\/telechargement.webp) !important;border-radius:10px !important;overflow:hidden !important;padding-top:100px !important;padding-right:300px !important;padding-bottom:100px !important;padding-left:300px !important}.stk-421c103:before{background-color:var(--paletteColor1,#165F8C) !important;opacity:0.5 !important}@media screen and (max-width:999px){.stk-421c103{padding-top:80px !important;padding-right:150px !important;padding-bottom:80px !important;padding-left:150px !important}}@media screen and (max-width:689px){.stk-421c103{padding-top:60px !important;padding-right:50px !important;padding-bottom:60px !important;padding-left:50px !important}}<\/style><div class=\"stk-column-wrapper stk-block-column__content stk-container stk-421c103-container stk--no-background stk--no-padding\"><div class=\"has-text-align-center stk-block-content stk-inner-blocks stk-421c103-inner-blocks\">\n<div class=\"wp-block-stackable-heading stk-block-heading stk-block-heading--v2 stk-block stk-01439a9\" id=\"es-hora-de-revisarte\" data-block-id=\"01439a9\"><style>.stk-01439a9{margin-bottom:10px !important}.stk-01439a9 .stk-block-heading__text{color:var(--paletteColor8,#ffffff) !important;font-weight:800 !important}@media screen and (max-width:689px){.stk-01439a9 .stk-block-heading__text{font-size:25px !important}}<\/style><h2 class=\"stk-block-heading__text has-text-color stk-block-heading--use-theme-margins\">Es Hora de Revisarte!<\/h2><\/div>\n\n\n\n<p><strong>\u00abTe invitamos a descubrir Integral GINE, donde tu salud es nuestra prioridad. \u00a1Esperamos verte pronto para cuidar de ti!\u00bb<\/strong><\/p>\n\n\n\n<div class=\"wp-block-stackable-button-group stk-block-button-group stk-block stk-29bed1e\" data-block-id=\"29bed1e\"><div class=\"stk-row stk-inner-blocks stk-block-content stk-button-group\">\n<div class=\"wp-block-stackable-button stk-block-button stk-block stk-d2d4ac2\" data-block-id=\"d2d4ac2\"><style>.stk-d2d4ac2 .stk-button{padding-top:12px !important;padding-right:30px !important;padding-bottom:12px !important;padding-left:30px !important;background:var(--paletteColor1,#165F8C) !important}.stk-d2d4ac2 .stk-button__inner-text{font-family:\"Raleway\",Sans-serif !important}<\/style><a class=\"stk-link stk-button stk--hover-effect-darken\" href=\"https:\/\/integralginehn.com\/index.php\/contacto\/\"><span class=\"stk-button__inner-text\"><strong>Agenda una Cita<\/strong><\/span><\/a><\/div>\n<\/div><\/div>\n<\/div><\/div><\/div>\n<\/div><\/div>\n","protected":false},"excerpt":{"rendered":"<p>Preguntas y respuestas sobre pruebas de Infecciones de Transmisi\u00f3n Sexual \u00bfSe realizan pruebas de detecci\u00f3n de ITS durante ex\u00e1menes de rutina, como pruebas de Citolog\u00eda y an\u00e1lisis de sangre? A menos que haya s\u00edntomas activos que puedan deberse a una ITS, probablemente no le realicen ning\u00fan examen de detecci\u00f3n. Si cree que necesita estas pruebas, [&hellip;]<\/p>\n","protected":false},"author":1,"featured_media":0,"parent":0,"menu_order":0,"comment_status":"closed","ping_status":"closed","template":"","meta":{"footnotes":""},"blocksy_meta":"","_links":{"self":[{"href":"https:\/\/integralginehn.com\/index.php\/wp-json\/wp\/v2\/pages\/1056"}],"collection":[{"href":"https:\/\/integralginehn.com\/index.php\/wp-json\/wp\/v2\/pages"}],"about":[{"href":"https:\/\/integralginehn.com\/index.php\/wp-json\/wp\/v2\/types\/page"}],"author":[{"embeddable":true,"href":"https:\/\/integralginehn.com\/index.php\/wp-json\/wp\/v2\/users\/1"}],"replies":[{"embeddable":true,"href":"https:\/\/integralginehn.com\/index.php\/wp-json\/wp\/v2\/comments?post=1056"}],"version-history":[{"count":3,"href":"https:\/\/integralginehn.com\/index.php\/wp-json\/wp\/v2\/pages\/1056\/revisions"}],"predecessor-version":[{"id":1077,"href":"https:\/\/integralginehn.com\/index.php\/wp-json\/wp\/v2\/pages\/1056\/revisions\/1077"}],"wp:attachment":[{"href":"https:\/\/integralginehn.com\/index.php\/wp-json\/wp\/v2\/media?parent=1056"}],"curies":[{"name":"wp","href":"https:\/\/api.w.org\/{rel}","templated":true}]}}