{"id":1054,"date":"2023-10-07T17:34:20","date_gmt":"2023-10-07T23:34:20","guid":{"rendered":"https:\/\/integralginehn.com\/?page_id=1054"},"modified":"2023-10-07T17:44:48","modified_gmt":"2023-10-07T23:44:48","slug":"1-2","status":"publish","type":"page","link":"https:\/\/integralginehn.com\/index.php\/1-2\/","title":{"rendered":"Infecciones Urinarias"},"content":{"rendered":"\n<div class=\"wp-block-stackable-text stk-block-text stk-block stk-28f00dc\" data-block-id=\"28f00dc\"><style>.stk-28f00dc .stk-block-text__text{font-size:30px !important;font-family:\"Raleway\",Sans-serif !important}@media screen and (max-width:999px){.stk-28f00dc .stk-block-text__text{font-size:30px !important}}<\/style><p class=\"stk-block-text__text has-text-align-center\"><strong><span style=\"color: var(--paletteColor1, #165F8C);\" class=\"stk-highlight\">Preguntas y respuestas sobre Infecciones Urinarias <\/span><\/strong><\/p><\/div>\n\n\n\n<div class=\"wp-block-stackable-text stk-block-text stk-block stk-848760c\" data-block-id=\"848760c\"><style>.stk-848760c .stk-block-text__text{font-size:21px !important;font-family:\"Raleway\",Sans-serif !important}@media screen and (max-width:999px){.stk-848760c .stk-block-text__text{font-size:21px !important}}<\/style><p class=\"stk-block-text__text\"><strong><span style=\"color: var(--paletteColor1, #165F8C);\" class=\"stk-highlight\">\u00bfQu\u00e9 es una Infecci\u00f3n Urinaria? <\/span><\/strong><\/p><\/div>\n\n\n\n<div class=\"wp-block-stackable-text stk-block-text stk-block stk-77f64fd\" data-block-id=\"77f64fd\"><style>.stk-77f64fd .stk-block-text__text{font-family:\"Raleway\",Sans-serif !important}<\/style><p class=\"stk-block-text__text\"><span style=\"color: var(--paletteColor4, #000000);\" class=\"stk-highlight\">Cualquier infecci\u00f3n que se produzca en el sistema urinario (desde los ri\u00f1ones hasta los ur\u00e9teres, la vejiga y la uretra) se denomina ITU. La mayor\u00eda de las infecciones afectan el tracto inferior, la vejiga y la uretra. Si bien la mayor\u00eda de las ITU inferiores son m\u00e1s molestas que peligrosas, pueden ser bastante dolorosas. Sin embargo, si la ITU se propaga a los ri\u00f1ones, la infecci\u00f3n se vuelve mucho m\u00e1s grave. Las infecciones urinarias se tratan f\u00e1cilmente en las primeras etapas y, en primer lugar, hay cosas que una mujer puede hacer para reducir las posibilidades de infecci\u00f3n. <\/span><\/p><\/div>\n\n\n\n<div class=\"wp-block-stackable-text stk-block-text stk-block stk-4408530\" data-block-id=\"4408530\"><style>.stk-4408530 .stk-block-text__text{font-size:21px !important;font-family:\"Raleway\",Sans-serif !important}@media screen and (max-width:999px){.stk-4408530 .stk-block-text__text{font-size:21px !important}}<\/style><p class=\"stk-block-text__text\"><strong><span style=\"color: var(--paletteColor1, #165F8C);\" class=\"stk-highlight\">\u00bfCu\u00e1les son los s\u00edntomas de las ITU? <\/span><\/strong><\/p><\/div>\n\n\n\n<div class=\"wp-block-stackable-text stk-block-text stk-block stk-4e54af4\" data-block-id=\"4e54af4\"><style>.stk-4e54af4 .stk-block-text__text{font-family:\"Raleway\",Sans-serif !important}<\/style><p class=\"stk-block-text__text\"><span style=\"color: var(--paletteColor4, #000000);\" class=\"stk-highlight\">No todas las ITU presentan s\u00edntomas. Cuando lo hacen, estos com\u00fanmente incluyen:         <\/span><\/p><\/div>\n\n\n\n<div class=\"wp-block-stackable-text stk-block-text stk-block stk-ccf5650\" data-block-id=\"ccf5650\"><style>.stk-ccf5650 .stk-block-text__text{font-family:\"Raleway\",Sans-serif !important}<\/style><p class=\"stk-block-text__text\"><span style=\"color: var(--paletteColor4, #000000);\" class=\"stk-highlight\">Una necesidad persistente de orinar, aunque solo se produce una peque\u00f1a cantidad.         <\/span><\/p><\/div>\n\n\n\n<div class=\"wp-block-stackable-text stk-block-text stk-block stk-3539b17\" data-block-id=\"3539b17\"><style>.stk-3539b17 .stk-block-text__text{font-family:\"Raleway\",Sans-serif !important}<\/style><p class=\"stk-block-text__text\"><span style=\"color: var(--paletteColor4, #000000);\" class=\"stk-highlight\">Sensaci\u00f3n de ardor al orinar         <\/span><\/p><\/div>\n\n\n\n<div class=\"wp-block-stackable-text stk-block-text stk-block stk-f5a6984\" data-block-id=\"f5a6984\"><style>.stk-f5a6984 .stk-block-text__text{font-family:\"Raleway\",Sans-serif !important}<\/style><p class=\"stk-block-text__text\"><span style=\"color: var(--paletteColor4, #000000);\" class=\"stk-highlight\">Orina turbia o indicios de sangre, como orina rosada, roja o de color cola.         <\/span><\/p><\/div>\n\n\n\n<div class=\"wp-block-stackable-text stk-block-text stk-block stk-b06f87d\" data-block-id=\"b06f87d\"><style>.stk-b06f87d .stk-block-text__text{font-family:\"Raleway\",Sans-serif !important}<\/style><p class=\"stk-block-text__text\"><span style=\"color: var(--paletteColor4, #000000);\" class=\"stk-highlight\">Olores fuertes en la orina.         <\/span><\/p><\/div>\n\n\n\n<div class=\"wp-block-stackable-text stk-block-text stk-block stk-c690e3e\" data-block-id=\"c690e3e\"><style>.stk-c690e3e .stk-block-text__text{font-family:\"Raleway\",Sans-serif !important}<\/style><p class=\"stk-block-text__text\"><span style=\"color: var(--paletteColor4, #000000);\" class=\"stk-highlight\">Dolor, generalmente en el centro de la pelvis. <\/span><\/p><\/div>\n\n\n\n<div class=\"wp-block-stackable-text stk-block-text stk-block stk-e382f92\" data-block-id=\"e382f92\"><style>.stk-e382f92 .stk-block-text__text{font-family:\"Raleway\",Sans-serif !important}<\/style><p class=\"stk-block-text__text\"><span style=\"color: var(--paletteColor4, #000000);\" class=\"stk-highlight\">Cada s\u00edntoma puede ser una pista sobre el tipo de ITU y la parte del sistema urinario afectada. <\/span><\/p><\/div>\n\n\n\n<div class=\"wp-block-stackable-text stk-block-text stk-block stk-b50fb04\" data-block-id=\"b50fb04\"><style>.stk-b50fb04 .stk-block-text__text{font-size:21px !important;font-family:\"Raleway\",Sans-serif !important}@media screen and (max-width:999px){.stk-b50fb04 .stk-block-text__text{font-size:21px !important}}<\/style><p class=\"stk-block-text__text\"><strong><span style=\"color: var(--paletteColor1, #165F8C);\" class=\"stk-highlight\">\u00bfQu\u00e9 causa las Infecciones Urinarias? <\/span><\/strong><\/p><\/div>\n\n\n\n<div class=\"wp-block-stackable-text stk-block-text stk-block stk-b90ccb3\" data-block-id=\"b90ccb3\"><style>.stk-b90ccb3 .stk-block-text__text{font-family:\"Raleway\",Sans-serif !important}<\/style><p class=\"stk-block-text__text\"><span style=\"color: var(--paletteColor4, #000000);\" class=\"stk-highlight\">Las infecciones urinarias generalmente ocurren cuando las bacterias ingresan al tracto urinario. El sistema urinario generalmente mantiene estas bacterias bajo control, pero ocasionalmente se ve abrumado y las bacterias se multiplican a un nivel suficiente como para causar una infecci\u00f3n. Las bacterias pueden llegar a trav\u00e9s del sistema digestivo, dada la proximidad entre la uretra y el ano, pero otras bacterias pueden introducirse durante las relaciones sexuales. Algunas infecciones urinarias tambi\u00e9n se deben a complicaciones de infecciones de transmisi\u00f3n sexual. <\/span><\/p><\/div>\n\n\n\n<div class=\"wp-block-stackable-text stk-block-text stk-block stk-b944c62\" data-block-id=\"b944c62\"><style>.stk-b944c62 .stk-block-text__text{font-size:21px !important;font-family:\"Raleway\",Sans-serif !important}@media screen and (max-width:999px){.stk-b944c62 .stk-block-text__text{font-size:21px !important}}<\/style><p class=\"stk-block-text__text\"><strong><span style=\"color: var(--paletteColor1, #165F8C);\" class=\"stk-highlight\">\u00bfC\u00f3mo puedo evitar las Infecciones Urinarias en primer lugar? <\/span><\/strong><\/p><\/div>\n\n\n\n<div class=\"wp-block-stackable-text stk-block-text stk-block stk-a42b4ec\" data-block-id=\"a42b4ec\"><style>.stk-a42b4ec .stk-block-text__text{font-family:\"Raleway\",Sans-serif !important}<\/style><p class=\"stk-block-text__text\"><span style=\"color: var(--paletteColor4, #000000);\" class=\"stk-highlight\">Hay cosas que puede hacer para aliviar los s\u00edntomas y, en primer lugar, evitar infectarse. Beber mucha agua diluye la orina y mantiene el sistema urinario limpio y en funcionamiento. <\/span><\/p><\/div>\n\n\n\n<div class=\"wp-block-stackable-text stk-block-text stk-block stk-850ae6b\" data-block-id=\"850ae6b\"><style>.stk-850ae6b .stk-block-text__text{font-family:\"Raleway\",Sans-serif !important}<\/style><p class=\"stk-block-text__text\"><span style=\"color: var(--paletteColor4, #000000);\" class=\"stk-highlight\">Cuando tienes una Infecci\u00f3n Urinaria, beber mucha agua sigue siendo una buena idea. Adem\u00e1s, evite el alcohol, la cafe\u00edna y los c\u00edtricos, que pueden irritar la vejiga y aumentar la sensaci\u00f3n de ardor al orinar. Si bien la evidencia es contradictoria, algunos estudios indican que el jugo de ar\u00e1ndano puede ayudar a prevenir las infecciones urinarias, especialmente en mujeres que sufren infecciones recurrentes. Tiene algunas interacciones medicamentosas, as\u00ed que consulte con el m\u00e9dico antes de beber jugo de ar\u00e1ndano, especialmente si est\u00e1 usando anticoagulantes u otros medicamentos recetados.<\/span><\/p><\/div>\n\n\n\n<div class=\"wp-block-stackable-columns alignfull stk-block-columns stk-block stk-1277b19 stk-block-background stk--has-background-overlay\" data-block-id=\"1277b19\"><style>.stk-1277b19{background-color:#ffffff !important;padding-top:0px !important;padding-right:0px !important;padding-bottom:0px !important;padding-left:0px !important;margin-bottom:0px !important}.stk-1277b19:before{background-image:linear-gradient(180deg,#ffffff 55%,var(--paletteColor4,#102136) 55%) !important}<\/style><div class=\"stk-row stk-inner-blocks stk-block-content stk-content-align stk-1277b19-column\">\n<div class=\"wp-block-stackable-column stk-block-column stk-column stk-block stk-421c103 stk-block-background stk--has-background-overlay\" data-v=\"4\" data-block-id=\"421c103\"><style>.stk-421c103-container{margin-top:0px !important;margin-right:0px !important;margin-bottom:0px !important;margin-left:0px !important}.stk-421c103{background-color:var(--paletteColor1,#165F8C) !important;background-image:url(http:\/\/integralginehn.com\/wp-content\/uploads\/2023\/09\/telechargement.webp) !important;border-radius:10px !important;overflow:hidden !important;padding-top:100px !important;padding-right:300px !important;padding-bottom:100px !important;padding-left:300px !important}.stk-421c103:before{background-color:var(--paletteColor1,#165F8C) !important;opacity:0.5 !important}@media screen and (max-width:999px){.stk-421c103{padding-top:80px !important;padding-right:150px !important;padding-bottom:80px !important;padding-left:150px !important}}@media screen and (max-width:689px){.stk-421c103{padding-top:60px !important;padding-right:50px !important;padding-bottom:60px !important;padding-left:50px !important}}<\/style><div class=\"stk-column-wrapper stk-block-column__content stk-container stk-421c103-container stk--no-background stk--no-padding\"><div class=\"has-text-align-center stk-block-content stk-inner-blocks stk-421c103-inner-blocks\">\n<div class=\"wp-block-stackable-heading stk-block-heading stk-block-heading--v2 stk-block stk-01439a9\" id=\"es-hora-de-revisarte\" data-block-id=\"01439a9\"><style>.stk-01439a9{margin-bottom:10px !important}.stk-01439a9 .stk-block-heading__text{color:var(--paletteColor8,#ffffff) !important;font-weight:800 !important}@media screen and (max-width:689px){.stk-01439a9 .stk-block-heading__text{font-size:25px !important}}<\/style><h2 class=\"stk-block-heading__text has-text-color stk-block-heading--use-theme-margins\">Es Hora de Revisarte!<\/h2><\/div>\n\n\n\n<p><strong>\u00abTe invitamos a descubrir Integral GINE, donde tu salud es nuestra prioridad. \u00a1Esperamos verte pronto para cuidar de ti!\u00bb<\/strong><\/p>\n\n\n\n<div class=\"wp-block-stackable-button-group stk-block-button-group stk-block stk-29bed1e\" data-block-id=\"29bed1e\"><div class=\"stk-row stk-inner-blocks stk-block-content stk-button-group\">\n<div class=\"wp-block-stackable-button stk-block-button stk-block stk-d2d4ac2\" data-block-id=\"d2d4ac2\"><style>.stk-d2d4ac2 .stk-button{padding-top:12px !important;padding-right:30px !important;padding-bottom:12px !important;padding-left:30px !important;background:var(--paletteColor1,#165F8C) !important}.stk-d2d4ac2 .stk-button__inner-text{font-family:\"Raleway\",Sans-serif !important}<\/style><a class=\"stk-link stk-button stk--hover-effect-darken\" href=\"https:\/\/integralginehn.com\/index.php\/contacto\/\"><span class=\"stk-button__inner-text\"><strong>Agenda una Cita<\/strong><\/span><\/a><\/div>\n<\/div><\/div>\n<\/div><\/div><\/div>\n<\/div><\/div>\n\n\n\n<p><\/p>\n","protected":false},"excerpt":{"rendered":"<p>Preguntas y respuestas sobre Infecciones Urinarias \u00bfQu\u00e9 es una Infecci\u00f3n Urinaria? Cualquier infecci\u00f3n que se produzca en el sistema urinario (desde los ri\u00f1ones hasta los ur\u00e9teres, la vejiga y la uretra) se denomina ITU. La mayor\u00eda de las infecciones afectan el tracto inferior, la vejiga y la uretra. Si bien la mayor\u00eda de las ITU [&hellip;]<\/p>\n","protected":false},"author":1,"featured_media":0,"parent":0,"menu_order":0,"comment_status":"closed","ping_status":"closed","template":"","meta":{"footnotes":""},"blocksy_meta":"","_links":{"self":[{"href":"https:\/\/integralginehn.com\/index.php\/wp-json\/wp\/v2\/pages\/1054"}],"collection":[{"href":"https:\/\/integralginehn.com\/index.php\/wp-json\/wp\/v2\/pages"}],"about":[{"href":"https:\/\/integralginehn.com\/index.php\/wp-json\/wp\/v2\/types\/page"}],"author":[{"embeddable":true,"href":"https:\/\/integralginehn.com\/index.php\/wp-json\/wp\/v2\/users\/1"}],"replies":[{"embeddable":true,"href":"https:\/\/integralginehn.com\/index.php\/wp-json\/wp\/v2\/comments?post=1054"}],"version-history":[{"count":3,"href":"https:\/\/integralginehn.com\/index.php\/wp-json\/wp\/v2\/pages\/1054\/revisions"}],"predecessor-version":[{"id":1075,"href":"https:\/\/integralginehn.com\/index.php\/wp-json\/wp\/v2\/pages\/1054\/revisions\/1075"}],"wp:attachment":[{"href":"https:\/\/integralginehn.com\/index.php\/wp-json\/wp\/v2\/media?parent=1054"}],"curies":[{"name":"wp","href":"https:\/\/api.w.org\/{rel}","templated":true}]}}