{"id":1051,"date":"2023-10-07T17:32:39","date_gmt":"2023-10-07T23:32:39","guid":{"rendered":"https:\/\/integralginehn.com\/?page_id=1051"},"modified":"2023-10-07T17:33:29","modified_gmt":"2023-10-07T23:33:29","slug":"endometriosis","status":"publish","type":"page","link":"https:\/\/integralginehn.com\/index.php\/endometriosis\/","title":{"rendered":"Endometriosis"},"content":{"rendered":"\n<div class=\"wp-block-stackable-text stk-block-text stk-block stk-10742e5\" data-block-id=\"10742e5\"><style>.stk-10742e5 .stk-block-text__text{font-size:30px !important;font-family:\"Raleway\",Sans-serif !important}@media screen and (max-width:999px){.stk-10742e5 .stk-block-text__text{font-size:30px !important}}<\/style><p class=\"stk-block-text__text has-text-align-center\"><strong><span style=\"color: var(--paletteColor1, #165F8C);\" class=\"stk-highlight\">Preguntas y respuestas sobre endometriosis <\/span><\/strong><\/p><\/div>\n\n\n\n<div class=\"wp-block-stackable-text stk-block-text stk-block stk-69f8923\" data-block-id=\"69f8923\"><style>.stk-69f8923 .stk-block-text__text{font-size:21px !important;font-family:\"Raleway\",Sans-serif !important}@media screen and (max-width:999px){.stk-69f8923 .stk-block-text__text{font-size:21px !important}}<\/style><p class=\"stk-block-text__text\"><span style=\"color: var(--paletteColor1, #165F8C);\" class=\"stk-highlight\"><strong>\u00bfQu\u00e9 causa la endometriosis? <\/strong><\/span><\/p><\/div>\n\n\n\n<div class=\"wp-block-stackable-text stk-block-text stk-block stk-e1ba275\" data-block-id=\"e1ba275\"><style>.stk-e1ba275 .stk-block-text__text{font-family:\"Raleway\",Sans-serif !important}<\/style><p class=\"stk-block-text__text\"><span style=\"color: var(--paletteColor4, #000000);\" class=\"stk-highlight\">No se sabe con certeza la causa exacta de la afecci\u00f3n, pero varias teor\u00edas pueden explicar c\u00f3mo se produce la endometriosis. \u00c9stas incluyen:  <\/span><\/p><\/div>\n\n\n\n<div class=\"wp-block-stackable-text stk-block-text stk-block stk-31df67f\" data-block-id=\"31df67f\"><style>.stk-31df67f .stk-block-text__text{font-family:\"Raleway\",Sans-serif !important}<\/style><p class=\"stk-block-text__text\"><span style=\"color: var(--paletteColor4, #000000);\" class=\"stk-highlight\">Menstruaci\u00f3n retr\u00f3grada: las c\u00e9lulas uterinas regresan a las trompas de Falopio, se quedan all\u00ed y comienzan a crecer.         <\/span><\/p><\/div>\n\n\n\n<div class=\"wp-block-stackable-text stk-block-text stk-block stk-bc138e4\" data-block-id=\"bc138e4\"><style>.stk-bc138e4 .stk-block-text__text{font-family:\"Raleway\",Sans-serif !important}<\/style><p class=\"stk-block-text__text\"><span style=\"color: var(--paletteColor4, #000000);\" class=\"stk-highlight\">Mediante un proceso llamado teor\u00eda de la inducci\u00f3n, ciertas c\u00e9lulas pueden transformarse en c\u00e9lulas uterinas.         <\/span><\/p><\/div>\n\n\n\n<div class=\"wp-block-stackable-text stk-block-text stk-block stk-6dd15b7\" data-block-id=\"6dd15b7\"><style>.stk-6dd15b7 .stk-block-text__text{font-family:\"Raleway\",Sans-serif !important}<\/style><p class=\"stk-block-text__text\"><span style=\"color: var(--paletteColor4, #000000);\" class=\"stk-highlight\">Implantaci\u00f3n de cicatrices: las c\u00e9lulas uterinas se adhieren al tejido cicatricial quir\u00fargico despu\u00e9s de ces\u00e1reas o histerectom\u00edas.        <\/span><\/p><\/div>\n\n\n\n<div class=\"wp-block-stackable-text stk-block-text stk-block stk-5505a59\" data-block-id=\"5505a59\"><style>.stk-5505a59 .stk-block-text__text{font-family:\"Raleway\",Sans-serif !important}<\/style><p class=\"stk-block-text__text\"><span style=\"color: var(--paletteColor4, #000000);\" class=\"stk-highlight\">Transferencia del sistema linf\u00e1tico: las c\u00e9lulas del \u00fatero se mueven a otros lugares a trav\u00e9s del sistema linf\u00e1tico.         <\/span><\/p><\/div>\n\n\n\n<div class=\"wp-block-stackable-text stk-block-text stk-block stk-fe62d05\" data-block-id=\"fe62d05\"><style>.stk-fe62d05 .stk-block-text__text{font-family:\"Raleway\",Sans-serif !important}<\/style><p class=\"stk-block-text__text\"><span style=\"color: var(--paletteColor4, #000000);\" class=\"stk-highlight\">Trastorno inmunol\u00f3gico: el sistema inmunol\u00f3gico del cuerpo puede no reconocer ni eliminar las c\u00e9lulas endometriales que crecen fuera del \u00fatero. <\/span><\/p><\/div>\n\n\n\n<div class=\"wp-block-stackable-text stk-block-text stk-block stk-437a36b\" data-block-id=\"437a36b\"><style>.stk-437a36b .stk-block-text__text{font-size:21px !important;font-family:\"Raleway\",Sans-serif !important}@media screen and (max-width:999px){.stk-437a36b .stk-block-text__text{font-size:21px !important}}<\/style><p class=\"stk-block-text__text\"><strong><span style=\"color: var(--paletteColor1, #165F8C);\" class=\"stk-highlight\">\u00bfQu\u00e9 s\u00edntomas acompa\u00f1an a la endometriosis? <\/span><\/strong><\/p><\/div>\n\n\n\n<div class=\"wp-block-stackable-text stk-block-text stk-block stk-b915225\" data-block-id=\"b915225\"><style>.stk-b915225 .stk-block-text__text{font-family:\"Raleway\",Sans-serif !important}<\/style><p class=\"stk-block-text__text\"><span style=\"color: var(--paletteColor4, #000000);\" class=\"stk-highlight\">El s\u00edntoma principal de la endometriosis es el dolor p\u00e9lvico, generalmente asociado con los per\u00edodos menstruales, pero mucho m\u00e1s intenso que el dolor menstrual t\u00edpico. Este dolor tambi\u00e9n puede aumentar con el tiempo. Los s\u00edntomas de la endometriosis incluyen:        <\/span><\/p><\/div>\n\n\n\n<div class=\"wp-block-stackable-text stk-block-text stk-block stk-a3b65c2\" data-block-id=\"a3b65c2\"><style>.stk-a3b65c2 .stk-block-text__text{font-family:\"Raleway\",Sans-serif !important}<\/style><p class=\"stk-block-text__text\"><span style=\"color: var(--paletteColor4, #000000);\" class=\"stk-highlight\">Calambres y dolor antes, durante y despu\u00e9s del per\u00edodo menstrual.         <\/span><\/p><\/div>\n\n\n\n<div class=\"wp-block-stackable-text stk-block-text stk-block stk-6cc90d5\" data-block-id=\"6cc90d5\"><style>.stk-6cc90d5 .stk-block-text__text{font-family:\"Raleway\",Sans-serif !important}<\/style><p class=\"stk-block-text__text\"><span style=\"color: var(--paletteColor4, #000000);\" class=\"stk-highlight\">Dolor lumbar y abdominal.         <\/span><\/p><\/div>\n\n\n\n<div class=\"wp-block-stackable-text stk-block-text stk-block stk-f3ff190\" data-block-id=\"f3ff190\"><style>.stk-f3ff190 .stk-block-text__text{font-family:\"Raleway\",Sans-serif !important}<\/style><p class=\"stk-block-text__text\"><span style=\"color: var(--paletteColor4, #000000);\" class=\"stk-highlight\">Dolor durante y despu\u00e9s del sexo.         <\/span><\/p><\/div>\n\n\n\n<div class=\"wp-block-stackable-text stk-block-text stk-block stk-96eb319\" data-block-id=\"96eb319\"><style>.stk-96eb319 .stk-block-text__text{font-family:\"Raleway\",Sans-serif !important}<\/style><p class=\"stk-block-text__text\"><span style=\"color: var(--paletteColor4, #000000);\" class=\"stk-highlight\">Dolor que acompa\u00f1a al orinar o defecar, especialmente durante el per\u00edodo menstrual.         <\/span><\/p><\/div>\n\n\n\n<div class=\"wp-block-stackable-text stk-block-text stk-block stk-cde6627\" data-block-id=\"cde6627\"><style>.stk-cde6627 .stk-block-text__text{font-family:\"Raleway\",Sans-serif !important}<\/style><p class=\"stk-block-text__text\"><span style=\"color: var(--paletteColor4, #000000);\" class=\"stk-highlight\">Sangrado menstrual excesivo durante y entre per\u00edodos.         <\/span><\/p><\/div>\n\n\n\n<div class=\"wp-block-stackable-text stk-block-text stk-block stk-d339e46\" data-block-id=\"d339e46\"><style>.stk-d339e46 .stk-block-text__text{font-family:\"Raleway\",Sans-serif !important}<\/style><p class=\"stk-block-text__text\"><span style=\"color: var(--paletteColor4, #000000);\" class=\"stk-highlight\">Infertilidad: la endometriosis suele diagnosticarse por primera vez cuando una mujer busca tratamiento para la infertilidad.         <\/span><\/p><\/div>\n\n\n\n<div class=\"wp-block-stackable-text stk-block-text stk-block stk-923ea6e\" data-block-id=\"923ea6e\"><style>.stk-923ea6e .stk-block-text__text{font-family:\"Raleway\",Sans-serif !important}<\/style><p class=\"stk-block-text__text\"><span style=\"color: var(--paletteColor4, #000000);\" class=\"stk-highlight\">Fatiga, hinchaz\u00f3n, n\u00e1useas, diarrea o estre\u00f1imiento, especialmente alrededor de los per\u00edodos menstruales. <\/span><\/p><\/div>\n\n\n\n<div class=\"wp-block-stackable-text stk-block-text stk-block stk-a5bf397\" data-block-id=\"a5bf397\"><style>.stk-a5bf397 .stk-block-text__text{font-family:\"Raleway\",Sans-serif !important}<\/style><p class=\"stk-block-text__text\"><span style=\"color: var(--paletteColor4, #000000);\" class=\"stk-highlight\">La gravedad del dolor de la endometriosis no es una indicaci\u00f3n del avance de la afecci\u00f3n. Algunas mujeres con endometriosis avanzada sienten poco dolor. Otros, con casos leves, pueden experimentar un dolor extremo. <\/span><\/p><\/div>\n\n\n\n<div class=\"wp-block-stackable-text stk-block-text stk-block stk-8fa9c39\" data-block-id=\"8fa9c39\"><style>.stk-8fa9c39 .stk-block-text__text{font-size:21px !important;font-family:\"Raleway\",Sans-serif !important}@media screen and (max-width:999px){.stk-8fa9c39 .stk-block-text__text{font-size:21px !important}}<\/style><p class=\"stk-block-text__text\"><strong><span style=\"color: var(--paletteColor1, #165F8C);\" class=\"stk-highlight\">\u00bfC\u00f3mo se trata la endometriosis? <\/span><\/strong><\/p><\/div>\n\n\n\n<div class=\"wp-block-stackable-text stk-block-text stk-block stk-ce49a52\" data-block-id=\"ce49a52\"><style>.stk-ce49a52 .stk-block-text__text{font-family:\"Raleway\",Sans-serif !important}<\/style><p class=\"stk-block-text__text\"><span style=\"color: var(--paletteColor4, #000000);\" class=\"stk-highlight\">El tratamiento abarca desde medicaci\u00f3n hasta cirug\u00eda. Los tratamientos conservadores inician el proceso y la cirug\u00eda sigue siendo el \u00faltimo recurso. Los analg\u00e9sicos suelen formar parte de la primera etapa del tratamiento. Si una paciente toma dosis m\u00e1ximas sin alivio, lo siguiente es la terapia hormonal, ya que las p\u00edldoras anticonceptivas, los parches y los anillos vaginales pueden ofrecer alivio de los s\u00edntomas. La terapia con progestina tambi\u00e9n resulta \u00fatil, al igual que una variedad de otros medicamentos. La extirpaci\u00f3n quir\u00fargica del tejido endometrial se puede realizar de forma convencional o laparosc\u00f3pica. En casos extremos, puede ser necesaria una histerectom\u00eda.<\/span><\/p><\/div>\n\n\n\n<div class=\"wp-block-stackable-columns alignfull stk-block-columns stk-block stk-1277b19 stk-block-background stk--has-background-overlay\" data-block-id=\"1277b19\"><style>.stk-1277b19{background-color:#ffffff !important;padding-top:0px !important;padding-right:0px !important;padding-bottom:0px !important;padding-left:0px !important;margin-bottom:0px !important}.stk-1277b19:before{background-image:linear-gradient(180deg,#ffffff 55%,var(--paletteColor4,#102136) 55%) !important}<\/style><div class=\"stk-row stk-inner-blocks stk-block-content stk-content-align stk-1277b19-column\">\n<div class=\"wp-block-stackable-column stk-block-column stk-column stk-block stk-421c103 stk-block-background stk--has-background-overlay\" data-v=\"4\" data-block-id=\"421c103\"><style>.stk-421c103-container{margin-top:0px !important;margin-right:0px !important;margin-bottom:0px !important;margin-left:0px !important}.stk-421c103{background-color:var(--paletteColor1,#165F8C) !important;background-image:url(http:\/\/integralginehn.com\/wp-content\/uploads\/2023\/09\/telechargement.webp) !important;border-radius:10px !important;overflow:hidden !important;padding-top:100px !important;padding-right:300px !important;padding-bottom:100px !important;padding-left:300px !important}.stk-421c103:before{background-color:var(--paletteColor1,#165F8C) !important;opacity:0.5 !important}@media screen and (max-width:999px){.stk-421c103{padding-top:80px !important;padding-right:150px !important;padding-bottom:80px !important;padding-left:150px !important}}@media screen and (max-width:689px){.stk-421c103{padding-top:60px !important;padding-right:50px !important;padding-bottom:60px !important;padding-left:50px !important}}<\/style><div class=\"stk-column-wrapper stk-block-column__content stk-container stk-421c103-container stk--no-background stk--no-padding\"><div class=\"has-text-align-center stk-block-content stk-inner-blocks stk-421c103-inner-blocks\">\n<div class=\"wp-block-stackable-heading stk-block-heading stk-block-heading--v2 stk-block stk-01439a9\" id=\"es-hora-de-revisarte\" data-block-id=\"01439a9\"><style>.stk-01439a9{margin-bottom:10px !important}.stk-01439a9 .stk-block-heading__text{color:var(--paletteColor8,#ffffff) !important;font-weight:800 !important}@media screen and (max-width:689px){.stk-01439a9 .stk-block-heading__text{font-size:25px !important}}<\/style><h2 class=\"stk-block-heading__text has-text-color stk-block-heading--use-theme-margins\">Es Hora de Revisarte!<\/h2><\/div>\n\n\n\n<p><strong>\u00abTe invitamos a descubrir Integral GINE, donde tu salud es nuestra prioridad. \u00a1Esperamos verte pronto para cuidar de ti!\u00bb<\/strong><\/p>\n\n\n\n<div class=\"wp-block-stackable-button-group stk-block-button-group stk-block stk-29bed1e\" data-block-id=\"29bed1e\"><div class=\"stk-row stk-inner-blocks stk-block-content stk-button-group\">\n<div class=\"wp-block-stackable-button stk-block-button stk-block stk-d2d4ac2\" data-block-id=\"d2d4ac2\"><style>.stk-d2d4ac2 .stk-button{padding-top:12px !important;padding-right:30px !important;padding-bottom:12px !important;padding-left:30px !important;background:var(--paletteColor1,#165F8C) !important}.stk-d2d4ac2 .stk-button__inner-text{font-family:\"Raleway\",Sans-serif !important}<\/style><a class=\"stk-link stk-button stk--hover-effect-darken\" href=\"https:\/\/integralginehn.com\/index.php\/contacto\/\"><span class=\"stk-button__inner-text\"><strong>Agenda una Cita<\/strong><\/span><\/a><\/div>\n<\/div><\/div>\n<\/div><\/div><\/div>\n<\/div><\/div>\n","protected":false},"excerpt":{"rendered":"<p>Preguntas y respuestas sobre endometriosis \u00bfQu\u00e9 causa la endometriosis? No se sabe con certeza la causa exacta de la afecci\u00f3n, pero varias teor\u00edas pueden explicar c\u00f3mo se produce la endometriosis. \u00c9stas incluyen: Menstruaci\u00f3n retr\u00f3grada: las c\u00e9lulas uterinas regresan a las trompas de Falopio, se quedan all\u00ed y comienzan a crecer. Mediante un proceso llamado teor\u00eda [&hellip;]<\/p>\n","protected":false},"author":1,"featured_media":0,"parent":0,"menu_order":0,"comment_status":"closed","ping_status":"closed","template":"","meta":{"footnotes":""},"blocksy_meta":"","_links":{"self":[{"href":"https:\/\/integralginehn.com\/index.php\/wp-json\/wp\/v2\/pages\/1051"}],"collection":[{"href":"https:\/\/integralginehn.com\/index.php\/wp-json\/wp\/v2\/pages"}],"about":[{"href":"https:\/\/integralginehn.com\/index.php\/wp-json\/wp\/v2\/types\/page"}],"author":[{"embeddable":true,"href":"https:\/\/integralginehn.com\/index.php\/wp-json\/wp\/v2\/users\/1"}],"replies":[{"embeddable":true,"href":"https:\/\/integralginehn.com\/index.php\/wp-json\/wp\/v2\/comments?post=1051"}],"version-history":[{"count":2,"href":"https:\/\/integralginehn.com\/index.php\/wp-json\/wp\/v2\/pages\/1051\/revisions"}],"predecessor-version":[{"id":1053,"href":"https:\/\/integralginehn.com\/index.php\/wp-json\/wp\/v2\/pages\/1051\/revisions\/1053"}],"wp:attachment":[{"href":"https:\/\/integralginehn.com\/index.php\/wp-json\/wp\/v2\/media?parent=1051"}],"curies":[{"name":"wp","href":"https:\/\/api.w.org\/{rel}","templated":true}]}}