{"id":1047,"date":"2023-10-07T17:23:33","date_gmt":"2023-10-07T23:23:33","guid":{"rendered":"https:\/\/integralginehn.com\/?page_id=1047"},"modified":"2023-10-07T17:24:19","modified_gmt":"2023-10-07T23:24:19","slug":"miomas","status":"publish","type":"page","link":"https:\/\/integralginehn.com\/index.php\/miomas\/","title":{"rendered":"Miomas"},"content":{"rendered":"\n<div class=\"wp-block-stackable-text stk-block-text stk-block stk-cd12b2a\" data-block-id=\"cd12b2a\"><style>.stk-cd12b2a .stk-block-text__text{font-size:30px !important;font-family:\"Raleway\",Sans-serif !important}@media screen and (max-width:999px){.stk-cd12b2a .stk-block-text__text{font-size:30px !important}}<\/style><p class=\"stk-block-text__text has-text-align-center\"><strong><span style=\"color: var(--paletteColor1, #165F8C);\" class=\"stk-highlight\">Preguntas y respuestas sobre los fibromas <\/span><\/strong><\/p><\/div>\n\n\n\n<div class=\"wp-block-stackable-text stk-block-text stk-block stk-360b4f5\" data-block-id=\"360b4f5\"><style>.stk-360b4f5 .stk-block-text__text{font-size:21px !important;font-family:\"Raleway\",Sans-serif !important}@media screen and (max-width:999px){.stk-360b4f5 .stk-block-text__text{font-size:21px !important}}<\/style><p class=\"stk-block-text__text\"><strong><span style=\"color: var(--paletteColor1, #165F8C);\" class=\"stk-highlight\">\u00bfQu\u00e9 causa los fibromas? <\/span><\/strong><\/p><\/div>\n\n\n\n<div class=\"wp-block-stackable-text stk-block-text stk-block stk-e7d1894\" data-block-id=\"e7d1894\"><style>.stk-e7d1894 .stk-block-text__text{font-family:\"Raleway\",Sans-serif !important}<\/style><p class=\"stk-block-text__text\"><span style=\"color: #000000;\" class=\"stk-highlight\">Se desconoce la causa precisa de los miomas, pero pueden contribuir factores gen\u00e9ticos y hormonales. Muchos miomas tienen cambios gen\u00e9ticos que no se encuentran en las c\u00e9lulas normales del tejido uterino. El estr\u00f3geno, la progesterona y algunas otras hormonas parecen estimular el crecimiento de los miomas existentes, y cuando las hormonas disminuyen despu\u00e9s de la menopausia, los miomas existentes tienden a reducirse. Los miomas pueden crecer r\u00e1pida o lentamente. Es posible que dejen de crecer a un cierto tama\u00f1o o se encojan por s\u00ed solos despu\u00e9s de un tiempo. Los miomas presentes durante el embarazo pueden desaparecer o reducirse cuando el \u00fatero vuelve a su tama\u00f1o normal. <\/span><\/p><\/div>\n\n\n\n<div class=\"wp-block-stackable-text stk-block-text stk-block stk-3d1c8f2\" data-block-id=\"3d1c8f2\"><style>.stk-3d1c8f2 .stk-block-text__text{font-size:21px !important;font-family:\"Raleway\",Sans-serif !important}@media screen and (max-width:999px){.stk-3d1c8f2 .stk-block-text__text{font-size:21px !important}}<\/style><p class=\"stk-block-text__text\"><strong><span style=\"color: var(--paletteColor1, #165F8C);\" class=\"stk-highlight\">\u00bfCu\u00e1les son los s\u00edntomas de los miomas? <\/span><\/strong><\/p><\/div>\n\n\n\n<div class=\"wp-block-stackable-text stk-block-text stk-block stk-291a288\" data-block-id=\"291a288\"><style>.stk-291a288 .stk-block-text__text{font-family:\"Raleway\",Sans-serif !important}<\/style><p class=\"stk-block-text__text\"><span style=\"color: #000000;\" class=\"stk-highlight\">Muchos casos de miomas no presentan s\u00edntomas. Los miomas uterinos no suelen ser peligrosos a menos que crezcan hasta alcanzar tama\u00f1os anormales, porque son benignos y no se vuelven cancerosos. Sin embargo, en algunas mujeres se vuelven sintom\u00e1ticos. Cuando esto ocurre, los s\u00edntomas comunes incluyen:         <\/span><\/p><\/div>\n\n\n\n<div class=\"wp-block-stackable-text stk-block-text stk-block stk-26a83e5\" data-block-id=\"26a83e5\"><style>.stk-26a83e5 .stk-block-text__text{font-family:\"Raleway\",Sans-serif !important}<\/style><p class=\"stk-block-text__text\"><span style=\"color: #000000;\" class=\"stk-highlight\">Per\u00edodos que duran m\u00e1s de una semana.         <\/span><\/p><\/div>\n\n\n\n<div class=\"wp-block-stackable-text stk-block-text stk-block stk-a9ce7a0\" data-block-id=\"a9ce7a0\"><style>.stk-a9ce7a0 .stk-block-text__text{font-family:\"Raleway\",Sans-serif !important}<\/style><p class=\"stk-block-text__text\"><span style=\"color: #000000;\" class=\"stk-highlight\">Sangrado menstrual abundante         <\/span><\/p><\/div>\n\n\n\n<div class=\"wp-block-stackable-text stk-block-text stk-block stk-53e42a9\" data-block-id=\"53e42a9\"><style>.stk-53e42a9 .stk-block-text__text{font-family:\"Raleway\",Sans-serif !important}<\/style><p class=\"stk-block-text__text\"><span style=\"color: #000000;\" class=\"stk-highlight\">Dolor o presi\u00f3n en la pelvis.         <\/span><\/p><\/div>\n\n\n\n<div class=\"wp-block-stackable-text stk-block-text stk-block stk-077f85d\" data-block-id=\"077f85d\"><style>.stk-077f85d .stk-block-text__text{font-family:\"Raleway\",Sans-serif !important}<\/style><p class=\"stk-block-text__text\"><span style=\"color: #000000;\" class=\"stk-highlight\">Problemas urinarios que incluyen micci\u00f3n frecuente y dificultad para vaciar la vejiga.         <\/span><\/p><\/div>\n\n\n\n<div class=\"wp-block-stackable-text stk-block-text stk-block stk-2a566bd\" data-block-id=\"2a566bd\"><style>.stk-2a566bd .stk-block-text__text{font-family:\"Raleway\",Sans-serif !important}<\/style><p class=\"stk-block-text__text\"><span style=\"color: #000000;\" class=\"stk-highlight\">Dolor de espalda y\/o dolores en las piernas.         <\/span><\/p><\/div>\n\n\n\n<div class=\"wp-block-stackable-text stk-block-text stk-block stk-b09907b\" data-block-id=\"b09907b\"><style>.stk-b09907b .stk-block-text__text{font-family:\"Raleway\",Sans-serif !important}<\/style><p class=\"stk-block-text__text\"><span style=\"color: #000000;\" class=\"stk-highlight\">Constipaci\u00f3n Algunos tipos de miomas pueden causar infertilidad, aborto espont\u00e1neo o complicaciones durante el embarazo. <\/span><\/p><\/div>\n\n\n\n<div class=\"wp-block-stackable-text stk-block-text stk-block stk-f9db96c\" data-block-id=\"f9db96c\"><style>.stk-f9db96c .stk-block-text__text{font-size:21px !important;font-family:\"Raleway\",Sans-serif !important}@media screen and (max-width:999px){.stk-f9db96c .stk-block-text__text{font-size:21px !important}}<\/style><p class=\"stk-block-text__text\"><strong><span style=\"color: var(--paletteColor1, #165F8C);\" class=\"stk-highlight\">\u00bfC\u00f3mo se tratan los fibromas? <\/span><\/strong><\/p><\/div>\n\n\n\n<div class=\"wp-block-stackable-text stk-block-text stk-block stk-f2780f8\" data-block-id=\"f2780f8\"><style>.stk-f2780f8 .stk-block-text__text{font-family:\"Raleway\",Sans-serif !important}<\/style><p class=\"stk-block-text__text\"><span style=\"color: #000000;\" class=\"stk-highlight\">Muchos casos de miomas no tienen consecuencias y no requieren tratamiento. Es posible que las mujeres con pocos o ning\u00fan s\u00edntoma deseen observar y esperar para ver si los miomas aumentan de tama\u00f1o o aumentan en impacto. <\/span><\/p><\/div>\n\n\n\n<div class=\"wp-block-stackable-text stk-block-text stk-block stk-419792b\" data-block-id=\"419792b\"><style>.stk-419792b .stk-block-text__text{font-family:\"Raleway\",Sans-serif !important}<\/style><p class=\"stk-block-text__text\"><span style=\"color: #000000;\" class=\"stk-highlight\">Para las mujeres que buscan tratamiento, ciertos tratamientos hormonales pueden reducir los problemas con la menstruaci\u00f3n y, en ocasiones, pueden reducir el tama\u00f1o de los miomas. Tambi\u00e9n existen varios procedimientos quir\u00fargicos laparosc\u00f3picos que destruyen los miomas dentro del cuerpo, as\u00ed como m\u00e9todos quir\u00fargicos tradicionales para su extirpaci\u00f3n. <\/span><\/p><\/div>\n\n\n\n<div class=\"wp-block-stackable-columns alignfull stk-block-columns stk-block stk-1277b19 stk-block-background stk--has-background-overlay\" data-block-id=\"1277b19\"><style>.stk-1277b19{background-color:#ffffff !important;padding-top:0px !important;padding-right:0px !important;padding-bottom:0px !important;padding-left:0px !important;margin-bottom:0px !important}.stk-1277b19:before{background-image:linear-gradient(180deg,#ffffff 55%,var(--paletteColor4,#102136) 55%) !important}<\/style><div class=\"stk-row stk-inner-blocks stk-block-content stk-content-align stk-1277b19-column\">\n<div class=\"wp-block-stackable-column stk-block-column stk-column stk-block stk-421c103 stk-block-background stk--has-background-overlay\" data-v=\"4\" data-block-id=\"421c103\"><style>.stk-421c103-container{margin-top:0px !important;margin-right:0px !important;margin-bottom:0px !important;margin-left:0px !important}.stk-421c103{background-color:var(--paletteColor1,#165F8C) !important;background-image:url(http:\/\/integralginehn.com\/wp-content\/uploads\/2023\/09\/telechargement.webp) !important;border-radius:10px !important;overflow:hidden !important;padding-top:100px !important;padding-right:300px !important;padding-bottom:100px !important;padding-left:300px !important}.stk-421c103:before{background-color:var(--paletteColor1,#165F8C) !important;opacity:0.5 !important}@media screen and (max-width:999px){.stk-421c103{padding-top:80px !important;padding-right:150px !important;padding-bottom:80px !important;padding-left:150px !important}}@media screen and (max-width:689px){.stk-421c103{padding-top:60px !important;padding-right:50px !important;padding-bottom:60px !important;padding-left:50px !important}}<\/style><div class=\"stk-column-wrapper stk-block-column__content stk-container stk-421c103-container stk--no-background stk--no-padding\"><div class=\"has-text-align-center stk-block-content stk-inner-blocks stk-421c103-inner-blocks\">\n<div class=\"wp-block-stackable-heading stk-block-heading stk-block-heading--v2 stk-block stk-01439a9\" id=\"es-hora-de-revisarte\" data-block-id=\"01439a9\"><style>.stk-01439a9{margin-bottom:10px !important}.stk-01439a9 .stk-block-heading__text{color:var(--paletteColor8,#ffffff) !important;font-weight:800 !important}@media screen and (max-width:689px){.stk-01439a9 .stk-block-heading__text{font-size:25px !important}}<\/style><h2 class=\"stk-block-heading__text has-text-color stk-block-heading--use-theme-margins\">Es Hora de Revisarte!<\/h2><\/div>\n\n\n\n<p><strong>\u00abTe invitamos a descubrir Integral GINE, donde tu salud es nuestra prioridad. \u00a1Esperamos verte pronto para cuidar de ti!\u00bb<\/strong><\/p>\n\n\n\n<div class=\"wp-block-stackable-button-group stk-block-button-group stk-block stk-29bed1e\" data-block-id=\"29bed1e\"><div class=\"stk-row stk-inner-blocks stk-block-content stk-button-group\">\n<div class=\"wp-block-stackable-button stk-block-button stk-block stk-d2d4ac2\" data-block-id=\"d2d4ac2\"><style>.stk-d2d4ac2 .stk-button{padding-top:12px !important;padding-right:30px !important;padding-bottom:12px !important;padding-left:30px !important;background:var(--paletteColor1,#165F8C) !important}.stk-d2d4ac2 .stk-button__inner-text{font-family:\"Raleway\",Sans-serif !important}<\/style><a class=\"stk-link stk-button stk--hover-effect-darken\" href=\"https:\/\/integralginehn.com\/index.php\/contacto\/\"><span class=\"stk-button__inner-text\"><strong>Agenda una Cita<\/strong><\/span><\/a><\/div>\n<\/div><\/div>\n<\/div><\/div><\/div>\n<\/div><\/div>\n","protected":false},"excerpt":{"rendered":"<p>Preguntas y respuestas sobre los fibromas \u00bfQu\u00e9 causa los fibromas? Se desconoce la causa precisa de los miomas, pero pueden contribuir factores gen\u00e9ticos y hormonales. Muchos miomas tienen cambios gen\u00e9ticos que no se encuentran en las c\u00e9lulas normales del tejido uterino. El estr\u00f3geno, la progesterona y algunas otras hormonas parecen estimular el crecimiento de los [&hellip;]<\/p>\n","protected":false},"author":1,"featured_media":0,"parent":0,"menu_order":0,"comment_status":"closed","ping_status":"closed","template":"","meta":{"footnotes":""},"blocksy_meta":"","_links":{"self":[{"href":"https:\/\/integralginehn.com\/index.php\/wp-json\/wp\/v2\/pages\/1047"}],"collection":[{"href":"https:\/\/integralginehn.com\/index.php\/wp-json\/wp\/v2\/pages"}],"about":[{"href":"https:\/\/integralginehn.com\/index.php\/wp-json\/wp\/v2\/types\/page"}],"author":[{"embeddable":true,"href":"https:\/\/integralginehn.com\/index.php\/wp-json\/wp\/v2\/users\/1"}],"replies":[{"embeddable":true,"href":"https:\/\/integralginehn.com\/index.php\/wp-json\/wp\/v2\/comments?post=1047"}],"version-history":[{"count":2,"href":"https:\/\/integralginehn.com\/index.php\/wp-json\/wp\/v2\/pages\/1047\/revisions"}],"predecessor-version":[{"id":1049,"href":"https:\/\/integralginehn.com\/index.php\/wp-json\/wp\/v2\/pages\/1047\/revisions\/1049"}],"wp:attachment":[{"href":"https:\/\/integralginehn.com\/index.php\/wp-json\/wp\/v2\/media?parent=1047"}],"curies":[{"name":"wp","href":"https:\/\/api.w.org\/{rel}","templated":true}]}}