{"id":1042,"date":"2023-10-07T17:10:59","date_gmt":"2023-10-07T23:10:59","guid":{"rendered":"https:\/\/integralginehn.com\/?page_id=1042"},"modified":"2023-10-07T17:13:05","modified_gmt":"2023-10-07T23:13:05","slug":"embarazo-de-alto-riesgo","status":"publish","type":"page","link":"https:\/\/integralginehn.com\/index.php\/embarazo-de-alto-riesgo\/","title":{"rendered":"Embarazo de Alto Riesgo"},"content":{"rendered":"\n<div class=\"wp-block-stackable-text stk-block-text stk-block stk-21cf0f4\" data-block-id=\"21cf0f4\"><style>.stk-21cf0f4 .stk-block-text__text{font-size:30px !important;font-family:\"Raleway\",Sans-serif !important}@media screen and (max-width:999px){.stk-21cf0f4 .stk-block-text__text{font-size:30px !important}}<\/style><p class=\"stk-block-text__text has-text-align-center\"><strong><span style=\"color: var(--paletteColor1, #165F8C);\" class=\"stk-highlight\">Preguntas y respuestas sobre embarazos de alto riesgo <\/span><\/strong><\/p><\/div>\n\n\n\n<div class=\"wp-block-stackable-text stk-block-text stk-block stk-68819e5\" data-block-id=\"68819e5\"><style>.stk-68819e5 .stk-block-text__text{font-size:21px !important;font-family:\"Raleway\",Sans-serif !important}@media screen and (max-width:999px){.stk-68819e5 .stk-block-text__text{font-size:21px !important}}<\/style><p class=\"stk-block-text__text\"><strong><span style=\"color: var(--paletteColor1, #165F8C);\" class=\"stk-highlight\">\u00bfQu\u00e9 factores establecen un embarazo como de alto riesgo? <\/span><\/strong><\/p><\/div>\n\n\n\n<div class=\"wp-block-stackable-text stk-block-text stk-block stk-f8f5e49\" data-block-id=\"f8f5e49\"><style>.stk-f8f5e49 .stk-block-text__text{font-family:\"Raleway\",Sans-serif !important}<\/style><p class=\"stk-block-text__text\"><span style=\"color: var(--paletteColor4, #000000);\" class=\"stk-highlight\">Los embarazos de alto riesgo pueden ser el resultado de una condici\u00f3n m\u00e9dica de la madre o del beb\u00e9. En otros casos, un embarazo se considera de alto riesgo en funci\u00f3n de factores maternos que pueden o no causar dificultades a medida que avanza el embarazo. Algunos de estos factores de alto riesgo incluyen:         <\/span><\/p><\/div>\n\n\n\n<div class=\"wp-block-stackable-text stk-block-text stk-block stk-d3a20fc\" data-block-id=\"d3a20fc\"><style>.stk-d3a20fc .stk-block-text__text{font-family:\"Raleway\",Sans-serif !important}<\/style><p class=\"stk-block-text__text\"><span style=\"color: var(--paletteColor4, #000000);\" class=\"stk-highlight\">Edad materna: normalmente, las mujeres mayores de 35 a\u00f1os tienen un mayor riesgo estad\u00edstico de tener problemas durante el embarazo.         <\/span><\/p><\/div>\n\n\n\n<div class=\"wp-block-stackable-text stk-block-text stk-block stk-0fa6165\" data-block-id=\"0fa6165\"><style>.stk-0fa6165 .stk-block-text__text{font-family:\"Raleway\",Sans-serif !important}<\/style><p class=\"stk-block-text__text\"><span style=\"color: var(--paletteColor4, #000000);\" class=\"stk-highlight\">Historial m\u00e9dico: ces\u00e1reas previas, partos prematuros o con bajo peso, antecedentes gen\u00e9ticos familiares o antecedentes de aborto espont\u00e1neo. <\/span><\/p><\/div>\n\n\n\n<div class=\"wp-block-stackable-text stk-block-text stk-block stk-990cb31\" data-block-id=\"990cb31\"><style>.stk-990cb31 .stk-block-text__text{font-family:\"Raleway\",Sans-serif !important}<\/style><p class=\"stk-block-text__text\"><span style=\"color: var(--paletteColor4, #000000);\" class=\"stk-highlight\">Condiciones m\u00e9dicas: problemas de salud mental o condiciones cr\u00f3nicas como presi\u00f3n arterial alta, diabetes, epilepsia o anemia.         <\/span><\/p><\/div>\n\n\n\n<div class=\"wp-block-stackable-text stk-block-text stk-block stk-034fc48\" data-block-id=\"034fc48\"><style>.stk-034fc48 .stk-block-text__text{font-family:\"Raleway\",Sans-serif !important}<\/style><p class=\"stk-block-text__text\"><span style=\"color: var(--paletteColor4, #000000);\" class=\"stk-highlight\">Complicaciones del embarazo: demasiado o muy poco l\u00edquido amni\u00f3tico, sensibilizaci\u00f3n de la sangre al Rh, problemas con el cuello uterino, el \u00fatero o la placenta.         <\/span><\/p><\/div>\n\n\n\n<div class=\"wp-block-stackable-text stk-block-text stk-block stk-1b6cd86\" data-block-id=\"1b6cd86\"><style>.stk-1b6cd86 .stk-block-text__text{font-family:\"Raleway\",Sans-serif !important}<\/style><p class=\"stk-block-text__text\"><span style=\"color: var(--paletteColor4, #000000);\" class=\"stk-highlight\">Embarazos m\u00faltiples: dos o m\u00e1s fetos         <\/span><\/p><\/div>\n\n\n\n<div class=\"wp-block-stackable-text stk-block-text stk-block stk-caf405e\" data-block-id=\"caf405e\"><style>.stk-caf405e .stk-block-text__text{font-family:\"Raleway\",Sans-serif !important}<\/style><p class=\"stk-block-text__text\"><span style=\"color: var(--paletteColor4, #000000);\" class=\"stk-highlight\">Problemas de estilo de vida: consumo de cigarrillos, alcohol u otras drogas. <\/span><\/p><\/div>\n\n\n\n<div class=\"wp-block-stackable-text stk-block-text stk-block stk-3420873\" data-block-id=\"3420873\"><style>.stk-3420873 .stk-block-text__text{font-size:21px !important;font-family:\"Raleway\",Sans-serif !important}@media screen and (max-width:999px){.stk-3420873 .stk-block-text__text{font-size:21px !important}}<\/style><p class=\"stk-block-text__text\"><strong><span style=\"color: var(--paletteColor1, #165F8C);\" class=\"stk-highlight\">No estoy embarazada, pero lo estoy intentando. \u00bfHay cosas que puedo hacer ahora para reducir los riesgos? <\/span><\/strong><\/p><\/div>\n\n\n\n<div class=\"wp-block-stackable-text stk-block-text stk-block stk-c017f70\" data-block-id=\"c017f70\"><style>.stk-c017f70 .stk-block-text__text{font-family:\"Raleway\",Sans-serif !important}<\/style><p class=\"stk-block-text__text\"><span style=\"color: var(--paletteColor4, #000000);\" class=\"stk-highlight\">Si ya encaja en un perfil de alto riesgo o si desea hacer todo lo posible para promover un embarazo saludable, hay muchas cosas que puede hacer antes del embarazo para reducir los riesgos asociados. <\/span><\/p><\/div>\n\n\n\n<div class=\"wp-block-stackable-text stk-block-text stk-block stk-1239312\" data-block-id=\"1239312\"><style>.stk-1239312 .stk-block-text__text{font-family:\"Raleway\",Sans-serif !important}<\/style><p class=\"stk-block-text__text\"><span style=\"color: var(--paletteColor4, #000000);\" class=\"stk-highlight\">Concierte una cita con <strong>Integral GINE<\/strong> para hablar antes de la concepci\u00f3n. Un examen f\u00edsico previo a la concepci\u00f3n puede identificar cualquier problema m\u00e9dico o simplemente ayudarla a dise\u00f1ar estrategias para un embarazo desde sus primeras etapas. Puede analizar los factores que pueden facilitar el embarazo, como lograr un peso saludable o comenzar a tomar vitaminas prenatales con \u00e1cido f\u00f3lico y otras acciones preventivas. El m\u00e9dico le informar\u00e1 si el tratamiento de sus afecciones m\u00e9dicas existentes necesita alg\u00fan ajuste durante el embarazo. <\/span><\/p><\/div>\n\n\n\n<div class=\"wp-block-stackable-text stk-block-text stk-block stk-5515210\" data-block-id=\"5515210\"><style>.stk-5515210 .stk-block-text__text{font-size:21px !important;font-family:\"Raleway\",Sans-serif !important}@media screen and (max-width:999px){.stk-5515210 .stk-block-text__text{font-size:21px !important}}<\/style><p class=\"stk-block-text__text\"><strong><span style=\"color: var(--paletteColor1, #165F8C);\" class=\"stk-highlight\">Ya estoy embarazada. \u00bfC\u00f3mo puedo fomentar un embarazo m\u00e1s seguro? <\/span><\/strong><\/p><\/div>\n\n\n\n<div class=\"wp-block-stackable-text stk-block-text stk-block stk-565a112\" data-block-id=\"565a112\"><style>.stk-565a112 .stk-block-text__text{font-family:\"Raleway\",Sans-serif !important}<\/style><p class=\"stk-block-text__text\"><span style=\"color: var(--paletteColor4, #000000);\" class=\"stk-highlight\">Los controles prenatales peri\u00f3dicos son clave para controlar cualquier embarazo, pero son particularmente importantes si hay indicadores de alto riesgo. Si tiene un alto riesgo, su atenci\u00f3n prenatal puede incluir pruebas adicionales, como ecograf\u00edas dirigidas y amniocentesis, entre otras. Cuide su dieta, mant\u00e9ngala llena de nutrientes esenciales y sea sensata con el aumento de peso durante el embarazo. Mant\u00e9ngase alejado del tabaco, el alcohol y las drogas ilegales, y revise cualquier medicamento recetado o de venta libre con su proveedor de atenci\u00f3n obstetra y ginec\u00f3logo de <strong>Integral GINE<\/strong> antes de comenzar a tomarlo.<\/span><\/p><\/div>\n\n\n\n<div class=\"wp-block-stackable-columns alignfull stk-block-columns stk-block stk-1277b19 stk-block-background stk--has-background-overlay\" data-block-id=\"1277b19\"><style>.stk-1277b19{background-color:#ffffff !important;padding-top:0px !important;padding-right:0px !important;padding-bottom:0px !important;padding-left:0px !important;margin-bottom:0px !important}.stk-1277b19:before{background-image:linear-gradient(180deg,#ffffff 55%,var(--paletteColor4,#102136) 55%) !important}<\/style><div class=\"stk-row stk-inner-blocks stk-block-content stk-content-align stk-1277b19-column\">\n<div class=\"wp-block-stackable-column stk-block-column stk-column stk-block stk-421c103 stk-block-background stk--has-background-overlay\" data-v=\"4\" data-block-id=\"421c103\"><style>.stk-421c103-container{margin-top:0px !important;margin-right:0px !important;margin-bottom:0px !important;margin-left:0px !important}.stk-421c103{background-color:var(--paletteColor1,#165F8C) !important;background-image:url(http:\/\/integralginehn.com\/wp-content\/uploads\/2023\/09\/telechargement.webp) !important;border-radius:10px !important;overflow:hidden !important;padding-top:100px !important;padding-right:300px !important;padding-bottom:100px !important;padding-left:300px !important}.stk-421c103:before{background-color:var(--paletteColor1,#165F8C) !important;opacity:0.5 !important}@media screen and (max-width:999px){.stk-421c103{padding-top:80px !important;padding-right:150px !important;padding-bottom:80px !important;padding-left:150px !important}}@media screen and (max-width:689px){.stk-421c103{padding-top:60px !important;padding-right:50px !important;padding-bottom:60px !important;padding-left:50px !important}}<\/style><div class=\"stk-column-wrapper stk-block-column__content stk-container stk-421c103-container stk--no-background stk--no-padding\"><div class=\"has-text-align-center stk-block-content stk-inner-blocks stk-421c103-inner-blocks\">\n<div class=\"wp-block-stackable-heading stk-block-heading stk-block-heading--v2 stk-block stk-01439a9\" id=\"es-hora-de-revisarte\" data-block-id=\"01439a9\"><style>.stk-01439a9{margin-bottom:10px !important}.stk-01439a9 .stk-block-heading__text{color:var(--paletteColor8,#ffffff) !important;font-weight:800 !important}@media screen and (max-width:689px){.stk-01439a9 .stk-block-heading__text{font-size:25px !important}}<\/style><h2 class=\"stk-block-heading__text has-text-color stk-block-heading--use-theme-margins\">Es Hora de Revisarte!<\/h2><\/div>\n\n\n\n<p><strong>\u00abTe invitamos a descubrir Integral GINE, donde tu salud es nuestra prioridad. \u00a1Esperamos verte pronto para cuidar de ti!\u00bb<\/strong><\/p>\n\n\n\n<div class=\"wp-block-stackable-button-group stk-block-button-group stk-block stk-29bed1e\" data-block-id=\"29bed1e\"><div class=\"stk-row stk-inner-blocks stk-block-content stk-button-group\">\n<div class=\"wp-block-stackable-button stk-block-button stk-block stk-d2d4ac2\" data-block-id=\"d2d4ac2\"><style>.stk-d2d4ac2 .stk-button{padding-top:12px !important;padding-right:30px !important;padding-bottom:12px !important;padding-left:30px !important;background:var(--paletteColor1,#165F8C) !important}.stk-d2d4ac2 .stk-button__inner-text{font-family:\"Raleway\",Sans-serif !important}<\/style><a class=\"stk-link stk-button stk--hover-effect-darken\" href=\"https:\/\/integralginehn.com\/index.php\/contacto\/\"><span class=\"stk-button__inner-text\"><strong>Agenda una Cita<\/strong><\/span><\/a><\/div>\n<\/div><\/div>\n<\/div><\/div><\/div>\n<\/div><\/div>\n","protected":false},"excerpt":{"rendered":"<p>Preguntas y respuestas sobre embarazos de alto riesgo \u00bfQu\u00e9 factores establecen un embarazo como de alto riesgo? Los embarazos de alto riesgo pueden ser el resultado de una condici\u00f3n m\u00e9dica de la madre o del beb\u00e9. En otros casos, un embarazo se considera de alto riesgo en funci\u00f3n de factores maternos que pueden o no [&hellip;]<\/p>\n","protected":false},"author":1,"featured_media":0,"parent":0,"menu_order":0,"comment_status":"closed","ping_status":"closed","template":"","meta":{"footnotes":""},"blocksy_meta":"","_links":{"self":[{"href":"https:\/\/integralginehn.com\/index.php\/wp-json\/wp\/v2\/pages\/1042"}],"collection":[{"href":"https:\/\/integralginehn.com\/index.php\/wp-json\/wp\/v2\/pages"}],"about":[{"href":"https:\/\/integralginehn.com\/index.php\/wp-json\/wp\/v2\/types\/page"}],"author":[{"embeddable":true,"href":"https:\/\/integralginehn.com\/index.php\/wp-json\/wp\/v2\/users\/1"}],"replies":[{"embeddable":true,"href":"https:\/\/integralginehn.com\/index.php\/wp-json\/wp\/v2\/comments?post=1042"}],"version-history":[{"count":2,"href":"https:\/\/integralginehn.com\/index.php\/wp-json\/wp\/v2\/pages\/1042\/revisions"}],"predecessor-version":[{"id":1045,"href":"https:\/\/integralginehn.com\/index.php\/wp-json\/wp\/v2\/pages\/1042\/revisions\/1045"}],"wp:attachment":[{"href":"https:\/\/integralginehn.com\/index.php\/wp-json\/wp\/v2\/media?parent=1042"}],"curies":[{"name":"wp","href":"https:\/\/api.w.org\/{rel}","templated":true}]}}