{"id":1014,"date":"2023-10-07T15:08:57","date_gmt":"2023-10-07T21:08:57","guid":{"rendered":"https:\/\/integralginehn.com\/?page_id=1014"},"modified":"2023-10-07T15:09:52","modified_gmt":"2023-10-07T21:09:52","slug":"menopausia","status":"publish","type":"page","link":"https:\/\/integralginehn.com\/index.php\/menopausia\/","title":{"rendered":"Menopausia"},"content":{"rendered":"\n<div class=\"wp-block-stackable-text stk-block-text stk-block stk-b9d78a6\" data-block-id=\"b9d78a6\"><style>.stk-b9d78a6 .stk-block-text__text{font-size:30px !important;font-family:\"Raleway\",Sans-serif !important}@media screen and (max-width:999px){.stk-b9d78a6 .stk-block-text__text{font-size:30px !important}}<\/style><p class=\"stk-block-text__text has-text-align-center\"><strong><span style=\"color: var(--paletteColor1, #165F8C);\" class=\"stk-highlight\">Preguntas y respuestas sobre la menopausia <\/span><\/strong><\/p><\/div>\n\n\n\n<div class=\"wp-block-stackable-text stk-block-text stk-block stk-c15821a\" data-block-id=\"c15821a\"><style>.stk-c15821a .stk-block-text__text{font-size:21px !important;font-family:\"Raleway\",Sans-serif !important}@media screen and (max-width:999px){.stk-c15821a .stk-block-text__text{font-size:21px !important}}<\/style><p class=\"stk-block-text__text\"><strong><span style=\"color: var(--paletteColor1, #165F8C);\" class=\"stk-highlight\">\u00bfQu\u00e9 es la menopausia? <\/span><\/strong><\/p><\/div>\n\n\n\n<div class=\"wp-block-stackable-text stk-block-text stk-block stk-bc33911\" data-block-id=\"bc33911\"><style>.stk-bc33911 .stk-block-text__text{font-family:\"Raleway\",Sans-serif !important}<\/style><p class=\"stk-block-text__text\"><span style=\"color: var(--paletteColor4, #000000);\" class=\"stk-highlight\">12 meses despu\u00e9s del \u00faltimo per\u00edodo menstrual de una mujer marca el inicio de la menopausia. Es un proceso natural que marca el fin de la fertilidad, pero los cambios en los niveles hormonales producen s\u00edntomas molestos para muchas mujeres. Los s\u00edntomas pueden comenzar antes, durante la fase anterior llamada perimenopausia. No existe una forma predecible de identificar cu\u00e1ndo comenzar\u00e1 la perimenopausia o la menopausia porque var\u00eda mucho entre las mujeres. La perimenopausia puede comenzar a mediados de los 30 en algunas mujeres, pero por lo general ocurre alrededor de los 40 a\u00f1os. La menopausia suele comenzar entre los 45 y los 55 a\u00f1os, pero tambi\u00e9n puede ser antes o despu\u00e9s. <\/span><\/p><\/div>\n\n\n\n<div class=\"wp-block-stackable-text stk-block-text stk-block stk-968ac3e\" data-block-id=\"968ac3e\"><style>.stk-968ac3e .stk-block-text__text{font-size:21px !important;font-family:\"Raleway\",Sans-serif !important}@media screen and (max-width:999px){.stk-968ac3e .stk-block-text__text{font-size:21px !important}}<\/style><p class=\"stk-block-text__text\"><strong><span style=\"color: var(--paletteColor1, #165F8C);\" class=\"stk-highlight\">\u00bfCu\u00e1les son los s\u00edntomas comunes de la menopausia? <\/span><\/strong><\/p><\/div>\n\n\n\n<div class=\"wp-block-stackable-text stk-block-text stk-block stk-f58713e\" data-block-id=\"f58713e\"><style>.stk-f58713e .stk-block-text__text{font-family:\"Raleway\",Sans-serif !important}<\/style><p class=\"stk-block-text__text\"><span style=\"color: var(--paletteColor4, #000000);\" class=\"stk-highlight\">Los s\u00edntomas de la menopausia pueden comenzar durante la perimenopausia o durante la propia menopausia. Es posible que algunos s\u00edntomas nunca se desarrollen o que sean m\u00e1s o menos graves que los que experimentan otras mujeres. Los s\u00edntomas m\u00e1s comunes incluyen:        <\/span><\/p><\/div>\n\n\n\n<div class=\"wp-block-stackable-text stk-block-text stk-block stk-cfda173\" data-block-id=\"cfda173\"><style>.stk-cfda173 .stk-block-text__text{font-family:\"Raleway\",Sans-serif !important}<\/style><p class=\"stk-block-text__text\"><span style=\"color: var(--paletteColor4, #000000);\" class=\"stk-highlight\"> Sofocos y sudores nocturnos         <\/span><\/p><\/div>\n\n\n\n<div class=\"wp-block-stackable-text stk-block-text stk-block stk-53a6cb6\" data-block-id=\"53a6cb6\"><style>.stk-53a6cb6 .stk-block-text__text{font-family:\"Raleway\",Sans-serif !important}<\/style><p class=\"stk-block-text__text\"><span style=\"color: var(--paletteColor4, #000000);\" class=\"stk-highlight\">Problemas para dormir         <\/span><\/p><\/div>\n\n\n\n<div class=\"wp-block-stackable-text stk-block-text stk-block stk-1b46e77\" data-block-id=\"1b46e77\"><style>.stk-1b46e77 .stk-block-text__text{font-family:\"Raleway\",Sans-serif !important}<\/style><p class=\"stk-block-text__text\"><span style=\"color: var(--paletteColor4, #000000);\" class=\"stk-highlight\">Cambios de humor         <\/span><\/p><\/div>\n\n\n\n<div class=\"wp-block-stackable-text stk-block-text stk-block stk-f8fae32\" data-block-id=\"f8fae32\"><style>.stk-f8fae32 .stk-block-text__text{font-family:\"Raleway\",Sans-serif !important}<\/style><p class=\"stk-block-text__text\"><span style=\"color: var(--paletteColor4, #000000);\" class=\"stk-highlight\">P\u00e9rdida de plenitud en los senos.         <\/span><\/p><\/div>\n\n\n\n<div class=\"wp-block-stackable-text stk-block-text stk-block stk-b331a8b\" data-block-id=\"b331a8b\"><style>.stk-b331a8b .stk-block-text__text{font-family:\"Raleway\",Sans-serif !important}<\/style><p class=\"stk-block-text__text\"><span style=\"color: var(--paletteColor4, #000000);\" class=\"stk-highlight\">Resequedad vaginal         <\/span><\/p><\/div>\n\n\n\n<div class=\"wp-block-stackable-text stk-block-text stk-block stk-9e914e5\" data-block-id=\"9e914e5\"><style>.stk-9e914e5 .stk-block-text__text{font-family:\"Raleway\",Sans-serif !important}<\/style><p class=\"stk-block-text__text\"><span style=\"color: var(--paletteColor4, #000000);\" class=\"stk-highlight\">Ca\u00edda del cabello y piel seca         <\/span><\/p><\/div>\n\n\n\n<div class=\"wp-block-stackable-text stk-block-text stk-block stk-e1cb60e\" data-block-id=\"e1cb60e\"><style>.stk-e1cb60e .stk-block-text__text{font-family:\"Raleway\",Sans-serif !important}<\/style><p class=\"stk-block-text__text\"><span style=\"color: var(--paletteColor4, #000000);\" class=\"stk-highlight\">Metabolismo lento y aumento de peso. <\/span><\/p><\/div>\n\n\n\n<div class=\"wp-block-stackable-text stk-block-text stk-block stk-56dab46\" data-block-id=\"56dab46\"><style>.stk-56dab46 .stk-block-text__text{font-family:\"Raleway\",Sans-serif !important}<\/style><p class=\"stk-block-text__text\"><span style=\"color: var(--paletteColor4, #000000);\" class=\"stk-highlight\">El embarazo sigue siendo posible durante la etapa de perimenopausia, durante la cual los per\u00edodos irregulares son comunes. Si es sexualmente activa y no est\u00e1 segura de si est\u00e1 en plena menopausia o no, es posible que desee utilizar m\u00e9todos anticonceptivos y estar atento a los signos de embarazo. <\/span><\/p><\/div>\n\n\n\n<div class=\"wp-block-stackable-text stk-block-text stk-block stk-570b4a8\" data-block-id=\"570b4a8\"><style>.stk-570b4a8 .stk-block-text__text{font-size:21px !important;font-family:\"Raleway\",Sans-serif !important}@media screen and (max-width:999px){.stk-570b4a8 .stk-block-text__text{font-size:21px !important}}<\/style><p class=\"stk-block-text__text\"><span style=\"color: var(--paletteColor1, #165F8C);\" class=\"stk-highlight\"><strong>\u00bfC\u00f3mo se trata la menopausia? <\/strong><\/span><\/p><\/div>\n\n\n\n<div class=\"wp-block-stackable-text stk-block-text stk-block stk-225243c\" data-block-id=\"225243c\"><style>.stk-225243c .stk-block-text__text{font-family:\"Raleway\",Sans-serif !important}<\/style><p class=\"stk-block-text__text\"><span style=\"color: var(--paletteColor4, #000000);\" class=\"stk-highlight\">El tratamiento m\u00e1s eficaz para los sofocos asociados con la menopausia es la terapia con estr\u00f3genos. La terapia con estr\u00f3genos tambi\u00e9n evita la p\u00e9rdida de calcio de los huesos, lo que puede ayudar a prevenir la osteoporosis. Existen algunas preocupaciones sobre los riesgos para la salud asociados con la terapia hormonal, pero generalmente son peque\u00f1as. <strong>Integral GINE<\/strong> tambi\u00e9n recomienda el uso de terapia de reemplazo de hormonas bioid\u00e9nticas para reducir a\u00fan m\u00e1s los riesgos. El estr\u00f3geno vaginal, en forma de crema, tableta o anillo, puede combatir los s\u00edntomas de sequedad vaginal, molestias durante las relaciones sexuales y algunos s\u00edntomas urinarios asociados con la menopausia. Algunos antidepresivos en dosis bajas pueden ser eficaces para reducir los sofocos de la menopausia. Si desea medicamentos para ayudar a aliviar los s\u00edntomas de la menopausia, su m\u00e9dico analizar\u00e1 las opciones de tratamiento y la ayudar\u00e1 a decidir cu\u00e1l es la mejor opci\u00f3n para usted.<\/span><\/p><\/div>\n\n\n\n<div class=\"wp-block-stackable-columns alignfull stk-block-columns stk-block stk-1277b19 stk-block-background stk--has-background-overlay\" data-block-id=\"1277b19\"><style>.stk-1277b19{background-color:#ffffff !important;padding-top:0px !important;padding-right:0px !important;padding-bottom:0px !important;padding-left:0px !important;margin-bottom:0px !important}.stk-1277b19:before{background-image:linear-gradient(180deg,#ffffff 55%,var(--paletteColor4,#102136) 55%) !important}<\/style><div class=\"stk-row stk-inner-blocks stk-block-content stk-content-align stk-1277b19-column\">\n<div class=\"wp-block-stackable-column stk-block-column stk-column stk-block stk-421c103 stk-block-background stk--has-background-overlay\" data-v=\"4\" data-block-id=\"421c103\"><style>.stk-421c103-container{margin-top:0px !important;margin-right:0px !important;margin-bottom:0px !important;margin-left:0px !important}.stk-421c103{background-color:var(--paletteColor1,#165F8C) !important;background-image:url(http:\/\/integralginehn.com\/wp-content\/uploads\/2023\/09\/telechargement.webp) !important;border-radius:10px !important;overflow:hidden !important;padding-top:100px !important;padding-right:300px !important;padding-bottom:100px !important;padding-left:300px !important}.stk-421c103:before{background-color:var(--paletteColor1,#165F8C) !important;opacity:0.5 !important}@media screen and (max-width:999px){.stk-421c103{padding-top:80px !important;padding-right:150px !important;padding-bottom:80px !important;padding-left:150px !important}}@media screen and (max-width:689px){.stk-421c103{padding-top:60px !important;padding-right:50px !important;padding-bottom:60px !important;padding-left:50px !important}}<\/style><div class=\"stk-column-wrapper stk-block-column__content stk-container stk-421c103-container stk--no-background stk--no-padding\"><div class=\"has-text-align-center stk-block-content stk-inner-blocks stk-421c103-inner-blocks\">\n<div class=\"wp-block-stackable-heading stk-block-heading stk-block-heading--v2 stk-block stk-01439a9\" id=\"es-hora-de-revisarte\" data-block-id=\"01439a9\"><style>.stk-01439a9{margin-bottom:10px !important}.stk-01439a9 .stk-block-heading__text{color:var(--paletteColor8,#ffffff) !important;font-weight:800 !important}@media screen and (max-width:689px){.stk-01439a9 .stk-block-heading__text{font-size:25px !important}}<\/style><h2 class=\"stk-block-heading__text has-text-color stk-block-heading--use-theme-margins\">Es Hora de Revisarte!<\/h2><\/div>\n\n\n\n<p><strong>\u00abTe invitamos a descubrir Integral GINE, donde tu salud es nuestra prioridad. \u00a1Esperamos verte pronto para cuidar de ti!\u00bb<\/strong><\/p>\n\n\n\n<div class=\"wp-block-stackable-button-group stk-block-button-group stk-block stk-29bed1e\" data-block-id=\"29bed1e\"><div class=\"stk-row stk-inner-blocks stk-block-content stk-button-group\">\n<div class=\"wp-block-stackable-button stk-block-button stk-block stk-d2d4ac2\" data-block-id=\"d2d4ac2\"><style>.stk-d2d4ac2 .stk-button{padding-top:12px !important;padding-right:30px !important;padding-bottom:12px !important;padding-left:30px !important;background:var(--paletteColor1,#165F8C) !important}.stk-d2d4ac2 .stk-button__inner-text{font-family:\"Raleway\",Sans-serif !important}<\/style><a class=\"stk-link stk-button stk--hover-effect-darken\" href=\"https:\/\/integralginehn.com\/index.php\/contacto\/\"><span class=\"stk-button__inner-text\"><strong>Agenda una Cita<\/strong><\/span><\/a><\/div>\n<\/div><\/div>\n<\/div><\/div><\/div>\n<\/div><\/div>\n","protected":false},"excerpt":{"rendered":"<p>Preguntas y respuestas sobre la menopausia \u00bfQu\u00e9 es la menopausia? 12 meses despu\u00e9s del \u00faltimo per\u00edodo menstrual de una mujer marca el inicio de la menopausia. Es un proceso natural que marca el fin de la fertilidad, pero los cambios en los niveles hormonales producen s\u00edntomas molestos para muchas mujeres. Los s\u00edntomas pueden comenzar antes, [&hellip;]<\/p>\n","protected":false},"author":1,"featured_media":0,"parent":0,"menu_order":0,"comment_status":"closed","ping_status":"closed","template":"","meta":{"footnotes":""},"blocksy_meta":"","_links":{"self":[{"href":"https:\/\/integralginehn.com\/index.php\/wp-json\/wp\/v2\/pages\/1014"}],"collection":[{"href":"https:\/\/integralginehn.com\/index.php\/wp-json\/wp\/v2\/pages"}],"about":[{"href":"https:\/\/integralginehn.com\/index.php\/wp-json\/wp\/v2\/types\/page"}],"author":[{"embeddable":true,"href":"https:\/\/integralginehn.com\/index.php\/wp-json\/wp\/v2\/users\/1"}],"replies":[{"embeddable":true,"href":"https:\/\/integralginehn.com\/index.php\/wp-json\/wp\/v2\/comments?post=1014"}],"version-history":[{"count":2,"href":"https:\/\/integralginehn.com\/index.php\/wp-json\/wp\/v2\/pages\/1014\/revisions"}],"predecessor-version":[{"id":1016,"href":"https:\/\/integralginehn.com\/index.php\/wp-json\/wp\/v2\/pages\/1014\/revisions\/1016"}],"wp:attachment":[{"href":"https:\/\/integralginehn.com\/index.php\/wp-json\/wp\/v2\/media?parent=1014"}],"curies":[{"name":"wp","href":"https:\/\/api.w.org\/{rel}","templated":true}]}}